{"id":954,"date":"2015-11-13T10:44:13","date_gmt":"2015-11-13T10:44:13","guid":{"rendered":"http:\/\/test.skandek.dk\/?page_id=954"},"modified":"2015-12-01T07:53:22","modified_gmt":"2015-12-01T07:53:22","slug":"horten","status":"publish","type":"page","link":"https:\/\/skandek.dk\/en\/referencer\/horten\/","title":{"rendered":"Horten"},"content":{"rendered":"<p>[vc_row][vc_column width=&#8221;2\/3&#8243;][vc_column_text]<\/p>\n<div class=\"csc-textpicHeader csc-textpicHeader-25\">\n<div class=\"csc-textpicHeader csc-textpicHeader-25\">\n<h1 class=\"csc-firstHeader\">Horten<\/h1>\n<\/div>\n<p class=\"indent\"><b>Projektnavn<\/b>: Horten<\/p>\n<p class=\"indent\"><b>Bygherre:<\/b> Carlsberg Ejendomme<br \/>\n<b>Arkitekt:<\/b> 3XN A\/S<br \/>\n<b>Ingeni\u00f8r:<\/b> Ramb\u00f8ll A\/S<br \/>\n<b>Entrepren\u00f8r<\/b>: Pihl &amp; S\u00f8n A\/S<br \/>\n<b>Udf\u00f8rt:<\/b> 2009<\/p>\n<p class=\"indent\"><b>Projektets st\u00f8rrelse<\/b>: Tag: 1100 m<sup>2<\/sup> og Tagterrasse: 415 m<sup>2<\/sup><\/p>\n<p class=\"indent\"><b>Projektbeskrivelse<\/b>:<\/p>\n<div>\n<p class=\"indent\">Det nye domicil til advokatfirmaet Horten i Tuborg Syd ved Hellerup Havn, er i seks etager med atrium mod havnebassinet og med indvendige forskudte etager, der muligg\u00f8r kig til de \u00f8vrige etager fra husets f\u00e6llesarealer.<\/p>\n<p class=\"indent\">Bygningen har en karakteristisk facetteret facade, der er bekl\u00e6dt med travertin og glas, som er orienteret strategisk for at styre udblik og afsk\u00e6rme for solindfald.<\/p>\n<p class=\"indent\">Domicilet har vundet JEC Paris 2009 Innovation Award for nyudvikling og nyanvendelse af kompositmaterialer til byggeindustrien.<\/p>\n<p class=\"indent\">Geometrisk en sv\u00e6r sag grundet de forskelligt vinklede tagflader. Grundl\u00e6ggende er huset en s\u00f8jle-\/pladekonstruktion, hvor et antal betons\u00f8jler hjulpet af stabiliserende kerner b\u00e6rer d\u00e6kkene. Det \u00f8verste st\u00e5ld\u00e6k er leveret af CSK, og det store konferencelokale er en st\u00e5lkonstruktion, som er oph\u00e6ngt i tagkonstruktionen.<\/p>\n<p class=\"indent\"><b>Projektdetalje:<\/b><\/p>\n<p class=\"indent\">Det kan lade sig g\u00f8re, fordi der er anvendt SkanDek st\u00e5ltagelementer. Ved at anvende SkanDek i stedet for almindelige betonhuld\u00e6k opn\u00e5ede entrepren\u00f8ren at f\u00e5 lukket bygningen hurtigt og kunne samtidig bruge SkanDek elementerne som byggeplads i forbindelse med, at de lavede den \u00f8verste etage af bygningen f\u00e6rdig.<\/p>\n<p class=\"indent\">Alle Skandek elementerne blev leveret med en mineraluldsplade og en trapezplade p\u00e5 undersiden for at kunne opfylde BS 60-brandkrav, samt for at kunne lave ekstra gode l\u00f8sninger med hensyn til lydadskillelse ved skillev\u00e6gge. Alle elementer er indbygget s\u00e5ledes, at de er stabiliserende for hele bygningen. Yderligere er det en stor fordel, at hele tagkonstruktionen er opbygget af 100 % uorganiske materialer.<\/p>\n<\/div>\n<p class=\"bodytext\"><b>Opbygning:<\/b><\/p>\n<p class=\"bodytext\"><b>Tag:<\/b> Tagpap, 30 mm trykfast isolering, 18 mm trapezplade, 300 Bj\u00e6lker, 300 mm isolering, alufolie, 18 mm trapezplade, 20 mm trykfast isolering opsat med patentb\u00e5nd.<\/p>\n<p class=\"bodytext\"><b>Tagterrasse:<\/b> Tagpap, 18 mm trapezplade, 350 bj\u00e6lker, 350 mm isolering, alufolie, 20 mm trykfast isolering, 18 mm trapezplade.<\/p>\n<\/div>\n<p>[\/vc_column_text][\/vc_column][vc_column width=&#8221;1\/3&#8243;][vc_single_image image=&#8221;789&#8243; img_size=&#8221;full&#8221; onclick=&#8221;link_image&#8221; css_animation=&#8221;top-to-bottom&#8221;][vc_single_image image=&#8221;956&#8243; img_size=&#8221;full&#8221; onclick=&#8221;link_image&#8221; css_animation=&#8221;top-to-bottom&#8221;][vc_single_image image=&#8221;957&#8243; img_size=&#8221;full&#8221; onclick=&#8221;link_image&#8221; css_animation=&#8221;top-to-bottom&#8221;][\/vc_column][\/vc_row]<\/p>\n","protected":false},"excerpt":{"rendered":"<p>[vc_row][vc_column width=&#8221;2\/3&#8243;][vc_column_text] Horten Projektnavn: Horten Bygherre: Carlsberg Ejendomme Arkitekt: 3XN A\/S Ingeni\u00f8r: Ramb\u00f8ll A\/S Entrepren\u00f8r: Pihl &amp; S\u00f8n A\/S Udf\u00f8rt: 2009 Projektets st\u00f8rrelse: Tag: 1100 m2 og Tagterrasse: 415 m2 Projektbeskrivelse: Det nye domicil til advokatfirmaet Horten i Tuborg Syd ved Hellerup Havn, er i seks etager med atrium mod havnebassinet og med indvendige forskudte &#8230; <a title=\"Horten\" class=\"read-more\" href=\"https:\/\/skandek.dk\/en\/referencer\/horten\/\">Read more<span class=\"screen-reader-text\">Horten<\/span><\/a><\/p>\n","protected":false},"author":4,"featured_media":0,"parent":29,"menu_order":0,"comment_status":"closed","ping_status":"closed","template":"","meta":[],"_links":{"self":[{"href":"https:\/\/skandek.dk\/en\/wp-json\/wp\/v2\/pages\/954"}],"collection":[{"href":"https:\/\/skandek.dk\/en\/wp-json\/wp\/v2\/pages"}],"about":[{"href":"https:\/\/skandek.dk\/en\/wp-json\/wp\/v2\/types\/page"}],"author":[{"embeddable":true,"href":"https:\/\/skandek.dk\/en\/wp-json\/wp\/v2\/users\/4"}],"replies":[{"embeddable":true,"href":"https:\/\/skandek.dk\/en\/wp-json\/wp\/v2\/comments?post=954"}],"version-history":[{"count":2,"href":"https:\/\/skandek.dk\/en\/wp-json\/wp\/v2\/pages\/954\/revisions"}],"predecessor-version":[{"id":1224,"href":"https:\/\/skandek.dk\/en\/wp-json\/wp\/v2\/pages\/954\/revisions\/1224"}],"up":[{"embeddable":true,"href":"https:\/\/skandek.dk\/en\/wp-json\/wp\/v2\/pages\/29"}],"wp:attachment":[{"href":"https:\/\/skandek.dk\/en\/wp-json\/wp\/v2\/media?parent=954"}],"curies":[{"name":"wp","href":"https:\/\/api.w.org\/{rel}","templated":true}]}}