{"id":949,"date":"2015-11-13T10:01:10","date_gmt":"2015-11-13T10:01:10","guid":{"rendered":"http:\/\/test.skandek.dk\/?page_id=949"},"modified":"2015-12-01T07:51:40","modified_gmt":"2015-12-01T07:51:40","slug":"bella-sky","status":"publish","type":"page","link":"https:\/\/skandek.dk\/en\/referencer\/bella-sky\/","title":{"rendered":"Bella Sky"},"content":{"rendered":"<p>[vc_row][vc_column width=&#8221;2\/3&#8243;][vc_column_text]<\/p>\n<div class=\"csc-textpicHeader csc-textpicHeader-25\">\n<div class=\"csc-textpicHeader csc-textpicHeader-25\">\n<h1 class=\"csc-firstHeader\">Bella Sky<\/h1>\n<\/div>\n<div class=\"indent\">\n<p class=\"bodytext\"><b>Projektbeskrivelse<\/b>:<br \/>\nN\u00e5r Bella Sky \u00e5bner i for\u00e5ret 2011 vil det v\u00e6re nordens st\u00f8rste hotel med hele 814 v\u00e6relser i det 44.000 m2 store hotelbyggeri med de to sk\u00e6ve t\u00e5rne, som l\u00e6ner let ind mod hinanden. Arkitekterne bag hotellet 3XN beskriver de to t\u00e5rne som et dansende par midt i en kinddans. De to t\u00e5rne h\u00e6lder til hver sin side for at sikre at alle hotellets g\u00e6ster kan nyde godt af udsigten ud over Amagerf\u00e6lled og K\u00f8benhavns skyline. Da hensynet til flyvesikkerhed s\u00e5 t\u00e6t p\u00e5 lufthavnen kr\u00e6ver en maksimumh\u00f8jde p\u00e5 75 meter var \u00c3\u00a9t h\u00f8jt t\u00e5rn ikke en mulighed. Udover de 814 v\u00e6relser rummer Bella Sky 30 konferencerum, 3 restauranter, en sky bar samt Spa og wellness center.<\/p>\n<p class=\"bodytext\">Projektdetalje:<br \/>\nSkanDek har leveret tag elementer til fladt tag med efterf\u00f8lgende kileopbygning. Elementerne er leveret som BS60 til montering af nedh\u00e6ngt loft.<\/p>\n<\/div>\n<\/div>\n<p>[\/vc_column_text][\/vc_column][vc_column width=&#8221;1\/3&#8243;][vc_single_image image=&#8221;787&#8243; img_size=&#8221;full&#8221; onclick=&#8221;link_image&#8221; css_animation=&#8221;top-to-bottom&#8221;][vc_single_image image=&#8221;950&#8243; img_size=&#8221;full&#8221; onclick=&#8221;link_image&#8221; css_animation=&#8221;top-to-bottom&#8221;][vc_single_image image=&#8221;951&#8243; img_size=&#8221;full&#8221; onclick=&#8221;link_image&#8221; css_animation=&#8221;top-to-bottom&#8221;][vc_single_image image=&#8221;952&#8243; img_size=&#8221;full&#8221; onclick=&#8221;link_image&#8221; css_animation=&#8221;top-to-bottom&#8221;][\/vc_column][\/vc_row]<\/p>\n","protected":false},"excerpt":{"rendered":"<p>[vc_row][vc_column width=&#8221;2\/3&#8243;][vc_column_text] Bella Sky Projektbeskrivelse: N\u00e5r Bella Sky \u00e5bner i for\u00e5ret 2011 vil det v\u00e6re nordens st\u00f8rste hotel med hele 814 v\u00e6relser i det 44.000 m2 store hotelbyggeri med de to sk\u00e6ve t\u00e5rne, som l\u00e6ner let ind mod hinanden. Arkitekterne bag hotellet 3XN beskriver de to t\u00e5rne som et dansende par midt i en kinddans. &#8230; <a title=\"Bella Sky\" class=\"read-more\" href=\"https:\/\/skandek.dk\/en\/referencer\/bella-sky\/\">Read more<span class=\"screen-reader-text\">Bella Sky<\/span><\/a><\/p>\n","protected":false},"author":4,"featured_media":0,"parent":29,"menu_order":0,"comment_status":"closed","ping_status":"closed","template":"","meta":[],"_links":{"self":[{"href":"https:\/\/skandek.dk\/en\/wp-json\/wp\/v2\/pages\/949"}],"collection":[{"href":"https:\/\/skandek.dk\/en\/wp-json\/wp\/v2\/pages"}],"about":[{"href":"https:\/\/skandek.dk\/en\/wp-json\/wp\/v2\/types\/page"}],"author":[{"embeddable":true,"href":"https:\/\/skandek.dk\/en\/wp-json\/wp\/v2\/users\/4"}],"replies":[{"embeddable":true,"href":"https:\/\/skandek.dk\/en\/wp-json\/wp\/v2\/comments?post=949"}],"version-history":[{"count":2,"href":"https:\/\/skandek.dk\/en\/wp-json\/wp\/v2\/pages\/949\/revisions"}],"predecessor-version":[{"id":1222,"href":"https:\/\/skandek.dk\/en\/wp-json\/wp\/v2\/pages\/949\/revisions\/1222"}],"up":[{"embeddable":true,"href":"https:\/\/skandek.dk\/en\/wp-json\/wp\/v2\/pages\/29"}],"wp:attachment":[{"href":"https:\/\/skandek.dk\/en\/wp-json\/wp\/v2\/media?parent=949"}],"curies":[{"name":"wp","href":"https:\/\/api.w.org\/{rel}","templated":true}]}}