{"id":940,"date":"2015-11-13T09:52:59","date_gmt":"2015-11-13T09:52:59","guid":{"rendered":"http:\/\/test.skandek.dk\/?page_id=940"},"modified":"2015-12-01T07:50:06","modified_gmt":"2015-12-01T07:50:06","slug":"nnit","status":"publish","type":"page","link":"https:\/\/skandek.dk\/en\/referencer\/nnit\/","title":{"rendered":"NNIT"},"content":{"rendered":"<p>[vc_row][vc_column width=&#8221;2\/3&#8243;][vc_column_text]<\/p>\n<div class=\"csc-textpicHeader csc-textpicHeader-25\">\n<div class=\"csc-textpicHeader csc-textpicHeader-25\">\n<h1 class=\"csc-firstHeader\">NNIT<\/h1>\n<\/div>\n<div class=\"indent\">\n<p class=\"bodytext\"><b>Projektbeskrivelse<\/b>:<\/p>\n<p>NNIT&#8217;s nye domicil er en del af en nyopf\u00f8rt kontorejendom p\u00e5 ca. 35.000 m<sup>2<\/sup> i Gladsaxe. Projektet er udviklet af NCC Property Development A\/S og opf\u00f8res af NCC Construction Danmark A\/S. Husets Design og id\u00c3\u00a9 er blevet til i t\u00e6t samarbejde mellem NCC, NNIT og DesignGroup Architects. Byggeriet er opf\u00f8rt som en GreenBuilding, dvs. med et energiforbrug, der er mindst 25 % mindre end byggelovgivningens energirammer forlanger.<\/p>\n<p class=\"bodytext\"><b>Projektdetalje<\/b><\/p>\n<p class=\"bodytext\"><span lang=\"DA\"><span lang=\"DA\"><span lang=\"DA\"><span lang=\"DA\"><span lang=\"DA\"><span lang=\"DA\">Tagene p\u00e5 fl\u00f8jene prydes af metalfarvede taghuse med afrundede ender, der huser ventilationsanl\u00e6ggene. Taghusene er opbygget i 120 og 150 mm sandwichpaneler fra Kingspan Danmark A\/S.<\/span><\/span><\/span><\/span><\/span><\/span><\/p>\n<p class=\"bodytext\">SkanDek har leveret tagelementer til ventilations-husene og SkanDek elementerne f\u00f8lger den afrundede form.<\/p>\n<\/div>\n<\/div>\n<p>[\/vc_column_text][\/vc_column][vc_column width=&#8221;1\/3&#8243;][vc_single_image image=&#8221;781&#8243; img_size=&#8221;full&#8221; onclick=&#8221;link_image&#8221; css_animation=&#8221;top-to-bottom&#8221;][\/vc_column][\/vc_row]<\/p>\n","protected":false},"excerpt":{"rendered":"<p>[vc_row][vc_column width=&#8221;2\/3&#8243;][vc_column_text] NNIT Projektbeskrivelse: NNIT&#8217;s nye domicil er en del af en nyopf\u00f8rt kontorejendom p\u00e5 ca. 35.000 m2 i Gladsaxe. Projektet er udviklet af NCC Property Development A\/S og opf\u00f8res af NCC Construction Danmark A\/S. Husets Design og id\u00c3\u00a9 er blevet til i t\u00e6t samarbejde mellem NCC, NNIT og DesignGroup Architects. Byggeriet er opf\u00f8rt som &#8230; <a title=\"NNIT\" class=\"read-more\" href=\"https:\/\/skandek.dk\/en\/referencer\/nnit\/\">Read more<span class=\"screen-reader-text\">NNIT<\/span><\/a><\/p>\n","protected":false},"author":4,"featured_media":0,"parent":29,"menu_order":0,"comment_status":"closed","ping_status":"closed","template":"","meta":[],"_links":{"self":[{"href":"https:\/\/skandek.dk\/en\/wp-json\/wp\/v2\/pages\/940"}],"collection":[{"href":"https:\/\/skandek.dk\/en\/wp-json\/wp\/v2\/pages"}],"about":[{"href":"https:\/\/skandek.dk\/en\/wp-json\/wp\/v2\/types\/page"}],"author":[{"embeddable":true,"href":"https:\/\/skandek.dk\/en\/wp-json\/wp\/v2\/users\/4"}],"replies":[{"embeddable":true,"href":"https:\/\/skandek.dk\/en\/wp-json\/wp\/v2\/comments?post=940"}],"version-history":[{"count":3,"href":"https:\/\/skandek.dk\/en\/wp-json\/wp\/v2\/pages\/940\/revisions"}],"predecessor-version":[{"id":1220,"href":"https:\/\/skandek.dk\/en\/wp-json\/wp\/v2\/pages\/940\/revisions\/1220"}],"up":[{"embeddable":true,"href":"https:\/\/skandek.dk\/en\/wp-json\/wp\/v2\/pages\/29"}],"wp:attachment":[{"href":"https:\/\/skandek.dk\/en\/wp-json\/wp\/v2\/media?parent=940"}],"curies":[{"name":"wp","href":"https:\/\/api.w.org\/{rel}","templated":true}]}}