{"id":927,"date":"2015-11-13T09:30:53","date_gmt":"2015-11-13T09:30:53","guid":{"rendered":"http:\/\/test.skandek.dk\/?page_id=927"},"modified":"2015-12-01T07:58:50","modified_gmt":"2015-12-01T07:58:50","slug":"maabjerg-bioenergy","status":"publish","type":"page","link":"https:\/\/skandek.dk\/en\/referencer\/maabjerg-bioenergy\/","title":{"rendered":"Maabjerg Bioenergy"},"content":{"rendered":"<p>[vc_row][vc_column width=&#8221;2\/3&#8243;][vc_column_text]<\/p>\n<div class=\"csc-textpicHeader csc-textpicHeader-25\">\n<div class=\"csc-textpicHeader csc-textpicHeader-25\">\n<h1 class=\"csc-firstHeader\">Maabjerg Bioenergy<\/h1>\n<\/div>\n<p class=\"bodytext\"><b>Projekt navn:<\/b> Maabjerg Bioenergy<br \/>\n<b>Projektets st\u00f8rrelse<\/b> Ca. 616 m<sup>2<\/sup><\/p>\n<p class=\"bodytext\"><b>Projektbeskrivelse:<\/b><\/p>\n<p class=\"bodytext\">I Maabjerg mellem Holstebro og Struer opf\u00f8rer Maabjerg BioEnergy et produktionsanl\u00e6g, der skal blive verdens st\u00f8rste bioenergianl\u00e6g. Bygningen er udformet som et samlet volumen, der sk\u00e6rmer tanke og udend\u00f8rs anl\u00e6gsdele af mod ankomstsiden og vejen.<br \/>\nBygningen har en markant kileform, med en stigende rumh\u00f8jde, der giver plads til kontor og personale-faciliteter i den lave ende samt fiberlager og modtage-hal i den h\u00f8je ende. Adgangen til bygningen foreg\u00e5r i den laveste ende. I modtagehallen er der behov for<\/p>\n<p class=\"bodytext\">ekstra lofth\u00f8jde, hvilket opn\u00e5s gennem en ellipse-formet overbygning med glasbekl\u00e6dning. Den kile-formede bygning bekl\u00e6des med metalplader i samme farve p\u00e5 tag og facader, s\u00e5ledes tag og facader virker som en kappe, der er h\u00e6ngt ud over bygningen.<\/p>\n<p class=\"bodytext\"><b>Projektdetalje:<\/b><\/p>\n<p class=\"bodytext\">SkanDek har leveret tagelementer til den kileformede bygning. Elementerne er bekl\u00e6dt med en underpap, s\u00e5ledes at de er klar til den metalbekl\u00e6dning, som s\u00e6kker b\u00e5de tag og facade.<\/p>\n<p class=\"bodytext\"><b>Bygherre:<\/b> Maabjerg BioEnergy Drift A\/S<br \/>\n<b>Arkitekt:<\/b> A2 Arkitekterne A\/S<br \/>\n<b>Ingeni\u00f8r:<\/b> Midtconsult A\/S R\u00e5dgivende Ingeni\u00f8rer<br \/>\n<b>Opf\u00f8rt:<\/b> 2011<\/p>\n<\/div>\n<p>[\/vc_column_text][\/vc_column][vc_column width=&#8221;1\/3&#8243;][vc_single_image image=&#8221;801&#8243; img_size=&#8221;full&#8221; onclick=&#8221;link_image&#8221; css_animation=&#8221;top-to-bottom&#8221;][vc_single_image image=&#8221;928&#8243; img_size=&#8221;full&#8221; onclick=&#8221;link_image&#8221; css_animation=&#8221;top-to-bottom&#8221;][\/vc_column][\/vc_row]<\/p>\n","protected":false},"excerpt":{"rendered":"<p>[vc_row][vc_column width=&#8221;2\/3&#8243;][vc_column_text] Maabjerg Bioenergy Projekt navn: Maabjerg Bioenergy Projektets st\u00f8rrelse Ca. 616 m2 Projektbeskrivelse: I Maabjerg mellem Holstebro og Struer opf\u00f8rer Maabjerg BioEnergy et produktionsanl\u00e6g, der skal blive verdens st\u00f8rste bioenergianl\u00e6g. Bygningen er udformet som et samlet volumen, der sk\u00e6rmer tanke og udend\u00f8rs anl\u00e6gsdele af mod ankomstsiden og vejen. Bygningen har en markant kileform, med &#8230; <a title=\"Maabjerg Bioenergy\" class=\"read-more\" href=\"https:\/\/skandek.dk\/en\/referencer\/maabjerg-bioenergy\/\">Read more<span class=\"screen-reader-text\">Maabjerg Bioenergy<\/span><\/a><\/p>\n","protected":false},"author":4,"featured_media":0,"parent":29,"menu_order":0,"comment_status":"closed","ping_status":"closed","template":"","meta":[],"_links":{"self":[{"href":"https:\/\/skandek.dk\/en\/wp-json\/wp\/v2\/pages\/927"}],"collection":[{"href":"https:\/\/skandek.dk\/en\/wp-json\/wp\/v2\/pages"}],"about":[{"href":"https:\/\/skandek.dk\/en\/wp-json\/wp\/v2\/types\/page"}],"author":[{"embeddable":true,"href":"https:\/\/skandek.dk\/en\/wp-json\/wp\/v2\/users\/4"}],"replies":[{"embeddable":true,"href":"https:\/\/skandek.dk\/en\/wp-json\/wp\/v2\/comments?post=927"}],"version-history":[{"count":3,"href":"https:\/\/skandek.dk\/en\/wp-json\/wp\/v2\/pages\/927\/revisions"}],"predecessor-version":[{"id":1230,"href":"https:\/\/skandek.dk\/en\/wp-json\/wp\/v2\/pages\/927\/revisions\/1230"}],"up":[{"embeddable":true,"href":"https:\/\/skandek.dk\/en\/wp-json\/wp\/v2\/pages\/29"}],"wp:attachment":[{"href":"https:\/\/skandek.dk\/en\/wp-json\/wp\/v2\/media?parent=927"}],"curies":[{"name":"wp","href":"https:\/\/api.w.org\/{rel}","templated":true}]}}