{"id":918,"date":"2015-11-13T09:21:15","date_gmt":"2015-11-13T09:21:15","guid":{"rendered":"http:\/\/test.skandek.dk\/?page_id=918"},"modified":"2015-12-01T07:52:50","modified_gmt":"2015-12-01T07:52:50","slug":"8-tallet","status":"publish","type":"page","link":"https:\/\/skandek.dk\/en\/referencer\/8-tallet\/","title":{"rendered":"8-tallet"},"content":{"rendered":"<p>[vc_row][vc_column width=&#8221;2\/3&#8243;][vc_column_text]<\/p>\n<div class=\"csc-textpicHeader csc-textpicHeader-25\">\n<div class=\"csc-textpicHeader csc-textpicHeader-25\">\n<h1 class=\"csc-firstHeader\">8-tallet<\/h1>\n<\/div>\n<div class=\"indent\">\n<p class=\"bodytext\"><b>Projektbeskrivelse<\/b>:<\/p>\n<p>Vredet karr\u00c3\u00a9bygning<br \/>\n8TALLETs udseende tager afs\u00e6t i den traditionelle boligkarr\u00c3\u00a9, men hele formen er vredet og krydset, s\u00e5 bygningens forl\u00f8b ligner et stort uendelighedssymbol eller en sl\u00f8jfe.<\/p>\n<p class=\"bodytext\">Bygningen er \u00e2\u20ac\u009dl\u00f8ftet op\u00e2\u20ac\u009d i det nord\u00f8stlige hj\u00f8rne og \u00e2\u20ac\u009dtrykket ned\u00e2\u20ac\u009d mod sydvest hvor lyset lukkes ind i g\u00e5rdrummet.<\/p>\n<p class=\"bodytext\"><b>Projektdetalje<\/b><\/p>\n<p class=\"bodytext\">SkanDek har i samarbejde med arkitektfirmaet BIG gjort det muligt at vinde Scandinavian Green Roof Award 2010.<br \/>\nPrisen er indstiftebolt i 2000 og tildeles et nybyggeri, der udm\u00e6rker sig ved den udvendige vegetation eller ved at have gr\u00f8nt p\u00e5 taget.<br \/>\n8-Tallet er \u2013 udover sin status som Danmarks st\u00f8rste boligbyggeri \u2013 karakteriseret ved sit markante gr\u00f8nne tag.<br \/>\nSkanDek blev valgt som tagleverand\u00f8r, da vi er kendt for at tilbyde f\u00e6rdigproducerede byggesystemer, der er f\u00f8rende p\u00e5 design, holdbarhed og hurtig montering. De uorganiske elementer skaber tryghed for bygherren, da der ikke kan forekomme skimmelsvamp i elementerne.<\/p>\n<p class=\"bodytext\">Ovenp\u00e5 SkanDek elementerne best\u00e5r det gr\u00f8nne tag af et mos-sedum tag anlagt p\u00e5 to ekstraordin\u00e6rt lange, stejle og vindudsatte tagflader, der ligger lige ud til det \u00e5bne landskab p\u00e5 Vestamager.<\/p>\n<p class=\"bodytext\">Senest har byggeriet modtaget den fornemme pris som Verdens Bedste Boligbyggeri.<\/p>\n<p class=\"bodytext\"><b>Verdens bedste boliger ligger igen i \u00d8restad<\/b><\/p>\n<p class=\"bodytext\">Building Supply, 4. november 2011 &#8211; Af Rasmus Gregersen<\/p>\n<p class=\"bodytext\"><i>World Architecture Festival har for anden gang k\u00e5ret et af tegnestuen BIG&#8217;s byggerier i \u00d8restad til verdens bedste boligbyggeri.<\/i><\/p>\n<table border=\"0\" width=\"1%\" cellspacing=\"0\" cellpadding=\"0\" align=\"right\">\n<tbody>\n<tr>\n<td><\/td>\n<\/tr>\n<\/tbody>\n<\/table>\n<p class=\"bodytext\">For anden gang p\u00e5 bare tre \u00e5r g\u00e5r prisen som verdens bedste boligbyggeri til K\u00f8benhavn. I 2008 gik prisen til VM Bjerget, og i torsdags kunne 8-Tallet modtage den eftertragtede pris. Som ved den f\u00f8rste k\u00e5ring, er det igen kemien mellem Bjarke Ingels\u00e2\u20ac\u2122 tegnestue BIG og de \u00e5bne muligheder i \u00d8restad, der har givet gevinst. &#8211; Det er ikke en tilf\u00e6ldighed, at verdens bedste boligbyggeri igen ligger i \u00d8restad. De bedste danske og internationale arkitekter og tegnestuer har udnyttet bredden i \u00d8restads masterplan til at skabe unikke byggerier, siger en glad Jens Kramer Mikkelsen, direkt\u00f8r i By &amp; Havn, der st\u00e5r for udviklingen af \u00d8restad. Masser af priser For ca. et \u00e5r siden \u00e5bnede 8-Talet for salg af sine 476 lejligheder. Bjarke Ingels, byggeriets arkitekt, har kaldt 8-Tallet for en &#8216;urban lagkage&#8217;, fordi byggeret indeholder mange forskellige slags lejlighedstyper, sat oven p\u00e5 hinanden. Her er b\u00e5de almindelig lejligheder, sm\u00e5 byhuse med haver og penthouses sat oven p\u00e5 hinanden. De mere end \u00c3\u00a9n kilometer ud- og indvendige stier er det muligt at spadsere hele vejen rundt i den 8-talsformede bygning p\u00e5 kanten af Kalvebod F\u00e6lled. Byggeriet har allerede vundet flere priser, men prisen som verdens bedste boligbyggeri, er formentligt den flotteste pris at vinde. 8-Tallet er tidligere blevet udr\u00e5bt til et af de ti vigtigste byggerier i dets \u00e5rti i amerikanske Huffington Post, der mente, et nyt opsving i arkitekturen blev startet med netop 8-Tallet. Bygningen har ogs\u00e5 vundet priser for \u00c3\u2026rets Boligbyggeri 2010 af fagbladet Byggeri, Scandinavian Green Roof Award 2010 og modtaget seks af seks mulige hjerter i Politiken.<\/p>\n<\/div>\n<\/div>\n<p>[\/vc_column_text][\/vc_column][vc_column width=&#8221;1\/3&#8243;][vc_single_image image=&#8221;788&#8243; img_size=&#8221;full&#8221; onclick=&#8221;link_image&#8221; css_animation=&#8221;top-to-bottom&#8221;][vc_single_image image=&#8221;919&#8243; img_size=&#8221;full&#8221; onclick=&#8221;link_image&#8221; css_animation=&#8221;top-to-bottom&#8221;][\/vc_column][\/vc_row]<\/p>\n","protected":false},"excerpt":{"rendered":"<p>[vc_row][vc_column width=&#8221;2\/3&#8243;][vc_column_text] 8-tallet Projektbeskrivelse: Vredet karr\u00c3\u00a9bygning 8TALLETs udseende tager afs\u00e6t i den traditionelle boligkarr\u00c3\u00a9, men hele formen er vredet og krydset, s\u00e5 bygningens forl\u00f8b ligner et stort uendelighedssymbol eller en sl\u00f8jfe. Bygningen er \u00e2\u20ac\u009dl\u00f8ftet op\u00e2\u20ac\u009d i det nord\u00f8stlige hj\u00f8rne og \u00e2\u20ac\u009dtrykket ned\u00e2\u20ac\u009d mod sydvest hvor lyset lukkes ind i g\u00e5rdrummet. Projektdetalje SkanDek har i samarbejde &#8230; <a title=\"8-tallet\" class=\"read-more\" href=\"https:\/\/skandek.dk\/en\/referencer\/8-tallet\/\">Read more<span class=\"screen-reader-text\">8-tallet<\/span><\/a><\/p>\n","protected":false},"author":4,"featured_media":0,"parent":29,"menu_order":0,"comment_status":"closed","ping_status":"closed","template":"","meta":[],"_links":{"self":[{"href":"https:\/\/skandek.dk\/en\/wp-json\/wp\/v2\/pages\/918"}],"collection":[{"href":"https:\/\/skandek.dk\/en\/wp-json\/wp\/v2\/pages"}],"about":[{"href":"https:\/\/skandek.dk\/en\/wp-json\/wp\/v2\/types\/page"}],"author":[{"embeddable":true,"href":"https:\/\/skandek.dk\/en\/wp-json\/wp\/v2\/users\/4"}],"replies":[{"embeddable":true,"href":"https:\/\/skandek.dk\/en\/wp-json\/wp\/v2\/comments?post=918"}],"version-history":[{"count":3,"href":"https:\/\/skandek.dk\/en\/wp-json\/wp\/v2\/pages\/918\/revisions"}],"predecessor-version":[{"id":1223,"href":"https:\/\/skandek.dk\/en\/wp-json\/wp\/v2\/pages\/918\/revisions\/1223"}],"up":[{"embeddable":true,"href":"https:\/\/skandek.dk\/en\/wp-json\/wp\/v2\/pages\/29"}],"wp:attachment":[{"href":"https:\/\/skandek.dk\/en\/wp-json\/wp\/v2\/media?parent=918"}],"curies":[{"name":"wp","href":"https:\/\/api.w.org\/{rel}","templated":true}]}}