{"id":869,"date":"2015-11-13T07:37:37","date_gmt":"2015-11-13T07:37:37","guid":{"rendered":"http:\/\/test.skandek.dk\/?page_id=869"},"modified":"2015-12-01T08:00:58","modified_gmt":"2015-12-01T08:00:58","slug":"cph-go-swift","status":"publish","type":"page","link":"https:\/\/skandek.dk\/en\/referencer\/cph-go-swift\/","title":{"rendered":"CPH GO! (Swift)"},"content":{"rendered":"<p>[vc_row][vc_column width=&#8221;2\/3&#8243;][vc_column_text]<\/p>\n<div class=\"csc-textpicHeader csc-textpicHeader-25\">\n<div class=\"csc-textpicHeader csc-textpicHeader-25\">\n<h1 class=\"csc-firstHeader\">CPH GO!<\/h1>\n<\/div>\n<div class=\"indent\">\n<p class=\"bodytext\"><b>Projektbeskrivelse:<br \/>\n<\/b>CPH Go er en lavpris terminal, til den nuv\u00e6rende lufthavn i Kastrup. Vilhelm Lauritzen Arkitekter har designet den nye terminal, som opf\u00f8res i forl\u00e6ngelse af lufthavnens eksisterende Finger D, med direkte adgang til seks nye gates. CPH Go er designet med s\u00e6rligt fokus p\u00e5 effektivitet for at give flyselskaberne nye muligheder for v\u00e6kst og danskerne billige billetter til flere destinationer.<\/p>\n<p class=\"bodytext\">\u00e2\u20ac\u009dLufthavnen er som et st\u00e6rkt sikkerhedsoverv\u00e5get internationalt trafikknudepunkt en kompleks byggeplads, og Brdr. A. &amp; B. Andersen tr\u00e6kker p\u00e5 b\u00e5de interne kompetencer og faglig specialviden fra vores samarbejdspartnere for at l\u00f8se denne opgave. Hos Brdr. A. &amp; B. Andersen er vi stolte af aftalen og den tillid K\u00f8benhavns Lufthavne viser os i den forbindelse. Hele holdet bag opgaven er st\u00e6rkt motiverede og dedikerede til opgaven og ser frem til at l\u00f8se den til alles tilfredshed,\u00e2\u20ac\u009d siger Henrik Bendsen, divisionsdirekt\u00f8r, Brdr. A. &amp; B. Andersen A\/S.<\/p>\n<p class=\"bodytext\"><b>Projektdetalje:<br \/>\n<\/b>SkanDek har leveret elementer til b\u00e5de tag og nordfacade. Taget er med ensidig tagh\u00e6ldning, som forts\u00e6tter over i en skr\u00e5nende facade. Elementerne er bekl\u00e6dt med tagfolie og loftbekl\u00e6dningen er synlige trapezplader med kantindd\u00e6kning. SkanDeks korte montage tid var af stor betydning i valget af tagmateriale.<\/p>\n<\/div>\n<\/div>\n<p>[\/vc_column_text][\/vc_column][vc_column width=&#8221;1\/3&#8243;][vc_single_image image=&#8221;838&#8243; img_size=&#8221;full&#8221; onclick=&#8221;link_image&#8221; css_animation=&#8221;top-to-bottom&#8221;][\/vc_column][\/vc_row]<\/p>\n","protected":false},"excerpt":{"rendered":"<p>[vc_row][vc_column width=&#8221;2\/3&#8243;][vc_column_text] CPH GO! Projektbeskrivelse: CPH Go er en lavpris terminal, til den nuv\u00e6rende lufthavn i Kastrup. Vilhelm Lauritzen Arkitekter har designet den nye terminal, som opf\u00f8res i forl\u00e6ngelse af lufthavnens eksisterende Finger D, med direkte adgang til seks nye gates. CPH Go er designet med s\u00e6rligt fokus p\u00e5 effektivitet for at give flyselskaberne nye &#8230; <a title=\"CPH GO! (Swift)\" class=\"read-more\" href=\"https:\/\/skandek.dk\/en\/referencer\/cph-go-swift\/\">Read more<span class=\"screen-reader-text\">CPH GO! (Swift)<\/span><\/a><\/p>\n","protected":false},"author":4,"featured_media":0,"parent":29,"menu_order":0,"comment_status":"closed","ping_status":"closed","template":"","meta":[],"_links":{"self":[{"href":"https:\/\/skandek.dk\/en\/wp-json\/wp\/v2\/pages\/869"}],"collection":[{"href":"https:\/\/skandek.dk\/en\/wp-json\/wp\/v2\/pages"}],"about":[{"href":"https:\/\/skandek.dk\/en\/wp-json\/wp\/v2\/types\/page"}],"author":[{"embeddable":true,"href":"https:\/\/skandek.dk\/en\/wp-json\/wp\/v2\/users\/4"}],"replies":[{"embeddable":true,"href":"https:\/\/skandek.dk\/en\/wp-json\/wp\/v2\/comments?post=869"}],"version-history":[{"count":3,"href":"https:\/\/skandek.dk\/en\/wp-json\/wp\/v2\/pages\/869\/revisions"}],"predecessor-version":[{"id":1232,"href":"https:\/\/skandek.dk\/en\/wp-json\/wp\/v2\/pages\/869\/revisions\/1232"}],"up":[{"embeddable":true,"href":"https:\/\/skandek.dk\/en\/wp-json\/wp\/v2\/pages\/29"}],"wp:attachment":[{"href":"https:\/\/skandek.dk\/en\/wp-json\/wp\/v2\/media?parent=869"}],"curies":[{"name":"wp","href":"https:\/\/api.w.org\/{rel}","templated":true}]}}