{"id":861,"date":"2015-11-13T07:31:17","date_gmt":"2015-11-13T07:31:17","guid":{"rendered":"http:\/\/test.skandek.dk\/?page_id=861"},"modified":"2015-12-01T08:03:54","modified_gmt":"2015-12-01T08:03:54","slug":"trykkeri-i-brondby","status":"publish","type":"page","link":"https:\/\/skandek.dk\/en\/referencer\/trykkeri-i-brondby\/","title":{"rendered":"Trykkeri i Br\u00f8ndby"},"content":{"rendered":"<p>[vc_row][vc_column width=&#8221;2\/3&#8243;][vc_column_text]<\/p>\n<div class=\"csc-textpicHeader csc-textpicHeader-25\">\n<div class=\"csc-textpicHeader csc-textpicHeader-25\">\n<h1 class=\"csc-firstHeader\">Trykkeri i Br\u00f8ndby<\/h1>\n<\/div>\n<p class=\"bodytext\"><b>S\u00e5dan f\u00e5r du en bebyggelsesprocent p\u00e5 over 100!<\/b><\/p>\n<p class=\"bodytext\">St\u00e5r du og vil gerne bygge til, men har allerede udnyttet din bebyggelsesprocent fuldt ud, s\u00e5 er her en l\u00f8sning p\u00e5 hvordan det kan g\u00f8res.<\/p>\n<p class=\"bodytext\">Bygherren \u00f8nskede at udvide sin produktionsbygning med ca. 1.000 m2, men da udnyttelsesgraden var udnyttet 100 %, kunne der ikke gives tilladelse til de ekstra 1000 m2 nybygning.<\/p>\n<p class=\"bodytext\">Imellem den eksisterende kontorbygning og eksisterende produktionsbygning var der 19 m med terrasse og gr\u00e6spl\u00e6ne. Den projekterende og SkanDek fik i f\u00e6llesskab lov af bygningsmyndig-hederne til at h\u00e6ve den eksisterende terrasse og gr\u00e6spl\u00e6ne 5 m over terr\u00e6n.<\/p>\n<p class=\"bodytext\">Langs kontorbygningen og langs produktionsbyg-ningen lavede man en s\u00f8jle r\u00e6kke 1,5 m fra de eksisterende facader med en b\u00e6rende drager over. SkanDek leverede St\u00e5ltagelementer med sp\u00e6nd 16,0 m og en totall\u00e6nge p\u00e5 19 m. SkanDek er dimensioneret til tagterrasse + gr\u00f8nt tag, samt udf\u00f8rt som BS 60 konstruktion.<\/p>\n<\/div>\n<p>[\/vc_column_text][\/vc_column][vc_column width=&#8221;1\/3&#8243;][vc_single_image image=&#8221;845&#8243; img_size=&#8221;full&#8221; onclick=&#8221;link_image&#8221; css_animation=&#8221;top-to-bottom&#8221;][vc_single_image image=&#8221;862&#8243; img_size=&#8221;full&#8221; onclick=&#8221;link_image&#8221; css_animation=&#8221;top-to-bottom&#8221;][\/vc_column][\/vc_row]<\/p>\n","protected":false},"excerpt":{"rendered":"<p>[vc_row][vc_column width=&#8221;2\/3&#8243;][vc_column_text] Trykkeri i Br\u00f8ndby S\u00e5dan f\u00e5r du en bebyggelsesprocent p\u00e5 over 100! St\u00e5r du og vil gerne bygge til, men har allerede udnyttet din bebyggelsesprocent fuldt ud, s\u00e5 er her en l\u00f8sning p\u00e5 hvordan det kan g\u00f8res. Bygherren \u00f8nskede at udvide sin produktionsbygning med ca. 1.000 m2, men da udnyttelsesgraden var udnyttet 100 %, &#8230; <a title=\"Trykkeri i Br\u00f8ndby\" class=\"read-more\" href=\"https:\/\/skandek.dk\/en\/referencer\/trykkeri-i-brondby\/\">Read more<span class=\"screen-reader-text\">Trykkeri i Br\u00f8ndby<\/span><\/a><\/p>\n","protected":false},"author":4,"featured_media":0,"parent":29,"menu_order":0,"comment_status":"closed","ping_status":"closed","template":"","meta":[],"_links":{"self":[{"href":"https:\/\/skandek.dk\/en\/wp-json\/wp\/v2\/pages\/861"}],"collection":[{"href":"https:\/\/skandek.dk\/en\/wp-json\/wp\/v2\/pages"}],"about":[{"href":"https:\/\/skandek.dk\/en\/wp-json\/wp\/v2\/types\/page"}],"author":[{"embeddable":true,"href":"https:\/\/skandek.dk\/en\/wp-json\/wp\/v2\/users\/4"}],"replies":[{"embeddable":true,"href":"https:\/\/skandek.dk\/en\/wp-json\/wp\/v2\/comments?post=861"}],"version-history":[{"count":4,"href":"https:\/\/skandek.dk\/en\/wp-json\/wp\/v2\/pages\/861\/revisions"}],"predecessor-version":[{"id":1237,"href":"https:\/\/skandek.dk\/en\/wp-json\/wp\/v2\/pages\/861\/revisions\/1237"}],"up":[{"embeddable":true,"href":"https:\/\/skandek.dk\/en\/wp-json\/wp\/v2\/pages\/29"}],"wp:attachment":[{"href":"https:\/\/skandek.dk\/en\/wp-json\/wp\/v2\/media?parent=861"}],"curies":[{"name":"wp","href":"https:\/\/api.w.org\/{rel}","templated":true}]}}