{"id":774,"date":"2015-11-11T13:20:42","date_gmt":"2015-11-11T13:20:42","guid":{"rendered":"http:\/\/test.skandek.dk\/?page_id=774"},"modified":"2015-12-01T07:49:11","modified_gmt":"2015-12-01T07:49:11","slug":"runavik-skole","status":"publish","type":"page","link":"https:\/\/skandek.dk\/en\/referencer\/runavik-skole\/","title":{"rendered":"Runavik Skole"},"content":{"rendered":"<p>[vc_row][vc_column width=&#8221;2\/3&#8243;][vc_column_text]<\/p>\n<div class=\"csc-textpicHeader csc-textpicHeader-25\">\n<div class=\"csc-textpicHeader csc-textpicHeader-25\">\n<h1 class=\"csc-firstHeader\">Runavik Skole, F\u00e6r\u00f8erne<\/h1>\n<\/div>\n<div class=\"indent\">\n<div class=\"indent\">\n<p class=\"bodytext\"><b>Projektbeskrivelse:<\/b><\/p>\n<p class=\"bodytext\">De barske vejer og vindforhold p\u00e5 F\u00e6r\u00f8erne g\u00f8r det fordelagtigt at benytte vejrbestandige og uorganiske materialer, bl.a. derfor blev tagelementer fra SkanDek valgt.<\/p>\n<p class=\"bodytext\">\n<\/div>\n<\/div>\n<\/div>\n<p>[\/vc_column_text][\/vc_column][vc_column width=&#8221;1\/3&#8243;][vc_single_image image=&#8221;775&#8243; img_size=&#8221;full&#8221; onclick=&#8221;link_image&#8221; css_animation=&#8221;top-to-bottom&#8221;][vc_single_image image=&#8221;776&#8243; img_size=&#8221;full&#8221; onclick=&#8221;link_image&#8221; css_animation=&#8221;top-to-bottom&#8221;][vc_single_image image=&#8221;777&#8243; img_size=&#8221;full&#8221; onclick=&#8221;link_image&#8221; css_animation=&#8221;top-to-bottom&#8221;][\/vc_column][\/vc_row]<\/p>\n","protected":false},"excerpt":{"rendered":"<p>[vc_row][vc_column width=&#8221;2\/3&#8243;][vc_column_text] Runavik Skole, F\u00e6r\u00f8erne Projektbeskrivelse: De barske vejer og vindforhold p\u00e5 F\u00e6r\u00f8erne g\u00f8r det fordelagtigt at benytte vejrbestandige og uorganiske materialer, bl.a. derfor blev tagelementer fra SkanDek valgt. [\/vc_column_text][\/vc_column][vc_column width=&#8221;1\/3&#8243;][vc_single_image image=&#8221;775&#8243; img_size=&#8221;full&#8221; onclick=&#8221;link_image&#8221; css_animation=&#8221;top-to-bottom&#8221;][vc_single_image image=&#8221;776&#8243; img_size=&#8221;full&#8221; onclick=&#8221;link_image&#8221; css_animation=&#8221;top-to-bottom&#8221;][vc_single_image image=&#8221;777&#8243; img_size=&#8221;full&#8221; onclick=&#8221;link_image&#8221; css_animation=&#8221;top-to-bottom&#8221;][\/vc_column][\/vc_row]<\/p>\n","protected":false},"author":4,"featured_media":0,"parent":29,"menu_order":0,"comment_status":"closed","ping_status":"closed","template":"","meta":[],"_links":{"self":[{"href":"https:\/\/skandek.dk\/en\/wp-json\/wp\/v2\/pages\/774"}],"collection":[{"href":"https:\/\/skandek.dk\/en\/wp-json\/wp\/v2\/pages"}],"about":[{"href":"https:\/\/skandek.dk\/en\/wp-json\/wp\/v2\/types\/page"}],"author":[{"embeddable":true,"href":"https:\/\/skandek.dk\/en\/wp-json\/wp\/v2\/users\/4"}],"replies":[{"embeddable":true,"href":"https:\/\/skandek.dk\/en\/wp-json\/wp\/v2\/comments?post=774"}],"version-history":[{"count":2,"href":"https:\/\/skandek.dk\/en\/wp-json\/wp\/v2\/pages\/774\/revisions"}],"predecessor-version":[{"id":1218,"href":"https:\/\/skandek.dk\/en\/wp-json\/wp\/v2\/pages\/774\/revisions\/1218"}],"up":[{"embeddable":true,"href":"https:\/\/skandek.dk\/en\/wp-json\/wp\/v2\/pages\/29"}],"wp:attachment":[{"href":"https:\/\/skandek.dk\/en\/wp-json\/wp\/v2\/media?parent=774"}],"curies":[{"name":"wp","href":"https:\/\/api.w.org\/{rel}","templated":true}]}}