{"id":727,"date":"2015-11-11T12:53:08","date_gmt":"2015-11-11T12:53:08","guid":{"rendered":"http:\/\/test.skandek.dk\/?page_id=727"},"modified":"2015-12-01T07:43:20","modified_gmt":"2015-12-01T07:43:20","slug":"multihus-vester-hassing","status":"publish","type":"page","link":"https:\/\/skandek.dk\/en\/referencer\/multihus-vester-hassing\/","title":{"rendered":"Multihus \u2013 Vester Hassing"},"content":{"rendered":"<p>[vc_row][vc_column width=&#8221;2\/3&#8243;][vc_column_text]<\/p>\n<div class=\"csc-textpicHeader csc-textpicHeader-25\">\n<div class=\"csc-textpicHeader csc-textpicHeader-25\">\n<h1 class=\"csc-firstHeader\">Multihus \u2013 Vester Hassing<\/h1>\n<\/div>\n<div class=\"indent\">\n<p class=\"bodytext\"><b>Projektbeskrivelse:<\/b><\/p>\n<p class=\"bodytext\">Multi-huset i Vester Hassing blev der fra bygherrens side stillet s\u00e6rlige krav til bygningens fleksibilitet og lydm\u00e6ssige egenskaber. Prisen og den hurtige montering var nogle af de parametre som gjorde at SkanDek blev valgt. Entrepren\u00f8rfirmaet Sondrup &amp; Kasberg fik ideen til tagkonstruktionen efter at de selv havde oplevet de gode lydegenskaber SkanDek havde leveret til musikhuset i Aars<\/p>\n<p class=\"bodytext\"><b>Projektdetalje:<\/b> Der blev stillet s\u00e6rlige krav til lydabsorbation (efterklangstiden) p\u00e5 loftet. Uden nogen former for ekstra omkostninger kunne SkanDek tilbyde et f\u00e6rdigt loft, som opfyldte bygherrens krav.<br \/>\nOpbygning Underpap, isoleirng, f\u00e6rdigt loft<\/p>\n<\/div>\n<p class=\"bodytext\"><b>Foto: <\/b>Christensen og Rottb\u00f8ll A\/S &#8211; \u00c3\u2026lborg<\/p>\n<p class=\"bodytext\"><b>Udf\u00f8rt:<\/b> marts 09<br \/>\n<b>Bygherre:<\/b> \u00c3\u2026lborg Kommune<br \/>\n<b>Arkitekt:<\/b> Christensen og Rottb\u00f8ll A\/S &#8211; \u00c3\u2026lborg<br \/>\n<b>Ingeni\u00f8r:<\/b> Lindgaard A\/S<br \/>\n<b>Entrepren\u00f8r:<\/b> Sondrup &amp; Kasberg<\/p>\n<\/div>\n<p>[\/vc_column_text][\/vc_column][vc_column width=&#8221;1\/3&#8243;][vc_single_image image=&#8221;728&#8243; img_size=&#8221;full&#8221; onclick=&#8221;link_image&#8221; css_animation=&#8221;top-to-bottom&#8221;][vc_single_image image=&#8221;729&#8243; img_size=&#8221;full&#8221; onclick=&#8221;link_image&#8221; css_animation=&#8221;top-to-bottom&#8221;][vc_single_image image=&#8221;730&#8243; img_size=&#8221;full&#8221; onclick=&#8221;link_image&#8221; css_animation=&#8221;top-to-bottom&#8221;][\/vc_column][\/vc_row]<\/p>\n","protected":false},"excerpt":{"rendered":"<p>[vc_row][vc_column width=&#8221;2\/3&#8243;][vc_column_text] Multihus \u2013 Vester Hassing Projektbeskrivelse: Multi-huset i Vester Hassing blev der fra bygherrens side stillet s\u00e6rlige krav til bygningens fleksibilitet og lydm\u00e6ssige egenskaber. Prisen og den hurtige montering var nogle af de parametre som gjorde at SkanDek blev valgt. Entrepren\u00f8rfirmaet Sondrup &amp; Kasberg fik ideen til tagkonstruktionen efter at de selv havde oplevet &#8230; <a title=\"Multihus \u2013 Vester Hassing\" class=\"read-more\" href=\"https:\/\/skandek.dk\/en\/referencer\/multihus-vester-hassing\/\">Read more<span class=\"screen-reader-text\">Multihus \u2013 Vester Hassing<\/span><\/a><\/p>\n","protected":false},"author":4,"featured_media":0,"parent":29,"menu_order":0,"comment_status":"closed","ping_status":"closed","template":"","meta":[],"_links":{"self":[{"href":"https:\/\/skandek.dk\/en\/wp-json\/wp\/v2\/pages\/727"}],"collection":[{"href":"https:\/\/skandek.dk\/en\/wp-json\/wp\/v2\/pages"}],"about":[{"href":"https:\/\/skandek.dk\/en\/wp-json\/wp\/v2\/types\/page"}],"author":[{"embeddable":true,"href":"https:\/\/skandek.dk\/en\/wp-json\/wp\/v2\/users\/4"}],"replies":[{"embeddable":true,"href":"https:\/\/skandek.dk\/en\/wp-json\/wp\/v2\/comments?post=727"}],"version-history":[{"count":3,"href":"https:\/\/skandek.dk\/en\/wp-json\/wp\/v2\/pages\/727\/revisions"}],"predecessor-version":[{"id":1209,"href":"https:\/\/skandek.dk\/en\/wp-json\/wp\/v2\/pages\/727\/revisions\/1209"}],"up":[{"embeddable":true,"href":"https:\/\/skandek.dk\/en\/wp-json\/wp\/v2\/pages\/29"}],"wp:attachment":[{"href":"https:\/\/skandek.dk\/en\/wp-json\/wp\/v2\/media?parent=727"}],"curies":[{"name":"wp","href":"https:\/\/api.w.org\/{rel}","templated":true}]}}