{"id":721,"date":"2015-11-11T12:50:32","date_gmt":"2015-11-11T12:50:32","guid":{"rendered":"http:\/\/test.skandek.dk\/?page_id=721"},"modified":"2015-12-01T07:42:44","modified_gmt":"2015-12-01T07:42:44","slug":"orstedskolen","status":"publish","type":"page","link":"https:\/\/skandek.dk\/en\/referencer\/orstedskolen\/","title":{"rendered":"\u00d8rstedskolen"},"content":{"rendered":"<p>[vc_row][vc_column width=&#8221;2\/3&#8243;][vc_column_text]<\/p>\n<div class=\"csc-textpicHeader csc-textpicHeader-25\">\n<div class=\"csc-textpicHeader csc-textpicHeader-25\">\n<h1 class=\"csc-firstHeader\">\u00d8rstedskolen<\/h1>\n<\/div>\n<div class=\"indent\">\n<p class=\"bodytext\">Projektnavn: \u00d8rstedskole<\/p>\n<p class=\"bodytext\"><b>Bygherre:<\/b> Rudk\u00f8bing Kommune<br \/>\n<b>Arkitekt:<\/b> KHR Arkitekter A\/S<br \/>\n<b>Ingeni\u00f8r:<\/b> MT-H\u00f8jgaard<br \/>\n<b>Entrepren\u00f8r:<\/b> MT-H\u00f8jgaard<br \/>\n<b>Udf\u00f8rt:<\/b> 2009<\/p>\n<p class=\"bodytext\">\u00d8rstedskolen bliver til som et <a class=\"internal-link\" title=\"Opens internal link in current window\" href=\"https:\/\/skandek.dkarkitekt\/lang-levetid-opp-bygninger\/?L=0\">OPP projekt<\/a> (Offentlige-Privat Partnerskab), og er en af Danmarks st\u00f8rste skoler. En unik skole der opf\u00f8res med \u00f8je for s\u00e5vel milj\u00f8m\u00e6ssig som \u00e6stetisk v\u00e6rdi. En skole som respekterer og deltager i det unikke langelandske landskab.Hatbakker- det langelandske landskab<br \/>\nTagfladernes kulsorte tagpap f\u00f8res ned over den \u00f8verste del af facadepartierne henover vinduerne, s\u00e5 tag og facade fremst\u00e5r helst\u00f8bt. Samtidig opf\u00f8res brystningspartierne under vinduet som en pudset sokkel, s\u00e5 bygningen fremtr\u00e6der lige s\u00e5 robust som det omkringliggende landskab. En vigtig del af klasserummenes udformning er det indbyggede ovenlys, som skaber dagslys i dybden af lokalerne. Herved skabes et behageligt visuelt indeklima.<\/p>\n<p class=\"bodytext\">Arkitekten og bygherren har virkelig t\u00e6nkt langsigtet. At skabe en skole, hvor alle behov er opfyldt uden at g\u00e5 p\u00e5 kompromis omkring valget af materialer. Et uorganisk SkanDek tag sikre skolen at der ikke kommer uforudsete udgifter til eksempeltvis udskiftning\/udbedring af tag. \u00d8dstedskolen kan betegnes som et <a class=\"internal-link\" title=\"Opens internal link in current window\" href=\"https:\/\/skandek.dkhent-katalog\/?L=0#c1336\">Godt Skolebyggeri<\/a>!<\/p>\n<p class=\"bodytext\"><b>Projektdetalje:<\/b> Geometrisk sv\u00e6r sag grundet de forskelligt vinklede tagflader. SkanDek er monteret p\u00e5 st\u00e5l og betonkonstruktoner.<br \/>\n<b>Opbygning:<\/b><br \/>\nTagpap, TF30, 18mm trapez, 350 BJL, 350mm iso, PE-folie, Forskalling m. isolering<\/p>\n<\/div>\n<\/div>\n<p>[\/vc_column_text][\/vc_column][vc_column width=&#8221;1\/3&#8243;][vc_single_image image=&#8221;722&#8243; img_size=&#8221;full&#8221; onclick=&#8221;link_image&#8221; css_animation=&#8221;top-to-bottom&#8221;][vc_single_image image=&#8221;723&#8243; img_size=&#8221;full&#8221; onclick=&#8221;link_image&#8221; css_animation=&#8221;top-to-bottom&#8221;][vc_single_image image=&#8221;724&#8243; img_size=&#8221;full&#8221; onclick=&#8221;link_image&#8221; css_animation=&#8221;top-to-bottom&#8221;][vc_single_image image=&#8221;725&#8243; img_size=&#8221;full&#8221; onclick=&#8221;link_image&#8221; css_animation=&#8221;top-to-bottom&#8221;][\/vc_column][\/vc_row]<\/p>\n","protected":false},"excerpt":{"rendered":"<p>[vc_row][vc_column width=&#8221;2\/3&#8243;][vc_column_text] \u00d8rstedskolen Projektnavn: \u00d8rstedskole Bygherre: Rudk\u00f8bing Kommune Arkitekt: KHR Arkitekter A\/S Ingeni\u00f8r: MT-H\u00f8jgaard Entrepren\u00f8r: MT-H\u00f8jgaard Udf\u00f8rt: 2009 \u00d8rstedskolen bliver til som et OPP projekt (Offentlige-Privat Partnerskab), og er en af Danmarks st\u00f8rste skoler. En unik skole der opf\u00f8res med \u00f8je for s\u00e5vel milj\u00f8m\u00e6ssig som \u00e6stetisk v\u00e6rdi. En skole som respekterer og deltager i det &#8230; <a title=\"\u00d8rstedskolen\" class=\"read-more\" href=\"https:\/\/skandek.dk\/en\/referencer\/orstedskolen\/\">Read more<span class=\"screen-reader-text\">\u00d8rstedskolen<\/span><\/a><\/p>\n","protected":false},"author":4,"featured_media":0,"parent":29,"menu_order":0,"comment_status":"closed","ping_status":"closed","template":"","meta":[],"_links":{"self":[{"href":"https:\/\/skandek.dk\/en\/wp-json\/wp\/v2\/pages\/721"}],"collection":[{"href":"https:\/\/skandek.dk\/en\/wp-json\/wp\/v2\/pages"}],"about":[{"href":"https:\/\/skandek.dk\/en\/wp-json\/wp\/v2\/types\/page"}],"author":[{"embeddable":true,"href":"https:\/\/skandek.dk\/en\/wp-json\/wp\/v2\/users\/4"}],"replies":[{"embeddable":true,"href":"https:\/\/skandek.dk\/en\/wp-json\/wp\/v2\/comments?post=721"}],"version-history":[{"count":3,"href":"https:\/\/skandek.dk\/en\/wp-json\/wp\/v2\/pages\/721\/revisions"}],"predecessor-version":[{"id":1208,"href":"https:\/\/skandek.dk\/en\/wp-json\/wp\/v2\/pages\/721\/revisions\/1208"}],"up":[{"embeddable":true,"href":"https:\/\/skandek.dk\/en\/wp-json\/wp\/v2\/pages\/29"}],"wp:attachment":[{"href":"https:\/\/skandek.dk\/en\/wp-json\/wp\/v2\/media?parent=721"}],"curies":[{"name":"wp","href":"https:\/\/api.w.org\/{rel}","templated":true}]}}