{"id":715,"date":"2015-11-11T12:48:02","date_gmt":"2015-11-11T12:48:02","guid":{"rendered":"http:\/\/test.skandek.dk\/?page_id=715"},"modified":"2015-12-01T07:41:45","modified_gmt":"2015-12-01T07:41:45","slug":"rodovreskole-gymnastiksal","status":"publish","type":"page","link":"https:\/\/skandek.dk\/en\/referencer\/rodovreskole-gymnastiksal\/","title":{"rendered":"R\u00f8dovreskole-Gymnastiksal en"},"content":{"rendered":"<p>[vc_row][vc_column width=&#8221;2\/3&#8243;][vc_column_text]<\/p>\n<div class=\"csc-textpicHeader csc-textpicHeader-25\">\n<div class=\"csc-textpicHeader csc-textpicHeader-25\">\n<h1 class=\"csc-firstHeader\">R\u00f8dovreskole<\/h1>\n<\/div>\n<div class=\"indent\">\n<p class=\"bodytext\">R\u00f8dovreskole -Gymnastiksal og mellembygning<\/p>\n<p class=\"bodytext\">Projektdetaljen.<\/p>\n<p class=\"bodytext\">Konstruktionen best\u00e5r af en mellembygning og en halbygning. Mellembygningen som ligger lavere end halbygningen f\u00e5r en del sneophobning. I starten af projektet havde ingeni\u00f8ren projekteret elementerne til sp\u00e6nde p\u00e5 den korte led, hvilket gik hen og blev en dyr l\u00f8sning. Istedetfor at sp\u00e6nde de 7 meter valgte man at \u00e6ndre sp\u00e6ndretningen s\u00e5ldes man sp\u00e6ndte langs bygningen. Fordelene ved denne l\u00f8sning var at man p\u00e5 denne m\u00e5de optimerede st\u00e5lforbruget set ift. varmetabsrammen. Endvidere skulle Ason kun montere 4 elementer fremfor 10 elementer. Det viste hurtigt sig at l\u00f8sningen var mere effektivt og mere \u00f8konomisk for entrepren\u00f8ren Ason<\/p>\n<p class=\"bodytext\">Gymnastiksalen bestod af 9 SkanDek elementer som sp\u00e6nder frit 17,80 meter.<\/p>\n<p class=\"bodytext\">Mellembygningen og gymnastiksalen blev monteret p\u00e5 1\u00c2\u00bd arbejdsdag.<\/p>\n<\/div>\n<\/div>\n<p>[\/vc_column_text][\/vc_column][vc_column width=&#8221;1\/3&#8243;][vc_single_image image=&#8221;716&#8243; img_size=&#8221;full&#8221; onclick=&#8221;link_image&#8221; css_animation=&#8221;top-to-bottom&#8221;][vc_single_image image=&#8221;717&#8243; img_size=&#8221;full&#8221; onclick=&#8221;link_image&#8221; css_animation=&#8221;top-to-bottom&#8221;][vc_single_image image=&#8221;718&#8243; img_size=&#8221;full&#8221; onclick=&#8221;link_image&#8221; css_animation=&#8221;top-to-bottom&#8221;][vc_single_image image=&#8221;719&#8243; img_size=&#8221;full&#8221; onclick=&#8221;link_image&#8221; css_animation=&#8221;top-to-bottom&#8221;][\/vc_column][\/vc_row]<\/p>\n","protected":false},"excerpt":{"rendered":"<p>[vc_row][vc_column width=&#8221;2\/3&#8243;][vc_column_text] R\u00f8dovreskole R\u00f8dovreskole -Gymnastiksal og mellembygning Projektdetaljen. Konstruktionen best\u00e5r af en mellembygning og en halbygning. Mellembygningen som ligger lavere end halbygningen f\u00e5r en del sneophobning. I starten af projektet havde ingeni\u00f8ren projekteret elementerne til sp\u00e6nde p\u00e5 den korte led, hvilket gik hen og blev en dyr l\u00f8sning. Istedetfor at sp\u00e6nde de 7 meter valgte &#8230; <a title=\"R\u00f8dovreskole-Gymnastiksal en\" class=\"read-more\" href=\"https:\/\/skandek.dk\/en\/referencer\/rodovreskole-gymnastiksal\/\">Read more<span class=\"screen-reader-text\">R\u00f8dovreskole-Gymnastiksal en<\/span><\/a><\/p>\n","protected":false},"author":4,"featured_media":0,"parent":29,"menu_order":0,"comment_status":"closed","ping_status":"closed","template":"","meta":[],"_links":{"self":[{"href":"https:\/\/skandek.dk\/en\/wp-json\/wp\/v2\/pages\/715"}],"collection":[{"href":"https:\/\/skandek.dk\/en\/wp-json\/wp\/v2\/pages"}],"about":[{"href":"https:\/\/skandek.dk\/en\/wp-json\/wp\/v2\/types\/page"}],"author":[{"embeddable":true,"href":"https:\/\/skandek.dk\/en\/wp-json\/wp\/v2\/users\/4"}],"replies":[{"embeddable":true,"href":"https:\/\/skandek.dk\/en\/wp-json\/wp\/v2\/comments?post=715"}],"version-history":[{"count":2,"href":"https:\/\/skandek.dk\/en\/wp-json\/wp\/v2\/pages\/715\/revisions"}],"predecessor-version":[{"id":1206,"href":"https:\/\/skandek.dk\/en\/wp-json\/wp\/v2\/pages\/715\/revisions\/1206"}],"up":[{"embeddable":true,"href":"https:\/\/skandek.dk\/en\/wp-json\/wp\/v2\/pages\/29"}],"wp:attachment":[{"href":"https:\/\/skandek.dk\/en\/wp-json\/wp\/v2\/media?parent=715"}],"curies":[{"name":"wp","href":"https:\/\/api.w.org\/{rel}","templated":true}]}}