{"id":703,"date":"2015-11-11T12:38:14","date_gmt":"2015-11-11T12:38:14","guid":{"rendered":"http:\/\/test.skandek.dk\/?page_id=703"},"modified":"2015-12-01T07:41:04","modified_gmt":"2015-12-01T07:41:04","slug":"oehlenschlagersgades-skole","status":"publish","type":"page","link":"https:\/\/skandek.dk\/en\/referencer\/oehlenschlagersgades-skole\/","title":{"rendered":"Oehlenschl\u00e4gersgades Skole"},"content":{"rendered":"<p>[vc_row][vc_column width=&#8221;2\/3&#8243;][vc_column_text]<\/p>\n<div class=\"csc-textpicHeader csc-textpicHeader-25\">\n<div class=\"csc-textpicHeader csc-textpicHeader-25\">\n<h1 class=\"csc-firstHeader\">Oehlenschl\u00e4gersgades Skole<\/h1>\n<\/div>\n<div class=\"indent\"><\/div>\n<div class=\"indent\">\n<p class=\"bodytext\"><b>SkanDek leverede tag- og d\u00e6kelementer til Oehlenschl\u00c3\u00a4gersgades Skole.<\/b><\/p>\n<p class=\"bodytext\">Da Oehlenschl\u00e4gersgades Skole skulle renoveres og udvides, valgte man en sp\u00e6ndende og anderledes arkitektonisk l\u00f8sning der optimalt udnyttede den sparsomme plads i skoleg\u00e5rden p\u00e5 Vesterbro.<\/p>\n<p class=\"bodytext\">Bygningen, der fik tilnavnet <i>T\u00e6nkeboksen<\/i>, blev h\u00e6vet over jorden p\u00e5 beton- og st\u00e5ls\u00f8jler, hvorp\u00e5 det blev oplagt store moduler af lette SkanDek tag- og d\u00e6kelementer. Det hele blev indkapslet i sandwichpaneler og brandglas samt gr\u00f8n bevoksning p\u00e5 taget.<\/p>\n<\/div>\n<\/div>\n<p>[\/vc_column_text][\/vc_column][vc_column width=&#8221;1\/3&#8243;][vc_single_image image=&#8221;704&#8243; img_size=&#8221;full&#8221; onclick=&#8221;link_image&#8221; css_animation=&#8221;top-to-bottom&#8221;][vc_single_image image=&#8221;705&#8243; img_size=&#8221;full&#8221; onclick=&#8221;link_image&#8221; css_animation=&#8221;top-to-bottom&#8221;][vc_single_image image=&#8221;706&#8243; img_size=&#8221;full&#8221; onclick=&#8221;link_image&#8221; css_animation=&#8221;top-to-bottom&#8221;][vc_single_image image=&#8221;707&#8243; img_size=&#8221;full&#8221; onclick=&#8221;link_image&#8221; css_animation=&#8221;top-to-bottom&#8221;][vc_single_image image=&#8221;708&#8243; img_size=&#8221;full&#8221; onclick=&#8221;link_image&#8221; css_animation=&#8221;top-to-bottom&#8221;][vc_single_image image=&#8221;709&#8243; img_size=&#8221;full&#8221; onclick=&#8221;link_image&#8221; css_animation=&#8221;top-to-bottom&#8221;][vc_single_image image=&#8221;710&#8243; img_size=&#8221;full&#8221; onclick=&#8221;link_image&#8221; css_animation=&#8221;top-to-bottom&#8221;][vc_single_image image=&#8221;711&#8243; img_size=&#8221;full&#8221; onclick=&#8221;link_image&#8221; css_animation=&#8221;top-to-bottom&#8221;][vc_single_image image=&#8221;712&#8243; img_size=&#8221;full&#8221; onclick=&#8221;link_image&#8221; css_animation=&#8221;top-to-bottom&#8221;][\/vc_column][\/vc_row]<\/p>\n","protected":false},"excerpt":{"rendered":"<p>[vc_row][vc_column width=&#8221;2\/3&#8243;][vc_column_text] Oehlenschl\u00e4gersgades Skole SkanDek leverede tag- og d\u00e6kelementer til Oehlenschl\u00c3\u00a4gersgades Skole. Da Oehlenschl\u00e4gersgades Skole skulle renoveres og udvides, valgte man en sp\u00e6ndende og anderledes arkitektonisk l\u00f8sning der optimalt udnyttede den sparsomme plads i skoleg\u00e5rden p\u00e5 Vesterbro. Bygningen, der fik tilnavnet T\u00e6nkeboksen, blev h\u00e6vet over jorden p\u00e5 beton- og st\u00e5ls\u00f8jler, hvorp\u00e5 det blev oplagt store &#8230; <a title=\"Oehlenschl\u00e4gersgades Skole\" class=\"read-more\" href=\"https:\/\/skandek.dk\/en\/referencer\/oehlenschlagersgades-skole\/\">Read more<span class=\"screen-reader-text\">Oehlenschl\u00e4gersgades Skole<\/span><\/a><\/p>\n","protected":false},"author":4,"featured_media":0,"parent":29,"menu_order":0,"comment_status":"closed","ping_status":"closed","template":"","meta":[],"_links":{"self":[{"href":"https:\/\/skandek.dk\/en\/wp-json\/wp\/v2\/pages\/703"}],"collection":[{"href":"https:\/\/skandek.dk\/en\/wp-json\/wp\/v2\/pages"}],"about":[{"href":"https:\/\/skandek.dk\/en\/wp-json\/wp\/v2\/types\/page"}],"author":[{"embeddable":true,"href":"https:\/\/skandek.dk\/en\/wp-json\/wp\/v2\/users\/4"}],"replies":[{"embeddable":true,"href":"https:\/\/skandek.dk\/en\/wp-json\/wp\/v2\/comments?post=703"}],"version-history":[{"count":3,"href":"https:\/\/skandek.dk\/en\/wp-json\/wp\/v2\/pages\/703\/revisions"}],"predecessor-version":[{"id":1205,"href":"https:\/\/skandek.dk\/en\/wp-json\/wp\/v2\/pages\/703\/revisions\/1205"}],"up":[{"embeddable":true,"href":"https:\/\/skandek.dk\/en\/wp-json\/wp\/v2\/pages\/29"}],"wp:attachment":[{"href":"https:\/\/skandek.dk\/en\/wp-json\/wp\/v2\/media?parent=703"}],"curies":[{"name":"wp","href":"https:\/\/api.w.org\/{rel}","templated":true}]}}