{"id":673,"date":"2015-11-11T12:16:35","date_gmt":"2015-11-11T12:16:35","guid":{"rendered":"http:\/\/test.skandek.dk\/?page_id=673"},"modified":"2015-12-01T07:36:46","modified_gmt":"2015-12-01T07:36:46","slug":"euc-sonderborg","status":"publish","type":"page","link":"https:\/\/skandek.dk\/en\/referencer\/euc-sonderborg\/","title":{"rendered":"EUC- S\u00f8nderborg"},"content":{"rendered":"<p>[vc_row][vc_column width=&#8221;2\/3&#8243;][vc_column_text]<\/p>\n<div class=\"csc-textpicHeader csc-textpicHeader-25\">\n<h1 class=\"csc-firstHeader\">EUC-S\u00f8nderborg<\/h1>\n<\/div>\n<div class=\"indent\">\n<p class=\"bodytext\"><b>Projektbeskrivelse:<br \/>\n<\/b>Projektet er specielt, fordi det p\u00e5 en ny involverende m\u00e5de kommer til at g\u00f8re eleverne bevidste om b\u00e6redygtighed og energirigtige l\u00f8sninger. I det omfattende renoveringsprojekt kan eleverne, p\u00e5 monitorer, f\u00f8lge med i uddannelsesinstitutionens drift og bl.a. se, hvor meget energi solcellerne p\u00e5 taget producerer og f\u00f8lge med i det aktuelle CO2-regnskab. Projektet er gennemf\u00f8rt i 2010, og eleverne har taget lokalerne i anvendelse i januar 2011.<\/p>\n<p class=\"bodytext\">Renoveringen omfatter 15.000 m2, hvoraf 3.000 m2 er nybygning og etablering af en indskudt etage. Centralt i projektet er en stor atriumg\u00e5rd, der skal rumme cafeteria og caf\u00c3\u00a9 samt et helt nyt gymnasieomr\u00e5de og open learning faciliteter.<\/p>\n<p class=\"bodytext\"><b>Projektdetalje:<br \/>\n<\/b>SkanDek har leveret tag til den nye mellembygning, som prydes af store shedformede ovenlys. Sp\u00e6ndet for SkanDek elementerne er 17 m og de er leveret som en BS60 konstruktion klar til kileopbygning p\u00e5 taget og nedh\u00e6ngte lofter.<\/p>\n<\/div>\n<p>[\/vc_column_text][\/vc_column][vc_column width=&#8221;1\/3&#8243;][vc_single_image image=&#8221;674&#8243; img_size=&#8221;full&#8221; onclick=&#8221;link_image&#8221; css_animation=&#8221;top-to-bottom&#8221;][\/vc_column][\/vc_row]<\/p>\n","protected":false},"excerpt":{"rendered":"<p>[vc_row][vc_column width=&#8221;2\/3&#8243;][vc_column_text] EUC-S\u00f8nderborg Projektbeskrivelse: Projektet er specielt, fordi det p\u00e5 en ny involverende m\u00e5de kommer til at g\u00f8re eleverne bevidste om b\u00e6redygtighed og energirigtige l\u00f8sninger. I det omfattende renoveringsprojekt kan eleverne, p\u00e5 monitorer, f\u00f8lge med i uddannelsesinstitutionens drift og bl.a. se, hvor meget energi solcellerne p\u00e5 taget producerer og f\u00f8lge med i det aktuelle CO2-regnskab. &#8230; <a title=\"EUC- S\u00f8nderborg\" class=\"read-more\" href=\"https:\/\/skandek.dk\/en\/referencer\/euc-sonderborg\/\">Read more<span class=\"screen-reader-text\">EUC- S\u00f8nderborg<\/span><\/a><\/p>\n","protected":false},"author":4,"featured_media":0,"parent":29,"menu_order":0,"comment_status":"closed","ping_status":"closed","template":"","meta":[],"_links":{"self":[{"href":"https:\/\/skandek.dk\/en\/wp-json\/wp\/v2\/pages\/673"}],"collection":[{"href":"https:\/\/skandek.dk\/en\/wp-json\/wp\/v2\/pages"}],"about":[{"href":"https:\/\/skandek.dk\/en\/wp-json\/wp\/v2\/types\/page"}],"author":[{"embeddable":true,"href":"https:\/\/skandek.dk\/en\/wp-json\/wp\/v2\/users\/4"}],"replies":[{"embeddable":true,"href":"https:\/\/skandek.dk\/en\/wp-json\/wp\/v2\/comments?post=673"}],"version-history":[{"count":6,"href":"https:\/\/skandek.dk\/en\/wp-json\/wp\/v2\/pages\/673\/revisions"}],"predecessor-version":[{"id":1199,"href":"https:\/\/skandek.dk\/en\/wp-json\/wp\/v2\/pages\/673\/revisions\/1199"}],"up":[{"embeddable":true,"href":"https:\/\/skandek.dk\/en\/wp-json\/wp\/v2\/pages\/29"}],"wp:attachment":[{"href":"https:\/\/skandek.dk\/en\/wp-json\/wp\/v2\/media?parent=673"}],"curies":[{"name":"wp","href":"https:\/\/api.w.org\/{rel}","templated":true}]}}