{"id":573,"date":"2015-11-11T07:59:59","date_gmt":"2015-11-11T07:59:59","guid":{"rendered":"http:\/\/test.skandek.dk\/?page_id=573"},"modified":"2015-12-18T14:02:45","modified_gmt":"2015-12-18T14:02:45","slug":"butik-shoppingcentre","status":"publish","type":"page","link":"https:\/\/skandek.dk\/en\/referencer\/butik-shoppingcentre\/","title":{"rendered":"Retail and shopping centers"},"content":{"rendered":"<p>[vc_row][vc_column css=&#8221;.vc_custom_1447240406231{border: 1px solid #777777 !important;}&#8221;][vc_text_separator title=&#8221;Retail and shopping centers&#8221;][vc_row_inner equal_height=&#8221;yes&#8221;][vc_column_inner width=&#8221;1\/2&#8243; css=&#8221;.vc_custom_1447240421814{border: 1px solid #777777 !important;}&#8221;][vc_text_separator title=&#8221;Domus Axel -Biograf&#8221; css=&#8221;.vc_custom_1447327935879{margin-top: 5px !important;}&#8221;][vc_single_image img_size=&#8221;300&#215;300&#8243; alignment=&#8221;center&#8221; onclick=&#8221;custom_link&#8221; link=&#8221;\/domus-axel-biograf\/&#8221;][vc_column_text css=&#8221;.vc_custom_1450447007054{margin-top: -30px !important;}&#8221;]<\/p>\n<p style=\"text-align: center;\">Click on the image for more information<\/p>\n<p>[\/vc_column_text][vc_column_text]<b>Projekt navn:<\/b>Domus Axel<br \/>\n<b>Projektst\u00f8relse:<\/b> 1.100 m<sup>2<br \/>\n<\/sup><b>Udf\u00f8rt:<\/b> 2010<br \/>\n<b>Bygherre:<\/b>Domus Axel A\/S<br \/>\n<b>Arkitekt:<\/b> ID Arkitekter<br \/>\n<b>Ingeni\u00f8r:<\/b> Ramb\u00f8ll<br \/>\n<b>Entrepren\u00f8r:<\/b> Domus Axel A\/S[\/vc_column_text][\/vc_column_inner][vc_column_inner width=&#8221;1\/2&#8243; css=&#8221;.vc_custom_1447242054470{border: 1px solid #777777 !important;}&#8221;][vc_text_separator title=&#8221;Autohuset Vestergaard&#8221; css=&#8221;.vc_custom_1447327962000{margin-top: 5px !important;}&#8221;][vc_single_image image=&#8221;797&#8243; img_size=&#8221;300&#215;300&#8243; alignment=&#8221;center&#8221; onclick=&#8221;link_image&#8221;][vc_column_text css=&#8221;.vc_custom_1450447012001{margin-top: -30px !important;}&#8221;]<\/p>\n<p style=\"text-align: center;\">Click on the image for more information<\/p>\n<p>[\/vc_column_text][vc_column_text]<\/p>\n<p class=\"bodytext\"><b>Project Name:<\/b> Autohuset<br \/>\n<b>Project size:<\/b> m<sup>2<\/sup><\/p>\n<p class=\"bodytext\"><b>Project date:<\/b> 2006<br \/>\n<b>Client: <\/b>Vestergaard<br \/>\n<b>Architect:<\/b> Lauridsen &amp; Lundeh\u00f8j<br \/>\n<b>Engineering:<\/b><br \/>\n<b>Construction:<\/b> K.G. Hansen &amp; S\u00f8nner<\/p>\n<p>[\/vc_column_text][\/vc_column_inner][\/vc_row_inner][vc_row_inner equal_height=&#8221;yes&#8221;][vc_column_inner width=&#8221;1\/2&#8243; css=&#8221;.vc_custom_1447242085253{border-top-width: 1px !important;border-right-width: 1px !important;border-bottom-width: 1px !important;border-left-width: 1px !important;border-left-color: #777777 !important;border-left-style: solid !important;border-right-color: #777777 !important;border-right-style: solid !important;border-top-color: #777777 !important;border-top-style: solid !important;border-bottom-color: #777777 !important;border-bottom-style: solid !important;}&#8221;][vc_text_separator title=&#8221;IKEA Odense&#8221; css=&#8221;.vc_custom_1447328415585{margin-top: 5px !important;}&#8221;][vc_single_image image=&#8221;798&#8243; img_size=&#8221;300&#215;300&#8243; alignment=&#8221;center&#8221; onclick=&#8221;custom_link&#8221; link=&#8221;\/ikea-odense&#8221;][vc_column_text css=&#8221;.vc_custom_1450447018024{margin-top: -30px !important;}&#8221;]<\/p>\n<p style=\"text-align: center;\">Click on the image for more information<\/p>\n<p>[\/vc_column_text][vc_column_text]<b>Project Name:<\/b>IKEA Odense<br \/>\n<b>Project size:<\/b> 20.000 m<sup>2<\/sup><\/p>\n<p><b>Project date:<\/b> April 2009<br \/>\n<b>Client: <\/b>IKEA Ejendomme ApS<br \/>\n<b>Architect:<\/b> White Arkitekter<br \/>\n<b>Engineering:<\/b> OBH-Gruppen<br \/>\n<b>Construction:<\/b>[\/vc_column_text][\/vc_column_inner][vc_column_inner width=&#8221;1\/2&#8243; css=&#8221;.vc_custom_1447242322095{border: 1px solid #777777 !important;}&#8221;][vc_text_separator title=&#8221;Friis Aalborg Citycenter&#8221; css=&#8221;.vc_custom_1447328822727{margin-top: 5px !important;}&#8221;][vc_single_image image=&#8221;799&#8243; img_size=&#8221;300&#215;300&#8243; alignment=&#8221;center&#8221; onclick=&#8221;link_image&#8221;][vc_column_text css=&#8221;.vc_custom_1450447022913{margin-top: -30px !important;}&#8221;]<\/p>\n<p style=\"text-align: center;\">Click on the image for more information<\/p>\n<p>[\/vc_column_text][vc_column_text]<\/p>\n<p class=\"bodytext\"><b>Project Name:<\/b> Friis Aalborg <a class=\"internal-link\" title=\"Opens internal link in current window\" href=\"https:\/\/skandek.dkreferences\/?L=3\"><br \/>\n<\/a><b>Project size:<\/b> 1800 m<sup>2<\/sup><\/p>\n<p class=\"bodytext\"><b>Project date:<\/b> April 2009<br \/>\n<b>Client:<\/b> \u00c3\u2026lborg Kommune<br \/>\n<b>Architect:<\/b> C.F.M\u00f8ller<br \/>\n<b>Engineering:<\/b> Cowi<br \/>\n<b>Construction:<\/b> A.Engaard<\/p>\n<p>[\/vc_column_text][\/vc_column_inner][\/vc_row_inner][\/vc_column][\/vc_row]<\/p>","protected":false},"excerpt":{"rendered":"<p>[vc_row][vc_column css=&#8221;.vc_custom_1447240406231{border: 1px solid #777777 !important;}&#8221;][vc_text_separator title=&#8221;Retail and shopping centers&#8221;][vc_row_inner equal_height=&#8221;yes&#8221;][vc_column_inner width=&#8221;1\/2&#8243; css=&#8221;.vc_custom_1447240421814{border: 1px solid #777777 !important;}&#8221;][vc_text_separator title=&#8221;Domus Axel -Biograf&#8221; css=&#8221;.vc_custom_1447327935879{margin-top: 5px !important;}&#8221;][vc_single_image img_size=&#8221;300&#215;300&#8243; alignment=&#8221;center&#8221; onclick=&#8221;custom_link&#8221; link=&#8221;\/domus-axel-biograf\/&#8221;][vc_column_text css=&#8221;.vc_custom_1450447007054{margin-top: -30px !important;}&#8221;] Click on the image for more information [\/vc_column_text][vc_column_text]Projekt navn:Domus Axel Projektst\u00f8relse: 1.100 m2 Udf\u00f8rt: 2010 Bygherre:Domus Axel A\/S Arkitekt: ID Arkitekter Ingeni\u00f8r: Ramb\u00f8ll Entrepren\u00f8r: Domus &#8230; <a title=\"Retail and shopping centers\" class=\"read-more\" href=\"https:\/\/skandek.dk\/en\/referencer\/butik-shoppingcentre\/\">Read more<span class=\"screen-reader-text\">Retail and shopping centers<\/span><\/a><\/p>\n","protected":false},"author":4,"featured_media":0,"parent":29,"menu_order":0,"comment_status":"closed","ping_status":"closed","template":"","meta":[],"_links":{"self":[{"href":"https:\/\/skandek.dk\/en\/wp-json\/wp\/v2\/pages\/573"}],"collection":[{"href":"https:\/\/skandek.dk\/en\/wp-json\/wp\/v2\/pages"}],"about":[{"href":"https:\/\/skandek.dk\/en\/wp-json\/wp\/v2\/types\/page"}],"author":[{"embeddable":true,"href":"https:\/\/skandek.dk\/en\/wp-json\/wp\/v2\/users\/4"}],"replies":[{"embeddable":true,"href":"https:\/\/skandek.dk\/en\/wp-json\/wp\/v2\/comments?post=573"}],"version-history":[{"count":10,"href":"https:\/\/skandek.dk\/en\/wp-json\/wp\/v2\/pages\/573\/revisions"}],"predecessor-version":[{"id":2011,"href":"https:\/\/skandek.dk\/en\/wp-json\/wp\/v2\/pages\/573\/revisions\/2011"}],"up":[{"embeddable":true,"href":"https:\/\/skandek.dk\/en\/wp-json\/wp\/v2\/pages\/29"}],"wp:attachment":[{"href":"https:\/\/skandek.dk\/en\/wp-json\/wp\/v2\/media?parent=573"}],"curies":[{"name":"wp","href":"https:\/\/api.w.org\/{rel}","templated":true}]}}