{"id":2187,"date":"2016-09-30T12:09:23","date_gmt":"2016-09-30T12:09:23","guid":{"rendered":"https:\/\/skandek.dk?page_id=2187"},"modified":"2016-10-07T13:09:43","modified_gmt":"2016-10-07T13:09:43","slug":"tagterasser","status":"publish","type":"page","link":"https:\/\/skandek.dk\/en\/tagterasser\/","title":{"rendered":"Tagterasser"},"content":{"rendered":"<p class=\"qtranxs-available-languages-message qtranxs-available-languages-message-en\">Sorry, this entry is only available in <a href=\"https:\/\/skandek.dk\/da\/wp-json\/wp\/v2\/pages\/2187\" class=\"qtranxs-available-language-link qtranxs-available-language-link-da\" title=\"Dansk\">Dansk<\/a>. For the sake of viewer convenience, the content is shown below in the alternative language. You may click the link to switch the active language.<\/p><p>[vc_row][vc_column][vc_gallery interval=&#8221;3&#8243; images=&#8221;2190,2194,2195,2196&#8243; img_size=&#8221;600&#215;600&#8243;][vc_column_text]<img loading=\"lazy\" class=\"alignnone size-medium wp-image-2202\" src=\"https:\/\/skandek.dkwp-content\/uploads\/2016\/09\/654646-300x194.jpg\" alt=\"654646\" width=\"300\" height=\"194\" srcset=\"https:\/\/skandek.dk\/wp-content\/uploads\/2016\/09\/654646-300x194.jpg 300w, https:\/\/skandek.dk\/wp-content\/uploads\/2016\/09\/654646.jpg 351w\" sizes=\"(max-width: 300px) 100vw, 300px\" \/><\/p>\n<p>Figur 3.14.2: Eksempel p\u00e5 duo-tag, hvor membranen er placeret midt i isoleringen.<\/p>\n<p>&nbsp;<\/p>\n<p>Ved projektering af tagterrasser og gr\u00f8nne tage, kan tjekliste i Annex A med fordel benyttes.<\/p>\n<p>3.14.1 Kondensrisiko i omvendte tage og duotage I det omvendte tag er der kun \u00e9n membran, idet tagd\u00e6kningen i princippet ogs\u00e5 er dampsp\u00e6rre. I duo-taget skal isoleringen p\u00e5 oversiden af dampsp\u00e6rren normalt udg\u00f8re mindst halvdelen af isoleringen for at sikre, at membranen holdes fri for frost og kondens. Tykkelsen af det \u00f8verste isoleringslag skal dimensioneres i henhold til tabel 3.13.1.1. Hvis forholdet mellem isolering over og under tagmembranen i duotage er mindre end 1:1, m\u00e5 der normalt indl\u00e6gges en dampsp\u00e6rre p\u00e5 oversiden af tagd\u00e6kket, med mindre dette kan antages at v\u00e6re diffusionst\u00e6t i sig selv som f.eks. betond\u00e6k med udst\u00f8bte eller strimlede samlinger.<\/p>\n<p>3.14.2 Tagterrasser Tagterrasser b\u00f8r normalt udformes som omvendte tage og eller duo-tag s\u00e5 membranen ligger beskyttet. Tagmembranen kan s\u00e5 udf\u00f8res med fald 1:100. Tagterrasser kan dog ogs\u00e5 udformes som almindelige retvendte, varme tage, forudsat at bel\u00e6gningen placeres p\u00e5 opklodsninger, s\u00e5 vandet kan l\u00f8be frit under bel\u00e6gningen. Tagmembranen skal i s\u00e5 fald have et fald p\u00e5 mindst 1:40. Bel\u00e6gningen kan best\u00e5 af betonfliser p\u00e5 flisef\u00f8dder eller tr\u00e6d\u00e6k p\u00e5 str\u00f8er. Fliser udlagt i grus m\u00e5 normalt frar\u00e5des i forbindelse med retvendte, varme tage, idet membranen og indd\u00e6kninger uds\u00e6ttes for kraftige p\u00e5virkninger ved skift mellem frost og t\u00f8, hvilket medf\u00f8rer stor risiko for revner og vandindtr\u00e6ngning.<\/p>\n<p><img loading=\"lazy\" class=\"alignnone size-medium wp-image-2201\" src=\"https:\/\/skandek.dkwp-content\/uploads\/2016\/09\/65446-300x194.jpg\" alt=\"65446\" width=\"300\" height=\"194\" srcset=\"https:\/\/skandek.dk\/wp-content\/uploads\/2016\/09\/65446-300x194.jpg 300w, https:\/\/skandek.dk\/wp-content\/uploads\/2016\/09\/65446.jpg 351w\" sizes=\"(max-width: 300px) 100vw, 300px\" \/><\/p>\n<p>&nbsp;<\/p>\n<p>Figur 3.14.2.1: Tagterrasse, duo-tag, betonfliser p\u00e5 flisef\u00f8dder. Flisebel\u00e6gning og gruslag f\u00f8lger s\u00e5ledes stort set udetemperaturens variationer. Ved temperaturer under frysepunktet fryser gruslaget fast i den vandt\u00e6tte membran og skift mellem frost og t\u00f8 medf\u00f8rer bev\u00e6gelser, som overf\u00f8res til membranen. Herved er der risiko for spr\u00e6ngninger i s\u00e5vel det vandt\u00e6tte<\/p>\n<p>&nbsp;<\/p>\n<p>Tagterrasser med DUO-tag Icopal Kombidug \/ To lag Icopal Bundmembran PF 5000 SBS<\/p>\n<p><img loading=\"lazy\" class=\"alignnone size-medium wp-image-2203\" src=\"https:\/\/skandek.dkwp-content\/uploads\/2016\/09\/87987979879-300x163.jpg\" alt=\"87987979879\" width=\"300\" height=\"163\" srcset=\"https:\/\/skandek.dk\/wp-content\/uploads\/2016\/09\/87987979879-300x163.jpg 300w, https:\/\/skandek.dk\/wp-content\/uploads\/2016\/09\/87987979879.jpg 538w\" sizes=\"(max-width: 300px) 100vw, 300px\" \/><\/p>\n<p>Specifikation nr.: 9.8-20 C<\/p>\n<p>Tagh\u00e6ldning<br \/>\nMin. 1:100, max. 1:20. Ved h\u00e6ldninger under 1:40 skal underlag oprettes med overbeton eller afretningsm\u00f8rtel.<\/p>\n<p>Isolering<br \/>\nPolystyren (EPS) 150 kN\/m\u00b2 (tykkelse angives) udl\u00e6gges l\u00f8st p\u00e5 plant underlag, evt. med kiler for opbygning af fald. Et lag Icopal Base 300 G udl\u00e6gges l\u00f8st med min. 50 mm overl\u00e6g modsat rettet n\u00e6ste lags overl\u00e6g. Underste lag Et lag Icopal Bundmembran PF 5000 SBS udl\u00e6gges l\u00f8st, og fastg\u00f8res mekanisk i overl\u00e6g sammen med isoleringen.<\/p>\n<p>Overl\u00e6g fuldsvejses.<br \/>\nUdl\u00e6gges fliser umiddelbart efter membranen er p\u00e5lagt, kan den mekaniske fastg\u00f8relse udelades. Se TOR anvisning 29 vedr. ballast. Mellemste lag Et lag Icopal Bundmembran PF 5000 SBS p\u00e5svejses underste lag. Isolering Ekstruderet polystyren (XPS) 300 kN\/m\u00b3 (tykkelse angives) udl\u00e6gges l\u00f8st i et lag. \u00d8verste lag Et lag Icopal Kombidug udl\u00e6gges l\u00f8st med 5 cm overl\u00e6g mod fald.<\/p>\n<p>Fliser<br \/>\nFliser udl\u00e6gges p\u00e5 fliseb\u00e6rere. Flisernes st\u00f8rrelse b\u00f8r ikke overstige 50 x 50 cm. Fald 1:100 anbefales. Max. 5 mm fugeafstand mellem fliser. V\u00e6gt 150-200 kg\/m\u00b2.<\/p>\n<p>Dampsp\u00e6rre Husk at angive om der skal udl\u00e6gges[\/vc_column_text][\/vc_column][\/vc_row]<\/p>","protected":false},"excerpt":{"rendered":"<p>Sorry, this entry is only available in Dansk. For the sake of viewer convenience, the content is shown below in the alternative language. You may click the link to switch the active language.[vc_row][vc_column][vc_gallery interval=&#8221;3&#8243; images=&#8221;2190,2194,2195,2196&#8243; img_size=&#8221;600&#215;600&#8243;][vc_column_text] Figur 3.14.2: Eksempel p\u00e5 duo-tag, hvor membranen er placeret midt i isoleringen. &nbsp; Ved projektering af tagterrasser og gr\u00f8nne &#8230; <a title=\"Tagterasser\" class=\"read-more\" href=\"https:\/\/skandek.dk\/en\/tagterasser\/\">Read more<span class=\"screen-reader-text\">Tagterasser<\/span><\/a><\/p>\n","protected":false},"author":3,"featured_media":0,"parent":0,"menu_order":0,"comment_status":"closed","ping_status":"closed","template":"","meta":[],"_links":{"self":[{"href":"https:\/\/skandek.dk\/en\/wp-json\/wp\/v2\/pages\/2187"}],"collection":[{"href":"https:\/\/skandek.dk\/en\/wp-json\/wp\/v2\/pages"}],"about":[{"href":"https:\/\/skandek.dk\/en\/wp-json\/wp\/v2\/types\/page"}],"author":[{"embeddable":true,"href":"https:\/\/skandek.dk\/en\/wp-json\/wp\/v2\/users\/3"}],"replies":[{"embeddable":true,"href":"https:\/\/skandek.dk\/en\/wp-json\/wp\/v2\/comments?post=2187"}],"version-history":[{"count":11,"href":"https:\/\/skandek.dk\/en\/wp-json\/wp\/v2\/pages\/2187\/revisions"}],"predecessor-version":[{"id":2207,"href":"https:\/\/skandek.dk\/en\/wp-json\/wp\/v2\/pages\/2187\/revisions\/2207"}],"wp:attachment":[{"href":"https:\/\/skandek.dk\/en\/wp-json\/wp\/v2\/media?parent=2187"}],"curies":[{"name":"wp","href":"https:\/\/api.w.org\/{rel}","templated":true}]}}