{"id":2160,"date":"2016-09-20T12:25:48","date_gmt":"2016-09-20T12:25:48","guid":{"rendered":"https:\/\/skandek.dk?page_id=2160"},"modified":"2017-02-03T15:15:26","modified_gmt":"2017-02-03T15:15:26","slug":"historie","status":"publish","type":"page","link":"https:\/\/skandek.dk\/en\/historie\/","title":{"rendered":"History"},"content":{"rendered":"<p>[vc_row][vc_column][vc_column_text]SKANDEKS\u00a0 HISTORIE<\/p>\n<p>&nbsp;<\/p>\n<p>De f\u00f8rste Skandek tagelement blev produceret i 1992 og er udviklet af Peehr \u00d8 Svensson, som ogs\u00e5 hele tiden har ejet alle patenter som vedr\u00f8rer Skandek systemet.<\/p>\n<p>1980 &#8211; starter Peehr \u00d8. Svensson udvikling af Tacodek-S sammen med ingeni\u00f8r Jeff Stener Eriksen i tagfirmaet Hotaco.<br \/>\nTacodek-S bestod af b\u00e6rende galvaniseret st\u00e5l profiler og PUR isolering med max. Sp\u00e6nd 7,5 m.<\/p>\n<p>1990 &#8211; Begyndte Peehr \u00d8. Svensson at udvikle Skandek Tagelementer med hj\u00e6lp af civilingeni\u00f8r Carl Heln\u00e6s Jakobsen, Ramb\u00f8ll<\/p>\n<p>1992 &#8211; De f\u00f8rste Skandek tagelement bliver produceret. Den f\u00f8rste generation bestod af en galvaniseret st\u00e5l profil og V.F. krydsfiner, og max. Sp\u00e6nd 14,4\u00a0 m.<\/p>\n<p>1998 &#8211;\u00a0 Bliver de f\u00f8rste Skandek St\u00e5ltagelementer produceret. Den anden generation best\u00e5r af 100 % uorganiske materialer og 100 %\u00a0 ubr\u00e6ndbare materiale.<\/p>\n<p>Den special producerede galvaniseret st\u00e5lbj\u00e6lke er det b\u00e6rende og den bekl\u00e6des med st\u00e5ltrapez plader p\u00e5 loft og tagside med max. Sp\u00e6nd 18 m. Og den er udviklet i samarbejde \u00a0med\u00a0civilingeni\u00f8r \u00a0Carl Heln\u00e6s Jakobsen, Ramb\u00f8ll og civilingeni\u00f8r og professor ved DTU Jeppe J\u00f4nsson.<\/p>\n<p>2001 &#8211; Er etableres et nyt 50\/50 % ejet selskab Skandek Tagelementfabrik A\/S sammen med SE Beton A\/S \u00c5lborg.<\/p>\n<p>2003 &#8211;\u00a0 Den nye Tagelementfabrik i Hobro st\u00e5r klar og med en ny profilvalser som kan producere en st\u00f8rre b\u00e6re bj\u00e6lke og\u00a0 max. Sp\u00e6nd\u00a0 22 m<\/p>\n<p>2006 &#8211; \u00a0SE Beton A\/S s\u00e6lger deres 50 % til Jysk Fynsk Kapitalanl\u00e6g og Peehr \u00d8 Svensson s\u00e6lger samtidig<br \/>\n10 % af sine aktier til JFK. Herefter er ejerskabet 60 % til JFK og 40 % til Peehr \u00d8. Svensson.<\/p>\n<p>Peehr \u00d8. Svensson ejer fortsat alle patenter og rettigheder til Skandek.<\/p>\n<p>2008 \u2013 Kommer Finanskrisen og P\u00d8S \u00f8nsker at tilpasse firmaets omkostningerne til den nye markeds situation, men det \u00f8nsker JFK ikke.<\/p>\n<p>2010 \u2013 Finanskrisen g\u00f8r nu virkelig ondt og P\u00d8S kr\u00e6ver nu at tilpasse firmaets omkostninger til den lavere oms\u00e6tning, men JFK vil fortsat ikke v\u00e6re med til at tilpasse omkostninger til oms\u00e6tningen.<\/p>\n<p>2011 \u2013 Peehr \u00d8. Svensson udvikler den nye Skandek Green Line og f\u00e5r patenteret det nye element. Elementet har en meget bedre U-v\u00e6rdi og mindre St\u00e5l forbrug.<\/p>\n<p>2012 \u2013 I forbindelse med fortsat stor uenighed omkring tilpasning af firmaets omkostninger s\u00e6lger Peehr \u00d8. Svensson \u00a0sin 40 % ejerandel til hoved Aktion\u00e6ren JFK \/ JFK\u00b4 s bestyrelses formand.<br \/>\nP\u00d8S\u00a0 fungerer herefter som konsulent for firmaet.<\/p>\n<p>2014 \u2013 I januar g\u00e5r Skandek Tagelementfabrik A\/S konkurs. Peehr \u00d8. Svensson ejer fortsat alle patenter og rettigheder til Skandek.<\/p>\n<p><img loading=\"lazy\" class=\"alignnone wp-image-2181 size-large\" src=\"https:\/\/skandek.dkwp-content\/uploads\/2016\/09\/1015_Z-huset_-36per-1024x685.jpg\" alt=\"1015_z-huset_-36per\" width=\"1024\" height=\"685\" srcset=\"https:\/\/skandek.dk\/wp-content\/uploads\/2016\/09\/1015_Z-huset_-36per-1024x685.jpg 1024w, https:\/\/skandek.dk\/wp-content\/uploads\/2016\/09\/1015_Z-huset_-36per-300x201.jpg 300w, https:\/\/skandek.dk\/wp-content\/uploads\/2016\/09\/1015_Z-huset_-36per-768x514.jpg 768w, https:\/\/skandek.dk\/wp-content\/uploads\/2016\/09\/1015_Z-huset_-36per-272x182.jpg 272w\" sizes=\"(max-width: 1024px) 100vw, 1024px\" \/><\/p>\n<p>I Maj 2014 starter P\u00d8S selskabet Tagelement A\/S. Det nye selskab produktudvikler, s\u00e6lger, markedsf\u00f8re og projekterer Skandek St\u00e5ltagelementer og gulvelementer.\u00a0 Tagelement A\/S har k\u00f8bt de special udviklede produktionsmaskiner som er n\u00f8dvendige for produktionen af de patenterede Skandek bj\u00e6lker. Elementerne produceres af under leverand\u00f8rer.<\/p>\n<p>Der foreg\u00e5r fortsat produktudvikling af Skandek Green Line elementer samt udvikling af helt nye tagelement systemer. Det grundl\u00e6ggende er fortsat at Skandek best\u00e5r af 100 % uorganiske og 100 % ubr\u00e6ndbare materialer s\u00e5ledes at vi opn\u00e5r en levetid p\u00e5 min. 100 \u00e5r.[\/vc_column_text][\/vc_column][\/vc_row]<\/p>","protected":false},"excerpt":{"rendered":"<p>[vc_row][vc_column][vc_column_text]SKANDEKS\u00a0 HISTORIE &nbsp; De f\u00f8rste Skandek tagelement blev produceret i 1992 og er udviklet af Peehr \u00d8 Svensson, som ogs\u00e5 hele tiden har ejet alle patenter som vedr\u00f8rer Skandek systemet. 1980 &#8211; starter Peehr \u00d8. Svensson udvikling af Tacodek-S sammen med ingeni\u00f8r Jeff Stener Eriksen i tagfirmaet Hotaco. Tacodek-S bestod af b\u00e6rende galvaniseret st\u00e5l profiler &#8230; <a title=\"History\" class=\"read-more\" href=\"https:\/\/skandek.dk\/en\/historie\/\">Read more<span class=\"screen-reader-text\">History<\/span><\/a><\/p>\n","protected":false},"author":3,"featured_media":0,"parent":0,"menu_order":0,"comment_status":"closed","ping_status":"closed","template":"","meta":[],"_links":{"self":[{"href":"https:\/\/skandek.dk\/en\/wp-json\/wp\/v2\/pages\/2160"}],"collection":[{"href":"https:\/\/skandek.dk\/en\/wp-json\/wp\/v2\/pages"}],"about":[{"href":"https:\/\/skandek.dk\/en\/wp-json\/wp\/v2\/types\/page"}],"author":[{"embeddable":true,"href":"https:\/\/skandek.dk\/en\/wp-json\/wp\/v2\/users\/3"}],"replies":[{"embeddable":true,"href":"https:\/\/skandek.dk\/en\/wp-json\/wp\/v2\/comments?post=2160"}],"version-history":[{"count":13,"href":"https:\/\/skandek.dk\/en\/wp-json\/wp\/v2\/pages\/2160\/revisions"}],"predecessor-version":[{"id":2317,"href":"https:\/\/skandek.dk\/en\/wp-json\/wp\/v2\/pages\/2160\/revisions\/2317"}],"wp:attachment":[{"href":"https:\/\/skandek.dk\/en\/wp-json\/wp\/v2\/media?parent=2160"}],"curies":[{"name":"wp","href":"https:\/\/api.w.org\/{rel}","templated":true}]}}