{"id":1737,"date":"2015-12-14T13:05:09","date_gmt":"2015-12-14T13:05:09","guid":{"rendered":"http:\/\/test.skandek.dk\/?page_id=1737"},"modified":"2015-12-14T13:05:47","modified_gmt":"2015-12-14T13:05:47","slug":"ks","status":"publish","type":"page","link":"https:\/\/skandek.dk\/en\/entreprenoermontage\/ks\/","title":{"rendered":"QA"},"content":{"rendered":"<p>[vc_row][vc_column width=&#8221;2\/3&#8243; css=&#8221;.vc_custom_1447163416332{border-top-width: 1px !important;border-right-width: 1px !important;border-bottom-width: 1px !important;border-left-width: 1px !important;border-left-color: #777777 !important;border-left-style: solid !important;border-right-color: #777777 !important;border-right-style: solid !important;border-top-color: #777777 !important;border-top-style: solid !important;border-bottom-color: #777777 !important;border-bottom-style: solid !important;}&#8221;][vc_text_separator title=&#8221;Quallity&#8221;][vc_column_text]<\/p>\n<div id=\"c2849\" class=\"csc-default\">\n<div class=\"csc-textpic csc-textpic-center csc-textpic-above\">\n<div class=\"csc-textpic-text\">\n<div id=\"c2764\" class=\"csc-default\">\n<div class=\"csc-textpic csc-textpic-center csc-textpic-below\">\n<div class=\"csc-textpic-text\">\n<div id=\"c2912\" class=\"csc-default\">\n<div class=\"csc-textpic csc-textpic-center csc-textpic-below\">\n<div class=\"csc-textpic-text\">\n<div id=\"c1752\" class=\"csc-default\">\n<div class=\"csc-textpic csc-textpic-intext-right\">\n<div class=\"csc-textpic-text\">\n<div id=\"c1757\" class=\"csc-default\">\n<p class=\"bodytext\"><b>Kvalitetssikring af montagearbejdet.<\/b><\/p>\n<p class=\"bodytext\">Kvalitetssikring er et v\u00e6rkt\u00f8j for dig som entrepren\u00f8r, til at dokumentere overfor bygherren og hans r\u00e5dgivere, at arbejdet er udf\u00f8rt i overensstemmelse med de kvalitetskrav, der fremg\u00e5r af entrepriseaftalen.<\/p>\n<p>Anvender du kvalitetssikring systematisk, vil den fungere som en hj\u00e6lp til at undg\u00e5 misforst\u00e5elser og fejl under udf\u00f8relsen af byggeriet og en dokumentation af kvaliteten af det f\u00e6rdige byggeri. Kvalitetssikring er lovpligtigt for statslige og statsst\u00f8ttede byggerier.<\/p>\n<p class=\"bodytext\"><b>Faser.<\/b><\/p>\n<ul>\n<li><strong>Kontrolopm\u00e5ling samt koordinering af tidsplaner og adgangsforhold.<\/strong><br \/>\nMont\u00f8ren skal sammen med byggepladsens ledelse, i god tid kontrollere at de b\u00e6rende konstruktioner er udf\u00f8rt og afstivet korrekt i forhold til beskrivelserne, og at der ikke er spring og uj\u00e6vnheder i vederlaget. Tagelementmont\u00f8ren har ret til at kassere underlaget, s\u00e5fremt det er uegnet til opl\u00e6gning af tagkassetter.<br \/>\nDet er en god id\u00e9 at benytte en laserafstandsm\u00e5ler p\u00e5 de invendige v\u00e6gge, for at se om montagetolerancerne er overholdt. P\u00e5 lange bygninger vil det ofte v\u00e6re en fordel at <strong>afs\u00e6tte m\u00e5lem\u00e6rker<\/strong> p\u00e5 vederlaget, for at opretholde takten.<\/li>\n<li><strong>Modtagerkontrol<\/strong>.<br \/>\nV\u00e6rkt\u00f8jer: Modtagekontrolskemaer og evt. fotodokumentation.<\/li>\n<li><strong>Montage.<br \/>\n<\/strong>V\u00e6rkt\u00f8jer: Proceskontrolskemaer og fotodokumentation.<br \/>\nTagelementmont\u00f8rer, tagd\u00e6kkere etc., <strong>m\u00e5 aldrig forlade byggepladsen inden der er foretaget natlukning<\/strong>. Indtr\u00e6ngende vand i ikke-afd\u00e6kkede ender og sider p\u00e5 st\u00e5ltagelementerne, kan medf\u00f8re vandskader p\u00e5 mineraluld og tr\u00e6forskalling.<strong>Underpap:<\/strong> Tagelementer der bliver leveret med underpap til efterf\u00f8lgende strimling, kan fungere som midlertidig afd\u00e6kning i bygge-perioden. Underpap har ofte en UV-bestandighed p\u00e5 op til et \u00e5r i sig selv, men styrkem\u00e6ssigt er den selvsagt ikke s\u00e5 st\u00e6rk som en overpap. Som en tommelfingerregel b\u00f8r man efter 3 uger udf\u00f8re regelm\u00e6ssig visuel og fysisk kontrol p\u00e5 st\u00e6rkt vind-udsatte steder (fx langs stern og murkrone), for at sikre sig mod l\u00e6kager fra opbl\u00e6ste samlinger. I \u00f8vrigt henvises til TOR&#8217;s anvisninger.<\/li>\n<\/ul>\n<\/div>\n<\/div>\n<\/div>\n<\/div>\n<\/div>\n<\/div>\n<\/div>\n<\/div>\n<\/div>\n<\/div>\n<\/div>\n<\/div>\n<\/div>\n<p>PVC-tagfolie: Folieoverl\u00e6g kan svejses sammen med varmluft, selvom overfladen p\u00e5 tagfolien er fugtig. Dog kan der i enkelte tilf\u00e6lde opst\u00e5 problemer med vedh\u00e6ftningen, hvis undersiden af tagfolien er blevet opfugtet. I disse tilf\u00e6lde skal man vente med at svejse til undersiden er t\u00f8rret ud, eller ogs\u00e5 fors\u00f8ge at udt\u00f8rre folien med varmluft.<\/p>\n<ul>\n<li><strong>Afleveringsfasen.<\/strong><br \/>\nV\u00e6rkt\u00f8jer: Slutkontrolskemaer, afvigerapporter, dagbogsoptegnelser.<\/li>\n<\/ul>\n<p>&nbsp;<\/p>\n<p class=\"bodytext\"><b>Bilag og links:<\/b><\/p>\n<ul>\n<li>SkanDek&#8217;s <a class=\"internal-link\" title=\"Opens internal link in current window\" href=\"\/ingenioer\/ks\/\">interne KS-materiale<\/a> under projektering og produktion.<\/li>\n<\/ul>\n<p>[\/vc_column_text][\/vc_column][\/vc_row]<\/p>","protected":false},"excerpt":{"rendered":"<p>[vc_row][vc_column width=&#8221;2\/3&#8243; css=&#8221;.vc_custom_1447163416332{border-top-width: 1px !important;border-right-width: 1px !important;border-bottom-width: 1px !important;border-left-width: 1px !important;border-left-color: #777777 !important;border-left-style: solid !important;border-right-color: #777777 !important;border-right-style: solid !important;border-top-color: #777777 !important;border-top-style: solid !important;border-bottom-color: #777777 !important;border-bottom-style: solid !important;}&#8221;][vc_text_separator title=&#8221;Quallity&#8221;][vc_column_text] Kvalitetssikring af montagearbejdet. Kvalitetssikring er et v\u00e6rkt\u00f8j for dig som entrepren\u00f8r, til at dokumentere overfor bygherren og hans r\u00e5dgivere, at arbejdet er udf\u00f8rt i overensstemmelse med de &#8230; <a title=\"QA\" class=\"read-more\" href=\"https:\/\/skandek.dk\/en\/entreprenoermontage\/ks\/\">Read more<span class=\"screen-reader-text\">QA<\/span><\/a><\/p>\n","protected":false},"author":4,"featured_media":0,"parent":39,"menu_order":0,"comment_status":"closed","ping_status":"closed","template":"","meta":[],"_links":{"self":[{"href":"https:\/\/skandek.dk\/en\/wp-json\/wp\/v2\/pages\/1737"}],"collection":[{"href":"https:\/\/skandek.dk\/en\/wp-json\/wp\/v2\/pages"}],"about":[{"href":"https:\/\/skandek.dk\/en\/wp-json\/wp\/v2\/types\/page"}],"author":[{"embeddable":true,"href":"https:\/\/skandek.dk\/en\/wp-json\/wp\/v2\/users\/4"}],"replies":[{"embeddable":true,"href":"https:\/\/skandek.dk\/en\/wp-json\/wp\/v2\/comments?post=1737"}],"version-history":[{"count":2,"href":"https:\/\/skandek.dk\/en\/wp-json\/wp\/v2\/pages\/1737\/revisions"}],"predecessor-version":[{"id":1739,"href":"https:\/\/skandek.dk\/en\/wp-json\/wp\/v2\/pages\/1737\/revisions\/1739"}],"up":[{"embeddable":true,"href":"https:\/\/skandek.dk\/en\/wp-json\/wp\/v2\/pages\/39"}],"wp:attachment":[{"href":"https:\/\/skandek.dk\/en\/wp-json\/wp\/v2\/media?parent=1737"}],"curies":[{"name":"wp","href":"https:\/\/api.w.org\/{rel}","templated":true}]}}