{"id":1595,"date":"2015-12-11T12:09:46","date_gmt":"2015-12-11T12:09:46","guid":{"rendered":"http:\/\/test.skandek.dk\/?page_id=1595"},"modified":"2015-12-20T12:13:34","modified_gmt":"2015-12-20T12:13:34","slug":"beregninger","status":"publish","type":"page","link":"https:\/\/skandek.dk\/en\/ingenioer\/beregninger\/","title":{"rendered":"Calculations"},"content":{"rendered":"<p>[vc_row][vc_column width=&#8221;2\/3&#8243; css=&#8221;.vc_custom_1447163416332{border-top-width: 1px !important;border-right-width: 1px !important;border-bottom-width: 1px !important;border-left-width: 1px !important;border-left-color: #777777 !important;border-left-style: solid !important;border-right-color: #777777 !important;border-right-style: solid !important;border-top-color: #777777 !important;border-top-style: solid !important;border-bottom-color: #777777 !important;border-bottom-style: solid !important;}&#8221;][vc_text_separator title=&#8221;Calculations&#8221;][vc_column_text]<\/p>\n<div id=\"c2849\" class=\"csc-default\">\n<div class=\"csc-textpic csc-textpic-center csc-textpic-above\">\n<div class=\"csc-textpic-text\">\n<div id=\"c2764\" class=\"csc-default\">\n<div class=\"csc-textpic csc-textpic-center csc-textpic-below\">\n<div class=\"csc-textpic-text\">\n<div id=\"c2912\" class=\"csc-default\">\n<div class=\"csc-textpic csc-textpic-center csc-textpic-below\">\n<div class=\"csc-textpic-text\">\n<div id=\"c1752\" class=\"csc-default\">\n<div class=\"csc-textpic csc-textpic-intext-right\">\n<div class=\"csc-textpic-text\">\n<div id=\"c1757\" class=\"csc-default\">\n<div id=\"c392\" class=\"csc-default\">\n<div class=\"csc-textpic csc-textpic-intext-right\">\n<div class=\"csc-textpic-text\">\n<p class=\"bodytext\"><img loading=\"lazy\" class=\"alignright wp-image-1597 size-medium\" src=\"https:\/\/skandek.dkwp-content\/uploads\/2015\/12\/79ac37b17e-300x188.jpg\" alt=\"79ac37b17e\" width=\"300\" height=\"188\" \/>N\u00e5r vi siger at SkanDek har skivefunktion, s\u00e5 er elementerne i stand til at virke som en skive, der kan overf\u00f8re vindlaster, der virker i skivens plan.<\/p>\n<p class=\"bodytext\">Tager vi et klasisk eksempel og antager, at der kommer vind p\u00e5 skivens endekant som en ensfordelt last, vil dette medf\u00f8re et tryk i skivens ene side &#8211; hvor tv\u00e6rlasten trykker ind p\u00e5 skiven og et tr\u00e6k i skivens modsatte side. I daglig tale kaldet stringerkr\u00e6fter. Disse stringerkr\u00e6fter skal optages af stringere, som det alene p\u00e5hviler den r\u00e5dgivende ingeni\u00f8r at dimensionere. SkanDek skal dokumentere, at skivekr\u00e6fterne kan overf\u00f8res til stringerne, hvorimod den underliggende konstruktion er ingeni\u00f8rens ansvar.<\/p>\n<p class=\"bodytext\">For at SkanDek kan im\u00f8dekomme at elementerne, i et givent tilf\u00e6lde, kan bruges som skive, s\u00e5 b\u00f8r det pr\u00e6ciseres, at SkanDek ved tilbuddets afgivelse SKAL have den statiske rapport, hvor de forskellige reaktioner er vist p\u00e5 en last plan.<\/p>\n<\/div>\n<\/div>\n<\/div>\n<div id=\"c394\" class=\"csc-default\">\n<div class=\"csc-textpic csc-textpic-intext-right\">\n<div class=\"csc-textpic-imagewrap\"><\/div>\n<div class=\"csc-textpic-text\">\n<p class=\"bodytext\">Ved fastg\u00f8relse af skivens to langsg\u00e5ende kanter, som bliver underst\u00f8ttet af d\u00e6kskiven af yderv\u00e6gge\/tv\u00e6rg\u00e5ende v\u00e6gge, skal ingeni\u00f8ren sikre sig at disse bliver bef\u00e6stiget korrekt, og at det underliggende materiale kan optage det tryk\/ tr\u00e6k som der m\u00e5tte v\u00e6re (Vist med pile)<\/p>\n<p class=\"bodytext\">Det pr\u00e6ciseres at fastg\u00f8relse til tr\u00e6 ikke er den optimale l\u00f8sning.<\/p>\n<\/div>\n<\/div>\n<\/div>\n<\/div>\n<\/div>\n<\/div>\n<\/div>\n<\/div>\n<\/div>\n<\/div>\n<\/div>\n<\/div>\n<\/div>\n<\/div>\n<\/div>\n<\/div>\n<p>[\/vc_column_text][\/vc_column][vc_column width=&#8221;1\/3&#8243;][vc_single_image image=&#8221;1596&#8243; img_size=&#8221;full&#8221; alignment=&#8221;center&#8221; onclick=&#8221;link_image&#8221; css_animation=&#8221;top-to-bottom&#8221;][vc_single_image image=&#8221;1598&#8243; img_size=&#8221;full&#8221; alignment=&#8221;center&#8221; onclick=&#8221;link_image&#8221; css_animation=&#8221;top-to-bottom&#8221;][vc_single_image image=&#8221;1599&#8243; img_size=&#8221;full&#8221; alignment=&#8221;center&#8221; onclick=&#8221;link_image&#8221; css_animation=&#8221;top-to-bottom&#8221;][\/vc_column][\/vc_row]<\/p>","protected":false},"excerpt":{"rendered":"<p>[vc_row][vc_column width=&#8221;2\/3&#8243; css=&#8221;.vc_custom_1447163416332{border-top-width: 1px !important;border-right-width: 1px !important;border-bottom-width: 1px !important;border-left-width: 1px !important;border-left-color: #777777 !important;border-left-style: solid !important;border-right-color: #777777 !important;border-right-style: solid !important;border-top-color: #777777 !important;border-top-style: solid !important;border-bottom-color: #777777 !important;border-bottom-style: solid !important;}&#8221;][vc_text_separator title=&#8221;Calculations&#8221;][vc_column_text] N\u00e5r vi siger at SkanDek har skivefunktion, s\u00e5 er elementerne i stand til at virke som en skive, der kan overf\u00f8re vindlaster, der virker i skivens plan. &#8230; <a title=\"Calculations\" class=\"read-more\" href=\"https:\/\/skandek.dk\/en\/ingenioer\/beregninger\/\">Read more<span class=\"screen-reader-text\">Calculations<\/span><\/a><\/p>\n","protected":false},"author":4,"featured_media":0,"parent":37,"menu_order":0,"comment_status":"closed","ping_status":"closed","template":"","meta":[],"_links":{"self":[{"href":"https:\/\/skandek.dk\/en\/wp-json\/wp\/v2\/pages\/1595"}],"collection":[{"href":"https:\/\/skandek.dk\/en\/wp-json\/wp\/v2\/pages"}],"about":[{"href":"https:\/\/skandek.dk\/en\/wp-json\/wp\/v2\/types\/page"}],"author":[{"embeddable":true,"href":"https:\/\/skandek.dk\/en\/wp-json\/wp\/v2\/users\/4"}],"replies":[{"embeddable":true,"href":"https:\/\/skandek.dk\/en\/wp-json\/wp\/v2\/comments?post=1595"}],"version-history":[{"count":3,"href":"https:\/\/skandek.dk\/en\/wp-json\/wp\/v2\/pages\/1595\/revisions"}],"predecessor-version":[{"id":2031,"href":"https:\/\/skandek.dk\/en\/wp-json\/wp\/v2\/pages\/1595\/revisions\/2031"}],"up":[{"embeddable":true,"href":"https:\/\/skandek.dk\/en\/wp-json\/wp\/v2\/pages\/37"}],"wp:attachment":[{"href":"https:\/\/skandek.dk\/en\/wp-json\/wp\/v2\/media?parent=1595"}],"curies":[{"name":"wp","href":"https:\/\/api.w.org\/{rel}","templated":true}]}}