{"id":1556,"date":"2015-12-11T10:38:34","date_gmt":"2015-12-11T10:38:34","guid":{"rendered":"http:\/\/test.skandek.dk\/?page_id=1556"},"modified":"2015-12-21T07:33:05","modified_gmt":"2015-12-21T07:33:05","slug":"installationer-gennemforinger-og-adgangsveje","status":"publish","type":"page","link":"https:\/\/skandek.dk\/en\/ingenioer\/installationer-gennemforinger-og-adgangsveje\/","title":{"rendered":"Installations, completions and accessroads"},"content":{"rendered":"<p>[vc_row][vc_column width=&#8221;2\/3&#8243; css=&#8221;.vc_custom_1447163416332{border-top-width: 1px !important;border-right-width: 1px !important;border-bottom-width: 1px !important;border-left-width: 1px !important;border-left-color: #777777 !important;border-left-style: solid !important;border-right-color: #777777 !important;border-right-style: solid !important;border-top-color: #777777 !important;border-top-style: solid !important;border-bottom-color: #777777 !important;border-bottom-style: solid !important;}&#8221;][vc_text_separator title=&#8221;Installations, completions and accessroads&#8221;][vc_column_text]<\/p>\n<div id=\"c2849\" class=\"csc-default\">\n<div class=\"csc-textpic csc-textpic-center csc-textpic-above\">\n<div class=\"csc-textpic-text\">\n<div id=\"c2764\" class=\"csc-default\">\n<div class=\"csc-textpic csc-textpic-center csc-textpic-below\">\n<div class=\"csc-textpic-text\">\n<div id=\"c2912\" class=\"csc-default\">\n<div class=\"csc-textpic csc-textpic-center csc-textpic-below\">\n<div class=\"csc-textpic-text\">\n<div id=\"c1752\" class=\"csc-default\">\n<div class=\"csc-textpic csc-textpic-intext-right\">\n<div class=\"csc-textpic-text\">\n<div id=\"c1757\" class=\"csc-default\">\n<div id=\"c1249\" class=\"csc-default\">\n<div>\n<p class=\"bodytext\"><b>Installationer, oph\u00e6ng og gennemf\u00f8ringer p\u00e5 tage og lofter.<\/b><\/p>\n<p>&nbsp;<\/p>\n<\/div>\n<\/div>\n<div id=\"c1248\" class=\"csc-default\">\n<div class=\"csc-textpic-text\">\n<p class=\"bodytext\"><b>Tagbr\u00f8nde.<\/b><\/p>\n<p class=\"bodytext\">Udsparinger til tagbr\u00f8nde udf\u00f8res in situ. Hultagningen i st\u00e5ltrapezpladen foretages ofte med en nippler eller en lille vinkelsliber. Det er n\u00f8dvendigt at opm\u00e5le og markere hvor de b\u00e6rende SkanDek-bj\u00e6lker er placeret inden hultagning, da disse aldrig m\u00e5 gennembrydes.<\/p>\n<p class=\"bodytext\"><img loading=\"lazy\" class=\"alignright wp-image-1667 size-full\" src=\"https:\/\/skandek.dkwp-content\/uploads\/2015\/12\/d0752e863c.jpg\" alt=\"d0752e863c\" width=\"210\" height=\"158\" \/><\/p>\n<p class=\"bodytext\"><b>Udsparinger til ventilationsr\u00f8r.<\/b><\/p>\n<\/div>\n<\/div>\n<div id=\"c1247\" class=\"csc-default csc-space-after-25\">\n<div class=\"csc-textpic csc-textpic-intext-right\">\n<div class=\"csc-textpic-text\">\n<p class=\"bodytext\">Udsparinger st\u00f8rre end \u00d8500 mm kan leveres fra vores fabrik. Hullerne er altid kvadratiske, hvorfor VVS-manden skal benytte afd\u00e6kningsflanger, r\u00f8rkraver eller pladesv\u00f8b med en passende radius, for at sikre et ordentligt underlag for isolering, tagmembran og indd\u00e6kninger. Indd\u00e6kninger skal udf\u00f8res i takt med installationsarbejdet, for at hindre indtr\u00e6ngning af overfladevand.<\/p>\n<\/div>\n<\/div>\n<\/div>\n<div id=\"c1246\" class=\"csc-default csc-space-after-25\">\n<div class=\"csc-textpic csc-textpic-left csc-textpic-below\">\n<div class=\"csc-textpic-text\">\n<p class=\"bodytext\"><b>Adgangsveje under montagearbejde og servicetrafik.<br \/>\n<\/b><b><br \/>\n<\/b>Under montagearbejdet af ventilationsanl\u00e6g o.lign. samt efterf\u00f8lgende servicetrafik, kan man risikere at tagisoleringen og tagmembranen tr\u00e6des i stykker, med vandskader til f\u00f8lge. Slidtagen opst\u00e5r ofte ud for stiger og trapper der fungerer som tagets adgangsveje, samt ved arbejdsomr\u00e5der hvor fx. installeres VVS-anl\u00e6g og facadepartier. I disse omr\u00e5der skal der udl\u00e6gges fx. krydsfiner-plader. Adgangsveje for servicering af VVS-anl\u00e6g skal afd\u00e6kkes permanent, eksempelvis ved at udl\u00e6gge tynde st\u00e5lplader afsluttet med en slidst\u00e6rk tagmembran p\u00e5 toppen.<\/p>\n<\/div>\n<\/div>\n<\/div>\n<\/div>\n<\/div>\n<\/div>\n<\/div>\n<\/div>\n<\/div>\n<\/div>\n<\/div>\n<\/div>\n<\/div>\n<\/div>\n<\/div>\n<\/div>\n<p>[\/vc_column_text][vc_single_image image=&#8221;1668&#8243; img_size=&#8221;full&#8221; alignment=&#8221;center&#8221; onclick=&#8221;custom_link&#8221; img_link_target=&#8221;_blank&#8221; css_animation=&#8221;top-to-bottom&#8221; link=&#8221;\/wp-content\/pdf\/407.pdf&#8221;][vc_column_text]<\/p>\n<div id=\"c2849\" class=\"csc-default\">\n<div class=\"csc-textpic csc-textpic-center csc-textpic-above\">\n<div class=\"csc-textpic-text\">\n<div id=\"c2764\" class=\"csc-default\">\n<div class=\"csc-textpic csc-textpic-center csc-textpic-below\">\n<div class=\"csc-textpic-text\">\n<div id=\"c2912\" class=\"csc-default\">\n<div class=\"csc-textpic csc-textpic-center csc-textpic-below\">\n<div class=\"csc-textpic-text\">\n<div id=\"c1752\" class=\"csc-default\">\n<div class=\"csc-textpic csc-textpic-intext-right\">\n<div class=\"csc-textpic-text\">\n<div id=\"c1757\" class=\"csc-default\">\n<div id=\"c1249\" class=\"csc-default\">\n<p class=\"bodytext\"><b>Installation af faldsikring med liner.<\/b><\/p>\n<p class=\"bodytext\">Det er vigtigt at bygherrens r\u00e5dgivere under projekteringsfasen husker, at der ofte skal etableres af faldsikring p\u00e5 taget for inspektion og vedligeholdelsesopgaver p\u00e5 taget.<\/p>\n<p class=\"bodytext\">Poster for faldsikring vil ofte v\u00e6re forankret med v\u00e6ltepl\u00f8kker ned igennem den \u00f8verste 18 mm st\u00e5ltrapezplade. Hullerne for v\u00e6ltepl\u00f8kkerne kan monteres overalt hvor der ikke er b\u00e6rende SkanDek-bj\u00e6lker nedenunder. Derfor b\u00f8r tagd\u00e6kkeren udm\u00e5le og afm\u00e6rke disses placering inden taget lukkes.<\/p>\n<\/div>\n<\/div>\n<\/div>\n<\/div>\n<\/div>\n<\/div>\n<\/div>\n<\/div>\n<\/div>\n<\/div>\n<\/div>\n<\/div>\n<\/div>\n<\/div>\n<p>[\/vc_column_text][vc_single_image image=&#8221;1669&#8243; img_size=&#8221;full&#8221; alignment=&#8221;center&#8221; onclick=&#8221;link_image&#8221; css_animation=&#8221;top-to-bottom&#8221;][vc_row_inner][vc_column_inner width=&#8221;1\/2&#8243;][vc_single_image image=&#8221;1670&#8243; img_size=&#8221;full&#8221; alignment=&#8221;center&#8221; onclick=&#8221;custom_link&#8221; css_animation=&#8221;top-to-bottom&#8221; link=&#8221;\/wp-content\/pdf\/Dokumentation_for_midlertidig_faldsikring__-_Ovenlys.pdf&#8221;][\/vc_column_inner][vc_column_inner width=&#8221;1\/2&#8243;][vc_column_text]<\/p>\n<div id=\"c2849\" class=\"csc-default\">\n<div class=\"csc-textpic csc-textpic-center csc-textpic-above\">\n<div class=\"csc-textpic-text\">\n<div id=\"c2764\" class=\"csc-default\">\n<div class=\"csc-textpic csc-textpic-center csc-textpic-below\">\n<div class=\"csc-textpic-text\">\n<div id=\"c2912\" class=\"csc-default\">\n<div class=\"csc-textpic csc-textpic-center csc-textpic-below\">\n<div class=\"csc-textpic-text\">\n<div id=\"c1752\" class=\"csc-default\">\n<div class=\"csc-textpic csc-textpic-intext-right\">\n<div class=\"csc-textpic-text\">\n<div id=\"c1757\" class=\"csc-default\">\n<div id=\"c1249\" class=\"csc-default\">\n<p class=\"bodytext\"><b>Faldsikring af udsparinger.<\/b><\/p>\n<p class=\"bodytext\">Over udsparinger kan SkanDek&#8217;s st\u00e5l- tagelementer leveres med 18 mm st\u00e5ltrapezplader som overd\u00e6kning. Overd\u00e6kningen har en b\u00e6reevne p\u00e5 220 kg\/m<sup>2<\/sup> ved en max. sp\u00e6ndvidde p\u00e5 1,4 meter, men m\u00e5 <i>ikke<\/i> benyttes som arbejdsplads eller til opmagasinering af byggematerialer.<br \/>\nL\u00e6s mere om <a class=\"internal-link\" title=\"Opens internal link in current window\" href=\"https:\/\/skandek.dkentreprenoermontage\/sikkerhed-paa-taget\/?L=0\">sikkerhed p\u00e5 taget her<\/a>.<\/p>\n<\/div>\n<\/div>\n<\/div>\n<\/div>\n<\/div>\n<\/div>\n<\/div>\n<\/div>\n<\/div>\n<\/div>\n<\/div>\n<\/div>\n<\/div>\n<\/div>\n<p>[\/vc_column_text][\/vc_column_inner][\/vc_row_inner][vc_column_text]<\/p>\n<div id=\"c2849\" class=\"csc-default\">\n<div class=\"csc-textpic csc-textpic-center csc-textpic-above\">\n<div class=\"csc-textpic-text\">\n<div id=\"c2764\" class=\"csc-default\">\n<div class=\"csc-textpic csc-textpic-center csc-textpic-below\">\n<div class=\"csc-textpic-text\">\n<div id=\"c2912\" class=\"csc-default\">\n<div class=\"csc-textpic csc-textpic-center csc-textpic-below\">\n<div class=\"csc-textpic-text\">\n<div id=\"c1752\" class=\"csc-default\">\n<div class=\"csc-textpic csc-textpic-intext-right\">\n<div class=\"csc-textpic-text\">\n<div id=\"c1757\" class=\"csc-default\">\n<div id=\"c1249\" class=\"csc-default\">\n<p class=\"bodytext\"><b>Ventilationshuse.<br \/>\n<\/b><br \/>\nVentilationshuse kan medvirke til en \u00f8get belastning af taget, dels p\u00e5 grund af deres egenv\u00e6gt og dels fra evt. sneophopning langs husets sider. I mange tilf\u00e6lde kan man placere ventilationshusene over tagets underliggende b\u00e6rende konstruktioner, som s\u00e5 optager hovedparten af lasten.<\/p>\n<\/div>\n<\/div>\n<\/div>\n<\/div>\n<\/div>\n<\/div>\n<\/div>\n<\/div>\n<\/div>\n<\/div>\n<\/div>\n<\/div>\n<\/div>\n<\/div>\n<p>[\/vc_column_text][vc_single_image image=&#8221;1671&#8243; img_size=&#8221;full&#8221; alignment=&#8221;center&#8221; onclick=&#8221;custom_link&#8221; css_animation=&#8221;top-to-bottom&#8221; link=&#8221;\/wp-content\/pdf\/409.pdf&#8221;][vc_column_text]<\/p>\n<div id=\"c2849\" class=\"csc-default\">\n<div class=\"csc-textpic csc-textpic-center csc-textpic-above\">\n<div class=\"csc-textpic-text\">\n<div id=\"c2764\" class=\"csc-default\">\n<div class=\"csc-textpic csc-textpic-center csc-textpic-below\">\n<div class=\"csc-textpic-text\">\n<div id=\"c2912\" class=\"csc-default\">\n<div class=\"csc-textpic csc-textpic-center csc-textpic-below\">\n<div class=\"csc-textpic-text\">\n<div id=\"c1752\" class=\"csc-default\">\n<div class=\"csc-textpic csc-textpic-intext-right\">\n<div class=\"csc-textpic-text\">\n<div id=\"c1757\" class=\"csc-default\">\n<div id=\"c1249\" class=\"csc-default\">\n<p class=\"bodytext\"><b>Tjekliste.<\/b><\/p>\n<ul>\n<li>Placering af og st\u00f8rrelse af udsparinger for ventilationsanl\u00e6g, skal projekteres i god tid. Bygherrens r\u00e5dgivere skal s\u00f8rge for, at plan- og snittegninger er p\u00e5f\u00f8rt med b\u00e5de <strong>udv. r\u00f8rm\u00e5l<\/strong> og <strong>indvendigt hulm\u00e5l<\/strong> i udsparingen.<\/li>\n<li>Dominerende udsparinger skal placeres s\u00e5ledes, at de ikke hindrer evt.<a class=\"internal-link\" title=\"Opens internal link in current window\" href=\"https:\/\/skandek.dkingenioer\/ovenlys-og-deres-optimale-placering\/?L=0\">skivevirkning<\/a> i taget.<\/li>\n<li>Brandbar EPS tagisolering m\u00e5 ikke placeres n\u00e6rmere <a class=\"download\" title=\"Initiates file download\" href=\"https:\/\/skandek.dkfileadmin\/user_upload\/FTP_filer\/Detaljer_-_Ovenlys\/PDF_plot\/D309_A3.pdf\" target=\"_blank\">brandventilatorer<\/a> end 600 mm fra dennes kant.<\/li>\n<li><span class=\"highlightedSearchTerm\">Gennemf\u00f8ringer<\/span> for installationer i og ved <span class=\"highlightedSearchTerm\">brand<\/span>adskillende bygningsdele skal lukkes t\u00e6t og udf\u00f8res s\u00e5ledes, s\u00e5 adskillelsernes <span class=\"highlightedSearchTerm\">brand<\/span>m\u00e6ssige egenskaber ikke forringes.<\/li>\n<li>Indd\u00e6kninger og underst\u00f8tninger skal v\u00e6re gennemt\u00e6nkte.<\/li>\n<li>Interimslukning ved hultagning samt indd\u00e6kninger rundt om gennemf\u00f8ringer, skal udf\u00f8res i takt med installationsarbejdet, for at undg\u00e5 u\u00f8nsket indtr\u00e6ngning af regnvand.<\/li>\n<li>Der skal v\u00e6re tilpas tilg\u00e6ngelighed omkring r\u00f8r og installationer, s\u00e5 tagd\u00e6kkeren kan udf\u00f8re et ordentligt tagd\u00e6kningsarbejde.<\/li>\n<li>Alle arbejdsomr\u00e5der og intensive adgangsveje under montagearbejder, skal afd\u00e6kkes korrekt (fx. med krydsfinerplader), s\u00e5 der ikke opst\u00e5r skader p\u00e5 tagmembran og isolering.<\/li>\n<li>Adgangsveje for servicetrafik til fx. ventilationsanl\u00e6ggene i driftsfasen, skal bef\u00e6stiges korrekt s\u00e5ledes at tagisolering og tagmembraner ikke beskadiges.<\/li>\n<li>Afvandingsforholdene m\u00e5 ikke forringes som f\u00f8lge af udlagte gangplader.<\/li>\n<li>Gennemf\u00f8ringer i skotrender b\u00f8r undg\u00e5es, specielt p\u00e5 tage med lille h\u00e6ldning.<\/li>\n<li>Skruer, st\u00e5lsp\u00e5ner, metalstykker etc., skal opryddes hurtigst muligt s\u00e5 disse ikke tr\u00e6des ned igennem tagmembranen.<\/li>\n<li>Skruemontage for oph\u00e6ng p\u00e5 loftsiden af SkanDek-elementer skal udf\u00f8res s\u00e5ledes, at dampsp\u00e6rren ikke bliver perforeret, fx ved anvendelse af korte skruer i trapezpladens nedadvendte b\u00f8lgetop. Undtagelsesvis kan der udf\u00f8res skruemontage op i selve SkanDek-bj\u00e6lkerne, hvor dampsp\u00e6rren ligger klemt imellem loftbekl\u00e6dningen og det skruebare underlag.<\/li>\n<\/ul>\n<p class=\"bodytext\"><b>Bilag og links.<\/b><\/p>\n<ul>\n<li><a title=\"Opens external link in new window\" href=\"https:\/\/skandek.dkfileadmin\/user_upload\/FTP_filer\/Fotos_cases_principper\/Installationer\/tornyt_1_2000__VVS_.pdf\" target=\"_blank\">TOR-nyt oktober 2000<\/a> vedr. afvanding samt VVS-installationer p\u00e5 tage, s. 3 &#8211; 6.<\/li>\n<li>Ved projekterning af tagafvanding og tagbr\u00f8nde, henvises til SBi-Anvisning 185, DS 432 samt TOR Anvisning 22.<\/li>\n<li>Ved projektering af brandsikring af gennemf\u00f8ringer ved brandceller og brandsektioner, henvises til Brandteknisk Vejledning 31, DS 428, SBi anvisning om BR08 <a class=\"external-link-new-window\" title=\"Opens external link in new window\" href=\"http:\/\/www.sbi.dk\/br08\/8\/1\" target=\"_blank\">kap. 8.1<\/a>, samt producentanvisninger.<\/li>\n<li><a class=\"download\" title=\"Initiates file download\" href=\"https:\/\/skandek.dkfileadmin\/user_upload\/FTP_filer\/Detaljer_-_Installationer\/SkanD_Installationer.pdf\">Detaljetegninger<\/a> af installationer, gennemf\u00f8ringer og oph\u00e6ng i SkanDek.<\/li>\n<\/ul>\n<p class=\"bodytext\"><b>Indd\u00e6kninger iht. leverand\u00f8ranvisninger.<\/b><\/p>\n<ul>\n<li><a class=\"external-link-new-window\" title=\"Opens external link in new window\" href=\"http:\/\/www.icopal.dk\/Icopal_Haandbog\/Specifikationer_og_detailtegninger.aspx\" target=\"_blank\">Icopal&#8217;s detaill\u00f8sninger<\/a>.<\/li>\n<li><a class=\"external-link-new-window\" title=\"Opens external link in new window\" href=\"http:\/\/www.protan.dk\/productsandsystems\/teknisketegninger\/pages\/Eksponertetak.aspx\" target=\"_blank\">Protan&#8217;s detaill\u00f8sninger<\/a>.<\/li>\n<li><a class=\"external-link-new-window\" title=\"Opens external link in new window\" href=\"http:\/\/www.nordicwaterproofing.com\/dk\/ptm\/ptm-dk\/Taglosninger\/Detailtegninger\/\" target=\"_blank\">Ph\u00f8nix Tag Materialer detaill\u00f8sninger<\/a>.<\/li>\n<\/ul>\n<\/div>\n<\/div>\n<\/div>\n<\/div>\n<\/div>\n<\/div>\n<\/div>\n<\/div>\n<\/div>\n<\/div>\n<\/div>\n<\/div>\n<\/div>\n<\/div>\n<p>[\/vc_column_text][\/vc_column][vc_column width=&#8221;1\/3&#8243;][vc_single_image image=&#8221;1672&#8243; img_size=&#8221;full&#8221; alignment=&#8221;center&#8221; onclick=&#8221;link_image&#8221; css_animation=&#8221;top-to-bottom&#8221;][vc_single_image image=&#8221;1673&#8243; img_size=&#8221;large&#8221; alignment=&#8221;center&#8221; onclick=&#8221;link_image&#8221; css_animation=&#8221;top-to-bottom&#8221;][vc_single_image image=&#8221;1674&#8243; img_size=&#8221;large&#8221; alignment=&#8221;center&#8221; onclick=&#8221;link_image&#8221; css_animation=&#8221;top-to-bottom&#8221;][vc_single_image image=&#8221;1675&#8243; img_size=&#8221;full&#8221; alignment=&#8221;center&#8221; onclick=&#8221;link_image&#8221; css_animation=&#8221;top-to-bottom&#8221;][vc_single_image image=&#8221;1676&#8243; img_size=&#8221;large&#8221; alignment=&#8221;center&#8221; onclick=&#8221;link_image&#8221; css_animation=&#8221;top-to-bottom&#8221;][vc_single_image image=&#8221;1677&#8243; img_size=&#8221;full&#8221; alignment=&#8221;center&#8221; onclick=&#8221;link_image&#8221; css_animation=&#8221;top-to-bottom&#8221;][vc_single_image image=&#8221;1678&#8243; img_size=&#8221;large&#8221; alignment=&#8221;center&#8221; onclick=&#8221;link_image&#8221; css_animation=&#8221;top-to-bottom&#8221;][vc_single_image image=&#8221;1679&#8243; img_size=&#8221;full&#8221; alignment=&#8221;center&#8221; onclick=&#8221;custom_link&#8221; css_animation=&#8221;top-to-bottom&#8221; link=&#8221;https:\/\/byg-erfa.dk\/tekniske-installationer-flade-tage&#8221;][vc_single_image image=&#8221;1680&#8243; img_size=&#8221;full&#8221; alignment=&#8221;center&#8221; onclick=&#8221;custom_link&#8221; css_animation=&#8221;top-to-bottom&#8221; link=&#8221;https:\/\/byg-erfa.dk\/varme-tage-mineraluld&#8221;][\/vc_column][\/vc_row]<\/p>","protected":false},"excerpt":{"rendered":"<p>[vc_row][vc_column width=&#8221;2\/3&#8243; css=&#8221;.vc_custom_1447163416332{border-top-width: 1px !important;border-right-width: 1px !important;border-bottom-width: 1px !important;border-left-width: 1px !important;border-left-color: #777777 !important;border-left-style: solid !important;border-right-color: #777777 !important;border-right-style: solid !important;border-top-color: #777777 !important;border-top-style: solid !important;border-bottom-color: #777777 !important;border-bottom-style: solid !important;}&#8221;][vc_text_separator title=&#8221;Installations, completions and accessroads&#8221;][vc_column_text] Installationer, oph\u00e6ng og gennemf\u00f8ringer p\u00e5 tage og lofter. &nbsp; Tagbr\u00f8nde. Udsparinger til tagbr\u00f8nde udf\u00f8res in situ. Hultagningen i st\u00e5ltrapezpladen foretages ofte med en nippler &#8230; <a title=\"Installations, completions and accessroads\" class=\"read-more\" href=\"https:\/\/skandek.dk\/en\/ingenioer\/installationer-gennemforinger-og-adgangsveje\/\">Read more<span class=\"screen-reader-text\">Installations, completions and accessroads<\/span><\/a><\/p>\n","protected":false},"author":4,"featured_media":0,"parent":37,"menu_order":0,"comment_status":"closed","ping_status":"closed","template":"","meta":[],"_links":{"self":[{"href":"https:\/\/skandek.dk\/en\/wp-json\/wp\/v2\/pages\/1556"}],"collection":[{"href":"https:\/\/skandek.dk\/en\/wp-json\/wp\/v2\/pages"}],"about":[{"href":"https:\/\/skandek.dk\/en\/wp-json\/wp\/v2\/types\/page"}],"author":[{"embeddable":true,"href":"https:\/\/skandek.dk\/en\/wp-json\/wp\/v2\/users\/4"}],"replies":[{"embeddable":true,"href":"https:\/\/skandek.dk\/en\/wp-json\/wp\/v2\/comments?post=1556"}],"version-history":[{"count":5,"href":"https:\/\/skandek.dk\/en\/wp-json\/wp\/v2\/pages\/1556\/revisions"}],"predecessor-version":[{"id":2039,"href":"https:\/\/skandek.dk\/en\/wp-json\/wp\/v2\/pages\/1556\/revisions\/2039"}],"up":[{"embeddable":true,"href":"https:\/\/skandek.dk\/en\/wp-json\/wp\/v2\/pages\/37"}],"wp:attachment":[{"href":"https:\/\/skandek.dk\/en\/wp-json\/wp\/v2\/media?parent=1556"}],"curies":[{"name":"wp","href":"https:\/\/api.w.org\/{rel}","templated":true}]}}