{"id":1550,"date":"2015-12-11T10:34:01","date_gmt":"2015-12-11T10:34:01","guid":{"rendered":"http:\/\/test.skandek.dk\/?page_id=1550"},"modified":"2015-12-21T07:37:12","modified_gmt":"2015-12-21T07:37:12","slug":"trykprovning","status":"publish","type":"page","link":"https:\/\/skandek.dk\/en\/ingenioer\/trykprovning\/","title":{"rendered":"Preasure testing"},"content":{"rendered":"<p>[vc_row][vc_column width=&#8221;2\/3&#8243; css=&#8221;.vc_custom_1447163416332{border-top-width: 1px !important;border-right-width: 1px !important;border-bottom-width: 1px !important;border-left-width: 1px !important;border-left-color: #777777 !important;border-left-style: solid !important;border-right-color: #777777 !important;border-right-style: solid !important;border-top-color: #777777 !important;border-top-style: solid !important;border-bottom-color: #777777 !important;border-bottom-style: solid !important;}&#8221;][vc_text_separator title=&#8221;Trykpr\u00f8vning&#8221;][vc_column_text]<\/p>\n<div id=\"c2849\" class=\"csc-default\">\n<div class=\"csc-textpic csc-textpic-center csc-textpic-above\">\n<div class=\"csc-textpic-text\">\n<div id=\"c2764\" class=\"csc-default\">\n<div class=\"csc-textpic csc-textpic-center csc-textpic-below\">\n<div class=\"csc-textpic-text\">\n<div id=\"c2912\" class=\"csc-default\">\n<div class=\"csc-textpic csc-textpic-center csc-textpic-below\">\n<div class=\"csc-textpic-text\">\n<div id=\"c1752\" class=\"csc-default\">\n<div class=\"csc-textpic csc-textpic-intext-right\">\n<div class=\"csc-textpic-text\">\n<div id=\"c1757\" class=\"csc-default\">\n<p class=\"bodytext\"><img loading=\"lazy\" class=\"alignright wp-image-1453 size-full\" src=\"https:\/\/skandek.dkwp-content\/uploads\/2015\/11\/eacbf60c42.jpg\" alt=\"eacbf60c42\" width=\"233\" height=\"217\" \/>Bygningsreglementernes krav til luftt\u00e6thed er: &#8220;luftskiftet gennem ut\u00e6theder<br \/>\ni klimask\u00e6rmen, m\u00e5 ikke overstige 1,5 l\/S pr. m<sup>2<\/sup> opvarmet etageareal ved en trykpr\u00f8vning med 50Pa. Resultatet af trykpr\u00f8vningen udtrykkes ved gennemsnit af et m\u00e5ling ved under- og overtryk&#8221;<\/p>\n<p class=\"bodytext\">SkanDek har f\u00e5et fortaget 2 fors\u00f8g omkring trykpr\u00f8vning (Blower Door Test) , hvor man i det ene projekt &#8211; Aldi Kolding &#8211; var meget fokuseret p\u00e5 at udf\u00f8re alle samlingerne t\u00e6tte. I rapporten kan man konstatere, at med et SkanDek tag, opn\u00e5s fantastiske gode resultater. Testen viser 0,33 l\/s pr. m<sup>2<\/sup>, hvilket er langt under det tilladelige p\u00e5 1,5 l\/s pr. m<sup>2<\/sup>.<\/p>\n<p class=\"bodytext\">Tager man testrapporten skantag as i Stilling. S\u00e5 har man ikke fortaget nogle former for ekstra foranstaltninger i udf\u00f8relsesfasen. Meningen med denne rapport er, at f\u00e5 en indikation af i hvilket omr\u00e5de af luftt\u00e6thedspektret, SkanDek befinder sig. Resultatet viser, at den kunne overholde en trykpr\u00f8vning p\u00e5 1,33 l\/s pr. m<sup>2<\/sup>, hvilket opfylder kravet p\u00e5 de 1,5 l\/s pr. m<sup>2<\/sup><\/p>\n<\/div>\n<\/div>\n<\/div>\n<\/div>\n<\/div>\n<\/div>\n<\/div>\n<\/div>\n<\/div>\n<\/div>\n<\/div>\n<\/div>\n<\/div>\n<p>[\/vc_column_text][\/vc_column][vc_column width=&#8221;1\/3&#8243;][vc_column_text css_animation=&#8221;left-to-right&#8221; css=&#8221;.vc_custom_1449743312114{margin-top: -20px !important;margin-bottom: 0px !important;}&#8221;][swf:\/wp-content\/flash\/keysucces.swf 500px 200px\u00a0black][\/vc_column_text][vc_single_image image=&#8221;1454&#8243; img_size=&#8221;full&#8221; alignment=&#8221;center&#8221; onclick=&#8221;custom_link&#8221; img_link_target=&#8221;_blank&#8221; css_animation=&#8221;top-to-bottom&#8221; link=&#8221;\/wp-content\/pdf\/Taethedsproevning_ALDI.pdf&#8221;][vc_single_image image=&#8221;1455&#8243; img_size=&#8221;full&#8221; alignment=&#8221;center&#8221; onclick=&#8221;custom_link&#8221; img_link_target=&#8221;_blank&#8221; css_animation=&#8221;top-to-bottom&#8221; link=&#8221;\/wp-content\/pdf\/Trykproeverapport_Stilling.pdf&#8221;][\/vc_column][\/vc_row]<\/p>\n","protected":false},"excerpt":{"rendered":"<p>[vc_row][vc_column width=&#8221;2\/3&#8243; css=&#8221;.vc_custom_1447163416332{border-top-width: 1px !important;border-right-width: 1px !important;border-bottom-width: 1px !important;border-left-width: 1px !important;border-left-color: #777777 !important;border-left-style: solid !important;border-right-color: #777777 !important;border-right-style: solid !important;border-top-color: #777777 !important;border-top-style: solid !important;border-bottom-color: #777777 !important;border-bottom-style: solid !important;}&#8221;][vc_text_separator title=&#8221;Trykpr\u00f8vning&#8221;][vc_column_text] Bygningsreglementernes krav til luftt\u00e6thed er: &#8220;luftskiftet gennem ut\u00e6theder i klimask\u00e6rmen, m\u00e5 ikke overstige 1,5 l\/S pr. m2 opvarmet etageareal ved en trykpr\u00f8vning med 50Pa. Resultatet af trykpr\u00f8vningen &#8230; <a title=\"Preasure testing\" class=\"read-more\" href=\"https:\/\/skandek.dk\/en\/ingenioer\/trykprovning\/\">Read more<span class=\"screen-reader-text\">Preasure testing<\/span><\/a><\/p>\n","protected":false},"author":4,"featured_media":0,"parent":37,"menu_order":0,"comment_status":"closed","ping_status":"closed","template":"","meta":[],"_links":{"self":[{"href":"https:\/\/skandek.dk\/en\/wp-json\/wp\/v2\/pages\/1550"}],"collection":[{"href":"https:\/\/skandek.dk\/en\/wp-json\/wp\/v2\/pages"}],"about":[{"href":"https:\/\/skandek.dk\/en\/wp-json\/wp\/v2\/types\/page"}],"author":[{"embeddable":true,"href":"https:\/\/skandek.dk\/en\/wp-json\/wp\/v2\/users\/4"}],"replies":[{"embeddable":true,"href":"https:\/\/skandek.dk\/en\/wp-json\/wp\/v2\/comments?post=1550"}],"version-history":[{"count":4,"href":"https:\/\/skandek.dk\/en\/wp-json\/wp\/v2\/pages\/1550\/revisions"}],"predecessor-version":[{"id":2041,"href":"https:\/\/skandek.dk\/en\/wp-json\/wp\/v2\/pages\/1550\/revisions\/2041"}],"up":[{"embeddable":true,"href":"https:\/\/skandek.dk\/en\/wp-json\/wp\/v2\/pages\/37"}],"wp:attachment":[{"href":"https:\/\/skandek.dk\/en\/wp-json\/wp\/v2\/media?parent=1550"}],"curies":[{"name":"wp","href":"https:\/\/api.w.org\/{rel}","templated":true}]}}