{"id":1523,"date":"2015-12-11T08:26:06","date_gmt":"2015-12-11T08:26:06","guid":{"rendered":"http:\/\/test.skandek.dk\/?page_id=1523"},"modified":"2015-12-14T10:40:29","modified_gmt":"2015-12-14T10:40:29","slug":"skandek-5","status":"publish","type":"page","link":"https:\/\/skandek.dk\/en\/ingenioer\/skandek-5\/","title":{"rendered":"SkanDek"},"content":{"rendered":"<p>[vc_row][vc_column width=&#8221;2\/3&#8243; css=&#8221;.vc_custom_1447163416332{border-top-width: 1px !important;border-right-width: 1px !important;border-bottom-width: 1px !important;border-left-width: 1px !important;border-left-color: #777777 !important;border-left-style: solid !important;border-right-color: #777777 !important;border-right-style: solid !important;border-top-color: #777777 !important;border-top-style: solid !important;border-bottom-color: #777777 !important;border-bottom-style: solid !important;}&#8221;][vc_text_separator title=&#8221;SkanDek&#8221;][vc_column_text]<\/p>\n<div id=\"c2849\" class=\"csc-default\">\n<div class=\"csc-textpic csc-textpic-center csc-textpic-above\">\n<div class=\"csc-textpic-text\">\n<div id=\"c2764\" class=\"csc-default\">\n<div class=\"csc-textpic csc-textpic-center csc-textpic-below\">\n<div class=\"csc-textpic-text\">\n<div id=\"c2912\" class=\"csc-default\">\n<div class=\"csc-textpic csc-textpic-center csc-textpic-below\">\n<div class=\"csc-textpic-text\">\n<div id=\"c1752\" class=\"csc-default\">\n<div class=\"csc-textpic csc-textpic-intext-right\">\n<div class=\"csc-textpic-text\">\n<div id=\"c1757\" class=\"csc-default\">\n<p class=\"bodytext\"><b>Elementopbygning<\/b><\/p>\n<p class=\"bodytext\">De traditionelle SkanDek elementer, bygget op med <a class=\"internal-link\" title=\"Opens internal link in current window\" href=\"https:\/\/skandek.dkengineer\/baerebjaelkerne\/skandek\/?L=3\">kassebj\u00e6lker<\/a>.<\/p>\n<p class=\"bodytext\">Bj\u00e6lkernes skaller kan forskydes fra hinanden, for at danne et slankt tagudh\u00e6ng i den halve tykkelse. Bygherre og arkitekt kan selv v\u00e6lge om de vil have en udkraget over- eller underdel.<\/p>\n<\/div>\n<\/div>\n<\/div>\n<\/div>\n<\/div>\n<\/div>\n<\/div>\n<\/div>\n<\/div>\n<\/div>\n<\/div>\n<\/div>\n<\/div>\n<p>[\/vc_column_text][vc_single_image image=&#8221;1386&#8243; img_size=&#8221;full&#8221; alignment=&#8221;center&#8221; onclick=&#8221;custom_link&#8221; img_link_target=&#8221;_blank&#8221; css_animation=&#8221;top-to-bottom&#8221; link=&#8221;\/wp-content\/pdf\/Tagudhaeng_Moellegade.pdf&#8221;][vc_column_text]<\/p>\n<div id=\"c2849\" class=\"csc-default\">\n<div class=\"csc-textpic csc-textpic-center csc-textpic-above\">\n<div class=\"csc-textpic-text\">\n<div id=\"c2764\" class=\"csc-default\">\n<div class=\"csc-textpic csc-textpic-center csc-textpic-below\">\n<div class=\"csc-textpic-text\">\n<div id=\"c2912\" class=\"csc-default\">\n<div class=\"csc-textpic csc-textpic-center csc-textpic-below\">\n<div class=\"csc-textpic-text\">\n<div id=\"c1752\" class=\"csc-default\">\n<div class=\"csc-textpic csc-textpic-intext-right\">\n<div class=\"csc-textpic-text\">\n<div id=\"c1757\" class=\"csc-default\">\n<p class=\"bodytext\"><em>Typisk tagudh\u00e6ng til penthouse. Den \u00f8verste halvdel af SkanDek-bj\u00e6lken er udkraget, for at danne et slankt tagudh\u00e6ng (klik p\u00e5 grafik for A3 PDF).<\/em><\/p>\n<\/div>\n<\/div>\n<\/div>\n<\/div>\n<\/div>\n<\/div>\n<\/div>\n<\/div>\n<\/div>\n<\/div>\n<\/div>\n<\/div>\n<\/div>\n<p>[\/vc_column_text][vc_column_text]<\/p>\n<div id=\"c2849\" class=\"csc-default\">\n<div class=\"csc-textpic csc-textpic-center csc-textpic-above\">\n<div class=\"csc-textpic-text\">\n<div id=\"c2764\" class=\"csc-default\">\n<div class=\"csc-textpic csc-textpic-center csc-textpic-below\">\n<div class=\"csc-textpic-text\">\n<div id=\"c2912\" class=\"csc-default\">\n<div class=\"csc-textpic csc-textpic-center csc-textpic-below\">\n<div class=\"csc-textpic-text\">\n<div id=\"c1752\" class=\"csc-default\">\n<div class=\"csc-textpic csc-textpic-intext-right\">\n<div class=\"csc-textpic-text\">\n<div id=\"c1757\" class=\"csc-default\">\n<p class=\"bodytext\"><b>Skjult vederlag.<\/b><\/p>\n<p class=\"bodytext\">SkanDek har efterkommet flere arkitekters \u00f8nsker om, at udvikle en l\u00f8sning, der muligg\u00f8r, at lofter og undersiden af den b\u00e6rende st\u00e5lkonstruktion kan flugte hinanden. Taget kommer s\u00e5ledes til at fremst\u00e5 som et let og &#8220;sv\u00e6vende tag&#8221;.<\/p>\n<\/div>\n<\/div>\n<\/div>\n<\/div>\n<\/div>\n<\/div>\n<\/div>\n<\/div>\n<\/div>\n<\/div>\n<\/div>\n<\/div>\n<\/div>\n<p>[\/vc_column_text][vc_single_image image=&#8221;1390&#8243; img_size=&#8221;full&#8221; alignment=&#8221;center&#8221; onclick=&#8221;custom_link&#8221; img_link_target=&#8221;_blank&#8221; css_animation=&#8221;top-to-bottom&#8221; link=&#8221;\/wp-content\/pdf\/601.pdf&#8221;][vc_row_inner][vc_column_inner width=&#8221;1\/2&#8243;][vc_column_text]<\/p>\n<div id=\"c2849\" class=\"csc-default\">\n<div class=\"csc-textpic csc-textpic-center csc-textpic-above\">\n<div class=\"csc-textpic-text\">\n<div id=\"c2764\" class=\"csc-default\">\n<div class=\"csc-textpic csc-textpic-center csc-textpic-below\">\n<div class=\"csc-textpic-text\">\n<div id=\"c2912\" class=\"csc-default\">\n<div class=\"csc-textpic csc-textpic-center csc-textpic-below\">\n<div class=\"csc-textpic-text\">\n<div id=\"c1752\" class=\"csc-default\">\n<div class=\"csc-textpic csc-textpic-intext-right\">\n<div class=\"csc-textpic-text\">\n<div id=\"c1757\" class=\"csc-default\">\n<p class=\"bodytext\"><b>Stiksp\u00e6r.<\/b><\/p>\n<p class=\"bodytext\">Ved de traditionelle SkanDek elementer, tilbyder SkanDek, foruden udkraget bj\u00e6lkesp\u00e6r, ogs\u00e5 stiksp\u00e6r, som er placeres langs elementet. Stiksp\u00e6r kan typisk udkrages 0,5 meter, &#8211; de kraftigste typer kan dog udkrages ca. 1,0 meter.<\/p>\n<\/div>\n<\/div>\n<\/div>\n<\/div>\n<\/div>\n<\/div>\n<\/div>\n<\/div>\n<\/div>\n<\/div>\n<\/div>\n<\/div>\n<\/div>\n<p>[\/vc_column_text][\/vc_column_inner][vc_column_inner width=&#8221;1\/2&#8243;][vc_single_image image=&#8221;1391&#8243; img_size=&#8221;full&#8221; alignment=&#8221;center&#8221; onclick=&#8221;link_image&#8221; css_animation=&#8221;top-to-bottom&#8221;][\/vc_column_inner][\/vc_row_inner][vc_column_text]<\/p>\n<div id=\"c2849\" class=\"csc-default\">\n<div class=\"csc-textpic csc-textpic-center csc-textpic-above\">\n<div class=\"csc-textpic-text\">\n<div id=\"c2764\" class=\"csc-default\">\n<div class=\"csc-textpic csc-textpic-center csc-textpic-below\">\n<div class=\"csc-textpic-text\">\n<div id=\"c2912\" class=\"csc-default\">\n<div class=\"csc-textpic csc-textpic-center csc-textpic-below\">\n<div class=\"csc-textpic-text\">\n<div id=\"c1752\" class=\"csc-default\">\n<div class=\"csc-textpic csc-textpic-intext-right\">\n<div class=\"csc-textpic-text\">\n<div id=\"c1757\" class=\"csc-default\">\n<div id=\"c2657\" class=\"csc-default\">\n<div class=\"csc-textpic csc-textpic-intext-right\">\n<div class=\"csc-textpic-text\">\n<p class=\"bodytext\"><b>Udforming af Stiksp\u00e6r.<\/b><\/p>\n<p class=\"bodytext\">Stiksp\u00e6r kan udf\u00f8res i mange forskellige varianter. De kan udf\u00f8res i hele bj\u00e6lkens h\u00f8jde eller en halv bj\u00e6lkeh\u00f8jde. Endvidere kan de ogs\u00e5 udf\u00f8res skr\u00e5.<\/p>\n<p class=\"bodytext\">Indbygningsmuligheder:<\/p>\n<p class=\"bodytext\">Ved flade tage bliver stiksp\u00e6r ofte anvendt i gavlene, da man her sp\u00e6nder p\u00e5 tv\u00e6rs af bygningen.<\/p>\n<p class=\"bodytext\">Ved sadeltagskonstruktioner\/pulttage, sp\u00e6nder SkanDek elementerne ofte langs bygningen, da dette giver den mest omkostningsoptimale bygning, set i forhold til stabilitet, pris og reduktion af b\u00e6relinjer. P\u00e5 disse bygninger anvendes stiksp\u00e6rerne p\u00e5 langs af bygningen. Stiksp\u00e6rerne har en arkitektonisk v\u00e6rdi, samtidig med at de er medvirkende til at reducere bl\u00e6nding fra solen, uden at det g\u00e5r ud over dagslysstr\u00f8mningen til lokalet.<\/p>\n<\/div>\n<\/div>\n<\/div>\n<div id=\"c2647\" class=\"csc-default csc-space-before-15\">\n<p class=\"bodytext\"><b>Bilag:<\/b><\/p>\n<ul>\n<li>Download detaljer af tagudh\u00e6ng som <a class=\"download\" title=\"Initiates file download\" href=\"https:\/\/skandek.dkfileadmin\/user_upload\/FTP_filer\/Detaljer_-_Tagudhaeng\/SkanD_Tagudhaeng.pdf\" target=\"_blank\">PDF<\/a> eller <a class=\"download\" title=\"Initiates file download\" href=\"https:\/\/skandek.dkfileadmin\/user_upload\/FTP_filer\/Detaljer_-_Tagudhaeng\/SkanD_Tagudhaeng.zip\" target=\"_blank\">DWG<\/a>.<\/li>\n<\/ul>\n<\/div>\n<\/div>\n<\/div>\n<\/div>\n<\/div>\n<\/div>\n<\/div>\n<\/div>\n<\/div>\n<\/div>\n<\/div>\n<\/div>\n<\/div>\n<\/div>\n<p>[\/vc_column_text][\/vc_column][vc_column width=&#8221;1\/3&#8243;][vc_single_image image=&#8221;1385&#8243; img_size=&#8221;full&#8221; alignment=&#8221;center&#8221; onclick=&#8221;link_image&#8221; css_animation=&#8221;top-to-bottom&#8221;][\/vc_column][\/vc_row][vc_row][vc_column][\/vc_column][\/vc_row]<\/p>\n","protected":false},"excerpt":{"rendered":"<p>[vc_row][vc_column width=&#8221;2\/3&#8243; css=&#8221;.vc_custom_1447163416332{border-top-width: 1px !important;border-right-width: 1px !important;border-bottom-width: 1px !important;border-left-width: 1px !important;border-left-color: #777777 !important;border-left-style: solid !important;border-right-color: #777777 !important;border-right-style: solid !important;border-top-color: #777777 !important;border-top-style: solid !important;border-bottom-color: #777777 !important;border-bottom-style: solid !important;}&#8221;][vc_text_separator title=&#8221;SkanDek&#8221;][vc_column_text] Elementopbygning De traditionelle SkanDek elementer, bygget op med kassebj\u00e6lker. Bj\u00e6lkernes skaller kan forskydes fra hinanden, for at danne et slankt tagudh\u00e6ng i den halve tykkelse. Bygherre og &#8230; <a title=\"SkanDek\" class=\"read-more\" href=\"https:\/\/skandek.dk\/en\/ingenioer\/skandek-5\/\">Read more<span class=\"screen-reader-text\">SkanDek<\/span><\/a><\/p>\n","protected":false},"author":4,"featured_media":0,"parent":37,"menu_order":0,"comment_status":"closed","ping_status":"closed","template":"","meta":[],"_links":{"self":[{"href":"https:\/\/skandek.dk\/en\/wp-json\/wp\/v2\/pages\/1523"}],"collection":[{"href":"https:\/\/skandek.dk\/en\/wp-json\/wp\/v2\/pages"}],"about":[{"href":"https:\/\/skandek.dk\/en\/wp-json\/wp\/v2\/types\/page"}],"author":[{"embeddable":true,"href":"https:\/\/skandek.dk\/en\/wp-json\/wp\/v2\/users\/4"}],"replies":[{"embeddable":true,"href":"https:\/\/skandek.dk\/en\/wp-json\/wp\/v2\/comments?post=1523"}],"version-history":[{"count":3,"href":"https:\/\/skandek.dk\/en\/wp-json\/wp\/v2\/pages\/1523\/revisions"}],"predecessor-version":[{"id":1652,"href":"https:\/\/skandek.dk\/en\/wp-json\/wp\/v2\/pages\/1523\/revisions\/1652"}],"up":[{"embeddable":true,"href":"https:\/\/skandek.dk\/en\/wp-json\/wp\/v2\/pages\/37"}],"wp:attachment":[{"href":"https:\/\/skandek.dk\/en\/wp-json\/wp\/v2\/media?parent=1523"}],"curies":[{"name":"wp","href":"https:\/\/api.w.org\/{rel}","templated":true}]}}