{"id":1518,"date":"2015-12-11T08:22:07","date_gmt":"2015-12-11T08:22:07","guid":{"rendered":"http:\/\/test.skandek.dk\/?page_id=1518"},"modified":"2015-12-21T07:43:48","modified_gmt":"2015-12-21T07:43:48","slug":"byggefugt","status":"publish","type":"page","link":"https:\/\/skandek.dk\/en\/ingenioer\/byggefugt\/","title":{"rendered":"Construction moist"},"content":{"rendered":"<p>[vc_row][vc_column width=&#8221;2\/3&#8243; css=&#8221;.vc_custom_1447163416332{border-top-width: 1px !important;border-right-width: 1px !important;border-bottom-width: 1px !important;border-left-width: 1px !important;border-left-color: #777777 !important;border-left-style: solid !important;border-right-color: #777777 !important;border-right-style: solid !important;border-top-color: #777777 !important;border-top-style: solid !important;border-bottom-color: #777777 !important;border-bottom-style: solid !important;}&#8221;][vc_text_separator title=&#8221;Construction moist&#8221;][vc_column_text]<\/p>\n<div id=\"c2849\" class=\"csc-default\">\n<div class=\"csc-textpic csc-textpic-center csc-textpic-above\">\n<div class=\"csc-textpic-text\">\n<div id=\"c2764\" class=\"csc-default\">\n<div class=\"csc-textpic csc-textpic-center csc-textpic-below\">\n<div class=\"csc-textpic-text\">\n<div id=\"c2912\" class=\"csc-default\">\n<div class=\"csc-textpic csc-textpic-center csc-textpic-below\">\n<div class=\"csc-textpic-text\">\n<div id=\"c1752\" class=\"csc-default\">\n<div class=\"csc-textpic csc-textpic-intext-right\">\n<div class=\"csc-textpic-text\">\n<div id=\"c1757\" class=\"csc-default\">\n<p class=\"bodytext\"><b>Fugtskader i bygninger kan undg\u00e5es.<\/b><\/p>\n<p class=\"bodytext\">SkanDek best\u00e5r, som bekendt, af uorganiske materialer og kan derfor kun optage meget sm\u00e5 m\u00e6ngder fugt.<\/p>\n<p class=\"bodytext\">Elementerne er et lukket system, hvor forh\u00f8jede m\u00e6ngder af fugt kun kan fremkomme ved uhensigtsm\u00e6ssig omgang med elementerne. Den hyppigste \u00e5rsag til fugtskader er opfugtning af tagelementer under byggefasen.<\/p>\n<p class=\"bodytext\">Enhver akt\u00f8r har ansvar for eget arbejde, s\u00e5ledes ogs\u00e5 for at undg\u00e5 fugt i byggeriet. Af vejledningsteksten til kapitel 4.1, stk. 5, i Bygningsreglement 2010 fremg\u00e5r det eksplicit:<\/p>\n<ul>\n<li>At der i planl\u00e6gnings- og projekteringsfasen fokuseres p\u00e5 at undg\u00e5 materialer og byggetekniske l\u00f8sninger, der er un\u00f8digt fugtf\u00f8lsomme.<\/li>\n<li>At der i bygherrens udbuds- og tidsplan eksplicit skal afs\u00e6ttes tid til den n\u00f8dvendige udt\u00f8rring af byggematerialer og -konstruktioner.<\/li>\n<li>At bygherren, hvis muligt inden udbuddet, foretager en cost-benefit analyse af totalindd\u00e6kning af byggeriet under opf\u00f8relsen og foreskriver totalindd\u00e6kning, hvor det er \u00f8konomisk fordelagtigt, eller hvor der i udbudsmaterialet er foreskrevet s\u00e6rligt fugtf\u00f8lsomme materialer eller byggetekniske l\u00f8sninger.<\/li>\n<li>At bygherren ved udbud i fagentrepriser foranstalter f\u00e6lles faciliteter til opbevaring af fugtf\u00f8lsomme materialer.<\/li>\n<\/ul>\n<p class=\"bodytext\">Diagrammet nedenunder viser en fremgangsm\u00e5de til vurdering af materialevalg (Vejledning om h\u00e5ndtering af fugt i byggeriet, SBi, december 2009).<\/p>\n<\/div>\n<\/div>\n<\/div>\n<\/div>\n<\/div>\n<\/div>\n<\/div>\n<\/div>\n<\/div>\n<\/div>\n<\/div>\n<\/div>\n<\/div>\n<p>[\/vc_column_text][vc_single_image image=&#8221;1642&#8243; img_size=&#8221;full&#8221; alignment=&#8221;center&#8221; onclick=&#8221;link_image&#8221; css_animation=&#8221;top-to-bottom&#8221;][vc_column_text]<\/p>\n<div id=\"c2849\" class=\"csc-default\">\n<div class=\"csc-textpic csc-textpic-center csc-textpic-above\">\n<div class=\"csc-textpic-text\">\n<div id=\"c2764\" class=\"csc-default\">\n<div class=\"csc-textpic csc-textpic-center csc-textpic-below\">\n<div class=\"csc-textpic-text\">\n<div id=\"c2912\" class=\"csc-default\">\n<div class=\"csc-textpic csc-textpic-center csc-textpic-below\">\n<div class=\"csc-textpic-text\">\n<div id=\"c1752\" class=\"csc-default\">\n<div class=\"csc-textpic csc-textpic-intext-right\">\n<div class=\"csc-textpic-text\">\n<div id=\"c1757\" class=\"csc-default\">\n<div id=\"c2393\" class=\"csc-default csc-space-before-25 csc-space-after-25\">\n<p class=\"bodytext\"><b>Forebyggelser og udbedring af fugtskader.<\/b><\/p>\n<p class=\"bodytext\">Fugtskader kan undg\u00e5es n\u00e5r man f\u00f8lger lovkrav, god byggeskik, planl\u00e6gning af arbejder og entrepriser samt kvalitetskontrol.<\/p>\n<p class=\"bodytext\"><i>Lovkrav:<\/i><\/p>\n<ul>\n<li>Bygningsreglementet 2010.<\/li>\n<\/ul>\n<p class=\"bodytext\"><i>Leverand\u00f8rens kvalitetskontrol:<\/i><\/p>\n<ul>\n<li>Produktion.<\/li>\n<li>Lagring.<\/li>\n<li>Materialer.<\/li>\n<li>Transport.<\/li>\n<li>Afsenderkontrol.<\/li>\n<\/ul>\n<p class=\"bodytext\"><i>Kvalitetskontrol under montagearbejde:<\/i><\/p>\n<ul>\n<li>Modtagerkontrol.<\/li>\n<li>Lagring p\u00e5 byggeplads.<\/li>\n<li>Montager\u00e6kkef\u00f8lge og sektionering af lukninger.<\/li>\n<li>Interimslukning og holdbarhed af afd\u00e6kning.<\/li>\n<li>Vejrlig.<\/li>\n<li>Kondens (specielt hvis udt\u00f8rring af huset p\u00e5begyndes f\u00f8r end at der er udlagt kilesk\u00e5ren isolering p\u00e5 taget).<\/li>\n<li>Byggefugt fra udt\u00f8ring af afh\u00e6rdende beton.<\/li>\n<li>Indd\u00e6kninger, &#8211; hvem har ansvaret for at lave tagets indd\u00e6kninger, tagd\u00e6kkeren eller tagelementmont\u00f8ren?<\/li>\n<li>Gennemf\u00f8ringer, &#8211; hvem t\u00e6tner omkring gennemf\u00f8ringer ved ovenlys og ventilationskanaler, og hvorn\u00e5r?<\/li>\n<\/ul>\n<p class=\"bodytext\"><i>Dokumentation:<\/i><\/p>\n<ul>\n<li>KS-materiale.<\/li>\n<li>M\u00e5linger\/logning.<\/li>\n<li>Acceptkriterier.<\/li>\n<li>Konsekvenser.<\/li>\n<\/ul>\n<\/div>\n<div id=\"c2391\" class=\"csc-default\">\n<p class=\"bodytext\"><b>Fugtm\u00e5linger.<\/b><\/p>\n<p class=\"bodytext\">M\u00e5ling af fugt i byggematerialer med h\u00e5ndholdte m\u00e5leinstrumenter er forbundet med stor usikkerhed. En korrekt vurdering af resultaterne foruds\u00e6tter kendskab til mulige fejlkilder samt m\u00e5leudstyrets begr\u00e6nsninger, &#8211; l\u00e6s mere p\u00e5 side 218 i <a class=\"external-link-new-window\" title=\"Opens external link in new window\" href=\"http:\/\/anvisninger.dk\/Publikationer\/Sider\/Fugt-i-bygninger.aspx\" target=\"_blank\">SBi-anvisning 224<\/a> (1. udg. 2009) samt SBi&#8217;s <a class=\"external-link-new-window\" title=\"Opens external link in new window\" href=\"http:\/\/www.ebst.dk\/file\/180041\/Fugtsagkyndiges_kompetencer.pdf\" target=\"_blank\">vejledning til bygherrer<\/a> (sept. 2011).<\/p>\n<\/div>\n<div id=\"c2390\" class=\"csc-default\">\n<div class=\"csc-textpic csc-textpic-intext-right\">\n<div class=\"csc-textpic-imagewrap\"><\/div>\n<div class=\"csc-textpic-text\">\n<p class=\"bodytext\"><b><img loading=\"lazy\" class=\"alignright size-medium wp-image-1643\" src=\"http:\/\/test.skandek.dk\/wp-content\/uploads\/2015\/12\/6f7c36f70b-225x300.jpg\" alt=\"6f7c36f70b\" width=\"225\" height=\"300\" srcset=\"https:\/\/skandek.dk\/wp-content\/uploads\/2015\/12\/6f7c36f70b-225x300.jpg 225w, https:\/\/skandek.dk\/wp-content\/uploads\/2015\/12\/6f7c36f70b.jpg 450w\" sizes=\"(max-width: 225px) 100vw, 225px\" \/>Troxler-metoden:<\/b> Troxler-m\u00e5linger er velegnet til fugtm\u00e5linger p\u00e5 st\u00e5ltage, da kapacitetsm\u00e5lere og elektriske modstandsm\u00e5lere bliver forstyrret af ledende materialer.<\/p>\n<p class=\"bodytext\">Troxler-metoden er en isotopm\u00e5ler baseret p\u00e5 en radioaktiv neutronkilde der udsender neutroner. Hydrogen i vand bremser neutronerne, og de langsomme neutroner detekteres. Troxler-metoden er en kvantitativ m\u00e5ling, hvor fugtindholdet ikke afl\u00e6ses direkte som vandindhold, men som relative tal i forhold til de enkelte opm\u00e5lte omr\u00e5der. Udtagne pr\u00f8ver af mineralulden bruges herefter til kalibrering af vandindholdet. Der kr\u00e6ves et s\u00e6rligt certifikat af operat\u00f8ren.<\/p>\n<\/div>\n<\/div>\n<\/div>\n<div id=\"c2388\" class=\"csc-default\">\n<div class=\"csc-textpic csc-textpic-intext-right\">\n<div class=\"csc-textpic-imagewrap\"><\/div>\n<div class=\"csc-textpic-text\">\n<p class=\"bodytext\"><b>M\u00e5ling af relativ fugtighed:<\/b> Der er tages hul p\u00e5 tagmembran og tagelementet udefra. Der foretages en visuel vurdering af fugtindholdet i elementerne, og den relative luftfugtighed i elementerne m\u00e5les ved at indstikke en p\u00e5sat sensor i materialet. Instrumentet m\u00e5ler den relative luftfugtighed, temperaturen i materialet og dugpunktet. Dermed giver den en god indikation af om materialet er fugtigt.<\/p>\n<p class=\"bodytext\">Hvis den relative luftfugtighed er over 95 % i materialet, s\u00e5 <i>kan der<\/i> v\u00e6re for meget fugt i materialet. Der skal m\u00e5les flere forskellige steder, da m\u00e5leren kun bliver p\u00e5virket af fugten i den n\u00e6rliggende isolering.<\/p>\n<p class=\"bodytext\">Et vandindhold p\u00e5 op til 250 g\/m<sup>2<\/sup> tagelement vil betegnes som acceptabelt.<\/p>\n<p class=\"bodytext\">Vandindholdet bestemmes normalt ved at udtage en pr\u00f8ve og t\u00f8rre og veje pr\u00f8ven. Da mineraluld kun kan indeholde en meget begr\u00e6nset m\u00e6ngde fugt, vil det v\u00e6re acceptabelt med et m\u00e5leresultat op til 100% RF, hvilket vil svare til maksimalt 5gr vand\/m<sup>2<\/sup> tagelement.<img loading=\"lazy\" class=\"alignright size-medium wp-image-1644\" src=\"http:\/\/test.skandek.dk\/wp-content\/uploads\/2015\/12\/6049d85b74-300x227.jpg\" alt=\"6049d85b74\" width=\"300\" height=\"227\" srcset=\"https:\/\/skandek.dk\/wp-content\/uploads\/2015\/12\/6049d85b74-300x227.jpg 300w, https:\/\/skandek.dk\/wp-content\/uploads\/2015\/12\/6049d85b74.jpg 793w\" sizes=\"(max-width: 300px) 100vw, 300px\" \/><\/p>\n<\/div>\n<\/div>\n<\/div>\n<div id=\"c2387\" class=\"csc-default\">\n<p class=\"bodytext\"><b>Veje-t\u00f8rre-veje-metoden:<\/b> SBi-anvisning 224 &#8211; Fugt i bygninger (2009) kap.13.3.1:<br \/>\n&#8220;Metoden tager udgangspunkt i definationen af fugtindhold i materialer. Den udf\u00f8res ved at veje et pr\u00f8veenme, t\u00f8rre det i varmeskab (normalt) ved 103 \u00baC \u00b1 2 \u00baC indtil v\u00e6gten ikke \u00e6ndrer sig mere, og derefter veje det igen. Metoden anses for den mest n\u00f8jagtige&#8221;.<\/p>\n<p class=\"bodytext\">Veje-t\u00f8rre-veje-metoden er referencemetode for andre m\u00e5lemetoder.<\/p>\n<\/div>\n<div id=\"c2386\" class=\"csc-default csc-space-before-25\">\n<p class=\"bodytext\"><b>Udbedring af fugtige tagelementer.<\/b><\/p>\n<p class=\"bodytext\"><span id=\"result_box\" lang=\"da\"><b>Cold-finger metoden:<\/b> Det R\u00e5dgivende Ingeni\u00f8rfirma Bygge- og Milj\u00f8teknik A\/S (BMT) har udviklet en ny<\/span> fremgangsm\u00e5de til udt\u00f8rring af fugt fra kolde tagkonstruktioner, med lav tagh\u00e6ldning. Metoden anvender et k\u00f8leelement, og er blevet udviklet som en prototype, der er blevet testet under laboratoriebetingelser.<br \/>\nIdeen bag denne metode er, at skabe et omr\u00e5de med lav partial vanddamptryk, hvilket resulterer i vanddamp afgives fra de fugtige omr\u00e5der, til det kolde omr\u00e5de. Vanddampen kondenserer og transporteres ud af taget. Fremgangsm\u00e5den kan anvendes i enhver bygningskonstruktion med et hulrum, hvor vanddamp kan diffundere mod koldt omr\u00e5de.<\/p>\n<\/div>\n<\/div>\n<\/div>\n<\/div>\n<\/div>\n<\/div>\n<\/div>\n<\/div>\n<\/div>\n<\/div>\n<\/div>\n<\/div>\n<\/div>\n<\/div>\n<p>[\/vc_column_text][\/vc_column][vc_column width=&#8221;1\/3&#8243;][vc_single_image image=&#8221;1645&#8243; img_size=&#8221;full&#8221; alignment=&#8221;center&#8221; onclick=&#8221;custom_link&#8221; img_link_target=&#8221;_blank&#8221; css_animation=&#8221;top-to-bottom&#8221; link=&#8221;https:\/\/byg-erfa.dk\/42110718-dryp-fra-tagkonstruktioner&#8221;][vc_column_text css_animation=&#8221;left-to-right&#8221; css=&#8221;.vc_custom_1450088996311{margin-top: -20px !important;margin-bottom: 0px !important;}&#8221;]Link til Byg-Erfa&#8217;s hjemmeside[\/vc_column_text][vc_single_image image=&#8221;1646&#8243; img_size=&#8221;full&#8221; alignment=&#8221;center&#8221; onclick=&#8221;custom_link&#8221; img_link_target=&#8221;_blank&#8221; css_animation=&#8221;top-to-bottom&#8221; link=&#8221;http:\/\/www.sbi.dk\/byggeteknik\/bygningsfysik\/fugt\/fugt-i-bygninger&#8221;][vc_column_text css_animation=&#8221;left-to-right&#8221; css=&#8221;.vc_custom_1450089096575{margin-top: -20px !important;margin-bottom: 0px !important;}&#8221;]SBi anvisning 224 &#8211; Fugt i bygninger.[\/vc_column_text][\/vc_column][\/vc_row]<\/p>","protected":false},"excerpt":{"rendered":"<p>[vc_row][vc_column width=&#8221;2\/3&#8243; css=&#8221;.vc_custom_1447163416332{border-top-width: 1px !important;border-right-width: 1px !important;border-bottom-width: 1px !important;border-left-width: 1px !important;border-left-color: #777777 !important;border-left-style: solid !important;border-right-color: #777777 !important;border-right-style: solid !important;border-top-color: #777777 !important;border-top-style: solid !important;border-bottom-color: #777777 !important;border-bottom-style: solid !important;}&#8221;][vc_text_separator title=&#8221;Construction moist&#8221;][vc_column_text] Fugtskader i bygninger kan undg\u00e5es. SkanDek best\u00e5r, som bekendt, af uorganiske materialer og kan derfor kun optage meget sm\u00e5 m\u00e6ngder fugt. Elementerne er et lukket system, &#8230; <a title=\"Construction moist\" class=\"read-more\" href=\"https:\/\/skandek.dk\/en\/ingenioer\/byggefugt\/\">Read more<span class=\"screen-reader-text\">Construction moist<\/span><\/a><\/p>\n","protected":false},"author":4,"featured_media":0,"parent":37,"menu_order":0,"comment_status":"closed","ping_status":"closed","template":"","meta":[],"_links":{"self":[{"href":"https:\/\/skandek.dk\/en\/wp-json\/wp\/v2\/pages\/1518"}],"collection":[{"href":"https:\/\/skandek.dk\/en\/wp-json\/wp\/v2\/pages"}],"about":[{"href":"https:\/\/skandek.dk\/en\/wp-json\/wp\/v2\/types\/page"}],"author":[{"embeddable":true,"href":"https:\/\/skandek.dk\/en\/wp-json\/wp\/v2\/users\/4"}],"replies":[{"embeddable":true,"href":"https:\/\/skandek.dk\/en\/wp-json\/wp\/v2\/comments?post=1518"}],"version-history":[{"count":4,"href":"https:\/\/skandek.dk\/en\/wp-json\/wp\/v2\/pages\/1518\/revisions"}],"predecessor-version":[{"id":2042,"href":"https:\/\/skandek.dk\/en\/wp-json\/wp\/v2\/pages\/1518\/revisions\/2042"}],"up":[{"embeddable":true,"href":"https:\/\/skandek.dk\/en\/wp-json\/wp\/v2\/pages\/37"}],"wp:attachment":[{"href":"https:\/\/skandek.dk\/en\/wp-json\/wp\/v2\/media?parent=1518"}],"curies":[{"name":"wp","href":"https:\/\/api.w.org\/{rel}","templated":true}]}}