{"id":1507,"date":"2015-12-11T08:21:30","date_gmt":"2015-12-11T08:21:30","guid":{"rendered":"http:\/\/test.skandek.dk\/?page_id=1507"},"modified":"2017-03-31T11:49:40","modified_gmt":"2017-03-31T11:49:40","slug":"fugt","status":"publish","type":"page","link":"https:\/\/skandek.dk\/en\/ingenioer\/fugt\/","title":{"rendered":"Moist"},"content":{"rendered":"<p>[vc_row][vc_column width=&#8221;2\/3&#8243; css=&#8221;.vc_custom_1447163416332{border-top-width: 1px !important;border-right-width: 1px !important;border-bottom-width: 1px !important;border-left-width: 1px !important;border-left-color: #777777 !important;border-left-style: solid !important;border-right-color: #777777 !important;border-right-style: solid !important;border-top-color: #777777 !important;border-top-style: solid !important;border-bottom-color: #777777 !important;border-bottom-style: solid !important;}&#8221;][vc_text_separator title=&#8221;Moist&#8221;][vc_column_text]<strong>Unventilated building elements should perform in inorganic materials.<\/strong><\/p>\n<p>SkanDek is unventilated elements where the supporting parts, between the vapor barrier and the roof membrane, is made of galvanized steel. In contrast to, for example, wood which can absorb water and nurture molds.\u00a0 Galvanized steel is an inorganic material, without these problems. At the same time Rockwool insulation material used in the elements, contain only a small amount of moisture (max 8 grams per cubic meters) as Rockwool has no capillary effect.<\/p>\n<p>The unvented roof made of steel and mineral wool. (with a diffusion-proof vapor barrier, as well as condensation within a diffusion-proof roofing) Technically called tepid floor. There will have a linear variation of temperature, from close ambient to close indoor temperature at the underside of the elements.[\/vc_column_text][vc_row_inner][vc_column_inner width=&#8221;1\/2&#8243;][vc_column_text]<strong>Why unventilated?<\/strong><\/p>\n<p>It is suitable at ventilating steel roof elements,\u00a0 because outside cool air will cool down the sheet profiles, thus providing heat loss, as well as any condensation on the ceiling side.<\/p>\n<p>SkanDek\u2019s moisture technic work as a closed system where the little moisture that will always be in construction would wander up and down depending on the temperature conditions.[\/vc_column_text][\/vc_column_inner][vc_column_inner width=&#8221;1\/2&#8243;][vc_single_image image=&#8221;1637&#8243; img_size=&#8221;full&#8221; alignment=&#8221;center&#8221; onclick=&#8221;link_image&#8221; css_animation=&#8221;top-to-bottom&#8221;][\/vc_column_inner][\/vc_row_inner][vc_single_image image=&#8221;1638&#8243; img_size=&#8221;full&#8221; alignment=&#8221;center&#8221; onclick=&#8221;link_image&#8221; css_animation=&#8221;top-to-bottom&#8221;][vc_column_text css_animation=&#8221;left-to-right&#8221; css=&#8221;.vc_custom_1450087721980{margin-top: -20px !important;margin-bottom: 0px !important;}&#8221;]Ovenover ses en graf fra fugtsimuleringsprogrammet <a class=\"external-link-new-window\" title=\"Opens external link in new window\" href=\"http:\/\/www.match-box.dk\/\" target=\"_blank\">MATCH<\/a>. Den konkrete sag er en sv\u00f8mmehal med gr\u00e6stag oven p\u00e5 SkanDek.[\/vc_column_text][vc_column_text]<strong>SkanDek steel roof element moisture technical review.<\/strong><\/p>\n<p>&nbsp;<\/p>\n<p>SkanDek has gotten consulting engineering firm Building and Environmental Technology A \/ S (BMT) to make moisture technical studies on a different type of SkanDeks steel roof element existing structures.<\/p>\n<p><strong>In their report, BMT concludes that:<\/strong><\/p>\n<p>&#8220;In the examined roofs constructions, there was no sign of moisture in the elements, and there are no indications that previously moisture in the elements. They inspected the items have not moistened at any time &#8220;.<\/p>\n<p><strong>Kirstineh\u00f8j<\/strong><\/p>\n<p>Measured RF: 58.7 to 64.4%<\/p>\n<p>Administration, storage, and production.<\/p>\n<p>The element appears without any visible traces of humidity, and all steel surfaces are shiny. The isolation of <strong>the element is dry.<\/strong><\/p>\n<p><strong>Hadsund School<\/strong><\/p>\n<p>Measured RF: &lt;100%<\/p>\n<p>School and canteen.<\/p>\n<p>On the upper side of the element between the outer insulation and the visible element traces of water. All surfaces of the element appear shiny and without evidence of moisture. The insulation in the element appears dry.<\/p>\n<p><strong>The swimming pool North West, Silkeborg<\/strong><\/p>\n<p>Measured RF: &lt;100%<\/p>\n<p>Swimming.<\/p>\n<p>The element appears without any visible traces of humidity, and all steel surfaces are shiny. The isolation of the element is dry.<\/p>\n<p><strong>Eg\u00e5 Gymnasium<\/strong><\/p>\n<p>Measured RF: 55.4 to 60.3%<\/p>\n<p>School.<\/p>\n<p>The element appears without any visible traces of humidity, and all steel surfaces are shiny. The isolation of the element is dry<\/p>\n<p>[\/vc_column_text][\/vc_column][vc_column width=&#8221;1\/3&#8243;][vc_column_text css_animation=&#8221;left-to-right&#8221; css=&#8221;.vc_custom_1450087809062{margin-top: -20px !important;margin-bottom: 0px !important;}&#8221;]<\/p>\n<div id=\"c2158\" class=\"csc-default csc-space-before-25\">\n<p class=\"bodytext\"><b>Fugtteknisk gennemgang af SkanDek st\u00e5ltagelementer.<\/b><\/p>\n<p>SkanDek har f\u00e5et det r\u00e5dgivende ingeni\u00f8rfirma Bygge- og Milj\u00f8teknik A\/S (BMT) til at lave \u00a0<a class=\"download\" title=\"Initiates file download\" href=\"\/wp-content\/pdf\/BMT_Gennemgang_af_tagelementer_for_fugt_N4108-001.pdf\" target=\"_blank\">FUGTTEKNISKE UNDERS\u00d8GELSER<\/a>\u00a0\u00a0p\u00e5 forskellige typer af eksisterende tagkonstruktioner, med SkanDek st\u00e5ltagelementer.<\/p>\n<p class=\"bodytext\">I deres rapport konkluderer BMT:<\/p>\n<p class=\"bodytext\">&#8220;I de unders\u00f8gte tagkonstruktioner er der ikke fundet tegn p\u00e5 fugt i elementerne, og der er ikke fundet indikationer p\u00e5, at der tidligere har v\u00e6ret fugt i elementerne. De besigtigede elementer har s\u00e5ledes ikke v\u00e6ret opfugtet p\u00e5 noget tidspunkt&#8221;.<\/p>\n<\/div>\n<div id=\"c2156\" class=\"csc-default csc-space-before-25\">\n<div class=\"indent\">\n<div class=\"indent\">\n<p class=\"bodytext\"><b>Kirstineh\u00f8j<br \/>\n<\/b>M\u00e5lt RF: 58,7 &#8211; 64,4%<br \/>\nAdministration, lager og produktion.<br \/>\nElementet fremst\u00e5r uden synlige spor efter fugt og alle st\u00e5loverflader er blanke. Isoleringen i elementet er t\u00f8r.<\/p>\n<p><b>Hadsund skole<br \/>\n<\/b>M\u00e5lt RF: &lt;100%<br \/>\nSkole og kantine.<br \/>\nP\u00e5 oversiden af elementet mellem den udvendige isolering og elementet ses der spor efter vand. Alle overflader inde i elementet fremst\u00e5r blanke og uden tegn p\u00e5 fugt. Isoleringen i elementet fremst\u00e5r t\u00f8r.<\/p>\n<p><b>Sv\u00f8mmebadet Nordvest, Silkeborg<br \/>\n<\/b>M\u00e5lt RF: &lt;100%<br \/>\nSv\u00f8mmebad.<br \/>\nElementet fremst\u00e5r uden synlige spor efter fugt og alle st\u00e5loverflader er blanke. Isoleringen i elementet er t\u00f8r.<\/p>\n<p><b>Eg\u00e5 Gymnasium<br \/>\n<\/b>M\u00e5lt RF: 55,4 &#8211; 60,3%<br \/>\nSkole.<br \/>\nElementet fremst\u00e5r uden synlige spor efter fugt og alle st\u00e5loverflader er blanke. Isoleringen i elementet er t\u00f8r.<\/p>\n<p class=\"bodytext\">\n<\/div>\n<\/div>\n<\/div>\n<p>[\/vc_column_text][vc_single_image image=&#8221;1639&#8243; img_size=&#8221;full&#8221; alignment=&#8221;center&#8221; onclick=&#8221;custom_link&#8221; img_link_target=&#8221;_blank&#8221; css_animation=&#8221;top-to-bottom&#8221; link=&#8221;\/wp-content\/pdf\/BMT_Gennemgang_af_tagelementer_for_fugt_N4108-001.pdf&#8221;][\/vc_column][\/vc_row]<\/p>","protected":false},"excerpt":{"rendered":"<p>[vc_row][vc_column width=&#8221;2\/3&#8243; css=&#8221;.vc_custom_1447163416332{border-top-width: 1px !important;border-right-width: 1px !important;border-bottom-width: 1px !important;border-left-width: 1px !important;border-left-color: #777777 !important;border-left-style: solid !important;border-right-color: #777777 !important;border-right-style: solid !important;border-top-color: #777777 !important;border-top-style: solid !important;border-bottom-color: #777777 !important;border-bottom-style: solid !important;}&#8221;][vc_text_separator title=&#8221;Moist&#8221;][vc_column_text]Unventilated building elements should perform in inorganic materials. SkanDek is unventilated elements where the supporting parts, between the vapor barrier and the roof membrane, is made of galvanized &#8230; <a title=\"Moist\" class=\"read-more\" href=\"https:\/\/skandek.dk\/en\/ingenioer\/fugt\/\">Read more<span class=\"screen-reader-text\">Moist<\/span><\/a><\/p>\n","protected":false},"author":4,"featured_media":0,"parent":37,"menu_order":0,"comment_status":"closed","ping_status":"closed","template":"","meta":[],"_links":{"self":[{"href":"https:\/\/skandek.dk\/en\/wp-json\/wp\/v2\/pages\/1507"}],"collection":[{"href":"https:\/\/skandek.dk\/en\/wp-json\/wp\/v2\/pages"}],"about":[{"href":"https:\/\/skandek.dk\/en\/wp-json\/wp\/v2\/types\/page"}],"author":[{"embeddable":true,"href":"https:\/\/skandek.dk\/en\/wp-json\/wp\/v2\/users\/4"}],"replies":[{"embeddable":true,"href":"https:\/\/skandek.dk\/en\/wp-json\/wp\/v2\/comments?post=1507"}],"version-history":[{"count":11,"href":"https:\/\/skandek.dk\/en\/wp-json\/wp\/v2\/pages\/1507\/revisions"}],"predecessor-version":[{"id":2377,"href":"https:\/\/skandek.dk\/en\/wp-json\/wp\/v2\/pages\/1507\/revisions\/2377"}],"up":[{"embeddable":true,"href":"https:\/\/skandek.dk\/en\/wp-json\/wp\/v2\/pages\/37"}],"wp:attachment":[{"href":"https:\/\/skandek.dk\/en\/wp-json\/wp\/v2\/media?parent=1507"}],"curies":[{"name":"wp","href":"https:\/\/api.w.org\/{rel}","templated":true}]}}