{"id":1505,"date":"2015-12-11T08:14:52","date_gmt":"2015-12-11T08:14:52","guid":{"rendered":"http:\/\/test.skandek.dk\/?page_id=1505"},"modified":"2015-12-14T10:05:06","modified_gmt":"2015-12-14T10:05:06","slug":"skandek-greenline-3","status":"publish","type":"page","link":"https:\/\/skandek.dk\/en\/ingenioer\/skandek-greenline-3\/","title":{"rendered":"SkanDek GreenLine"},"content":{"rendered":"<p>[vc_row][vc_column width=&#8221;2\/3&#8243; css=&#8221;.vc_custom_1447163416332{border-top-width: 1px !important;border-right-width: 1px !important;border-bottom-width: 1px !important;border-left-width: 1px !important;border-left-color: #777777 !important;border-left-style: solid !important;border-right-color: #777777 !important;border-right-style: solid !important;border-top-color: #777777 !important;border-top-style: solid !important;border-bottom-color: #777777 !important;border-bottom-style: solid !important;}&#8221;][vc_text_separator title=&#8221;SkanDek &#8211; GreenLine&#8221;][vc_column_text]<\/p>\n<div id=\"c2849\" class=\"csc-default\">\n<div class=\"csc-textpic csc-textpic-center csc-textpic-above\">\n<div class=\"csc-textpic-text\">\n<div id=\"c2764\" class=\"csc-default\">\n<div class=\"csc-textpic csc-textpic-center csc-textpic-below\">\n<div class=\"csc-textpic-text\">\n<div id=\"c2912\" class=\"csc-default\">\n<div class=\"csc-textpic csc-textpic-center csc-textpic-below\">\n<div class=\"csc-textpic-text\">\n<div id=\"c1752\" class=\"csc-default\">\n<div class=\"csc-textpic csc-textpic-intext-right\">\n<div class=\"csc-textpic-text\">\n<div id=\"c1757\" class=\"csc-default\">\n<div id=\"c2509\" class=\"csc-default\">\n<div id=\"c2513\" class=\"csc-default\">\n<p class=\"bodytext\"><b>Tagkonstruktioner med sk\u00e6rpede U-v\u00e6rdikrav.<\/b><\/p>\n<p class=\"bodytext\">SkanDek GreenLine, med elementtyperne SD450, SD500, SD550 og SD600, anvendes til tagkonstruktioner, hvor U-v\u00e6rdikravet er 0,12 W\/m<sup>2<\/sup>K eller lavere.<\/p>\n<p class=\"bodytext\">SkanDek GreenLine er en videreudvikling af SkanDeks patenterede b\u00e6rebj\u00e6lke, hvor kuldebroen gennem st\u00e5let reduceres ved at indcorporere et gittersystem. Dette har resulteret i, at det nu er muligt at fylde mere isolering i elementerne, s\u00e5ledes at det ikke er n\u00f8dvendigt, at efterisolere p\u00e5 byggepladsen.<\/p>\n<p class=\"bodytext\">SkanDek GreenLine f\u00e5s i 4 h\u00f8jder, med U-v\u00e6rdi helt ned til 0,08 W\/m<sup>2<\/sup>K<\/p>\n<\/div>\n<div id=\"c2173\" class=\"csc-default\">\n<div class=\"csc-textpic csc-textpic-left csc-textpic-below\">\n<div class=\"csc-textpic-text\">\n<p class=\"bodytext\"><b>Varmegennemstr\u00f8mning.<\/b><\/p>\n<p class=\"bodytext\">Nedenunder ses varmestr\u00f8mningen igennem et SkanDek GreenLine profil.<\/p>\n<\/div>\n<\/div>\n<\/div>\n<\/div>\n<\/div>\n<\/div>\n<\/div>\n<\/div>\n<\/div>\n<\/div>\n<\/div>\n<\/div>\n<\/div>\n<\/div>\n<\/div>\n<\/div>\n<\/div>\n<p>[\/vc_column_text][vc_single_image image=&#8221;1635&#8243; img_size=&#8221;full&#8221; alignment=&#8221;center&#8221; onclick=&#8221;link_image&#8221; css_animation=&#8221;top-to-bottom&#8221;][vc_column_text css_animation=&#8221;left-to-right&#8221; css=&#8221;.vc_custom_1450087000366{margin-top: -20px !important;margin-bottom: 0px !important;}&#8221;]Varmestr\u00f8mning igennem mineraluld og tyndpladeprofiler, beregnet med beregningsprogramet HEAT2.[\/vc_column_text][\/vc_column][\/vc_row]<\/p>\n","protected":false},"excerpt":{"rendered":"<p>[vc_row][vc_column width=&#8221;2\/3&#8243; css=&#8221;.vc_custom_1447163416332{border-top-width: 1px !important;border-right-width: 1px !important;border-bottom-width: 1px !important;border-left-width: 1px !important;border-left-color: #777777 !important;border-left-style: solid !important;border-right-color: #777777 !important;border-right-style: solid !important;border-top-color: #777777 !important;border-top-style: solid !important;border-bottom-color: #777777 !important;border-bottom-style: solid !important;}&#8221;][vc_text_separator title=&#8221;SkanDek &#8211; GreenLine&#8221;][vc_column_text] Tagkonstruktioner med sk\u00e6rpede U-v\u00e6rdikrav. SkanDek GreenLine, med elementtyperne SD450, SD500, SD550 og SD600, anvendes til tagkonstruktioner, hvor U-v\u00e6rdikravet er 0,12 W\/m2K eller lavere. SkanDek GreenLine &#8230; <a title=\"SkanDek GreenLine\" class=\"read-more\" href=\"https:\/\/skandek.dk\/en\/ingenioer\/skandek-greenline-3\/\">Read more<span class=\"screen-reader-text\">SkanDek GreenLine<\/span><\/a><\/p>\n","protected":false},"author":4,"featured_media":0,"parent":37,"menu_order":0,"comment_status":"closed","ping_status":"closed","template":"","meta":[],"_links":{"self":[{"href":"https:\/\/skandek.dk\/en\/wp-json\/wp\/v2\/pages\/1505"}],"collection":[{"href":"https:\/\/skandek.dk\/en\/wp-json\/wp\/v2\/pages"}],"about":[{"href":"https:\/\/skandek.dk\/en\/wp-json\/wp\/v2\/types\/page"}],"author":[{"embeddable":true,"href":"https:\/\/skandek.dk\/en\/wp-json\/wp\/v2\/users\/4"}],"replies":[{"embeddable":true,"href":"https:\/\/skandek.dk\/en\/wp-json\/wp\/v2\/comments?post=1505"}],"version-history":[{"count":2,"href":"https:\/\/skandek.dk\/en\/wp-json\/wp\/v2\/pages\/1505\/revisions"}],"predecessor-version":[{"id":1636,"href":"https:\/\/skandek.dk\/en\/wp-json\/wp\/v2\/pages\/1505\/revisions\/1636"}],"up":[{"embeddable":true,"href":"https:\/\/skandek.dk\/en\/wp-json\/wp\/v2\/pages\/37"}],"wp:attachment":[{"href":"https:\/\/skandek.dk\/en\/wp-json\/wp\/v2\/media?parent=1505"}],"curies":[{"name":"wp","href":"https:\/\/api.w.org\/{rel}","templated":true}]}}