{"id":1503,"date":"2015-12-11T08:14:29","date_gmt":"2015-12-11T08:14:29","guid":{"rendered":"http:\/\/test.skandek.dk\/?page_id=1503"},"modified":"2015-12-14T09:54:09","modified_gmt":"2015-12-14T09:54:09","slug":"skandek-4","status":"publish","type":"page","link":"https:\/\/skandek.dk\/en\/ingenioer\/skandek-4\/","title":{"rendered":"SkanDek"},"content":{"rendered":"<p>[vc_row][vc_column width=&#8221;2\/3&#8243; css=&#8221;.vc_custom_1447163416332{border-top-width: 1px !important;border-right-width: 1px !important;border-bottom-width: 1px !important;border-left-width: 1px !important;border-left-color: #777777 !important;border-left-style: solid !important;border-right-color: #777777 !important;border-right-style: solid !important;border-top-color: #777777 !important;border-top-style: solid !important;border-bottom-color: #777777 !important;border-bottom-style: solid !important;}&#8221;][vc_text_separator title=&#8221;SkanDek&#8221;][vc_column_text]<\/p>\n<div id=\"c2849\" class=\"csc-default\">\n<div class=\"csc-textpic csc-textpic-center csc-textpic-above\">\n<div class=\"csc-textpic-text\">\n<div id=\"c2764\" class=\"csc-default\">\n<div class=\"csc-textpic csc-textpic-center csc-textpic-below\">\n<div class=\"csc-textpic-text\">\n<div id=\"c2912\" class=\"csc-default\">\n<div class=\"csc-textpic csc-textpic-center csc-textpic-below\">\n<div class=\"csc-textpic-text\">\n<div id=\"c1752\" class=\"csc-default\">\n<div class=\"csc-textpic csc-textpic-intext-right\">\n<div class=\"csc-textpic-text\">\n<div id=\"c1757\" class=\"csc-default\">\n<div id=\"c2509\" class=\"csc-default\">\n<p class=\"bodytext\"><b>Etaged\u00e6k og tagkonstruktioner uden U-v\u00e6rdikrav<\/b><\/p>\n<p class=\"bodytext\">De traditionelle SkanDekelementer af typerne SD200, SD300 og SD350 er velegnede til etaged\u00e6k og tagkonstruktioner uden isoleringskrav.<\/p>\n<p class=\"bodytext\">SkanDek er udviklet p\u00e5 et tidspunkt, hvor isoleringskravet til tagkonstruktioner var v\u00e6sentligt lavere end det er i dag. De traditionelle SkanDek elementers U-v\u00e6rdi, uden efterisolering, er derfor ikke l\u00e6ngere tilstr\u00e6kkelig i forhold til de g\u00e6ldende krav til tagkonstruktioner.<\/p>\n<\/div>\n<div id=\"c2531\" class=\"csc-default\">\n<div class=\"csc-textpic csc-textpic-left csc-textpic-below\">\n<div class=\"csc-textpic-text\">\n<p class=\"bodytext\"><b>Varmeledning gennem en SkanDek bj\u00e6lke.<\/b><\/p>\n<p class=\"bodytext\">De traditionelle SkanDek bj\u00e6lker er bygget op som et kasseprofil, best\u00e5ende af to sk\u00e5le, der er valset af tyndpladest\u00e5l. De to sk\u00e5le er samlet med en clinchning.<\/p>\n<p class=\"bodytext\">Ved denne clinchningsmetode dannes der en kuldebro gennem bj\u00e6lkesiderne, og idet st\u00e5l har en meget h\u00f8j varmeledningsevne, har det stor indflydelse p\u00e5 elementets samlede U-v\u00e6rdi.<\/p>\n<p class=\"bodytext\">Nedenst\u00e5ende illustration er fra beregningsprogrammet HEAT2, som beregner varmegennemstr\u00f8mningen gennem konstruktioner. Illustrationen viser, hvorledes varmen og kulden tr\u00e6kkes ind i konstruktionen.<\/p>\n<\/div>\n<\/div>\n<\/div>\n<\/div>\n<\/div>\n<\/div>\n<\/div>\n<\/div>\n<\/div>\n<\/div>\n<\/div>\n<\/div>\n<\/div>\n<\/div>\n<\/div>\n<\/div>\n<p>[\/vc_column_text][vc_single_image image=&#8221;1633&#8243; img_size=&#8221;full&#8221; alignment=&#8221;center&#8221; onclick=&#8221;link_image&#8221; css_animation=&#8221;top-to-bottom&#8221;][vc_column_text css_animation=&#8221;left-to-right&#8221; css=&#8221;.vc_custom_1450086749302{margin-top: -20px !important;margin-bottom: 0px !important;}&#8221;]Varmestr\u00f8mning igennem mineraluld og tyndpladeprofiler, beregnet med beregningsprogramet HEAT2.[\/vc_column_text][\/vc_column][\/vc_row]<\/p>\n","protected":false},"excerpt":{"rendered":"<p>[vc_row][vc_column width=&#8221;2\/3&#8243; css=&#8221;.vc_custom_1447163416332{border-top-width: 1px !important;border-right-width: 1px !important;border-bottom-width: 1px !important;border-left-width: 1px !important;border-left-color: #777777 !important;border-left-style: solid !important;border-right-color: #777777 !important;border-right-style: solid !important;border-top-color: #777777 !important;border-top-style: solid !important;border-bottom-color: #777777 !important;border-bottom-style: solid !important;}&#8221;][vc_text_separator title=&#8221;SkanDek&#8221;][vc_column_text] Etaged\u00e6k og tagkonstruktioner uden U-v\u00e6rdikrav De traditionelle SkanDekelementer af typerne SD200, SD300 og SD350 er velegnede til etaged\u00e6k og tagkonstruktioner uden isoleringskrav. SkanDek er udviklet p\u00e5 et &#8230; <a title=\"SkanDek\" class=\"read-more\" href=\"https:\/\/skandek.dk\/en\/ingenioer\/skandek-4\/\">Read more<span class=\"screen-reader-text\">SkanDek<\/span><\/a><\/p>\n","protected":false},"author":4,"featured_media":0,"parent":37,"menu_order":0,"comment_status":"closed","ping_status":"closed","template":"","meta":[],"_links":{"self":[{"href":"https:\/\/skandek.dk\/en\/wp-json\/wp\/v2\/pages\/1503"}],"collection":[{"href":"https:\/\/skandek.dk\/en\/wp-json\/wp\/v2\/pages"}],"about":[{"href":"https:\/\/skandek.dk\/en\/wp-json\/wp\/v2\/types\/page"}],"author":[{"embeddable":true,"href":"https:\/\/skandek.dk\/en\/wp-json\/wp\/v2\/users\/4"}],"replies":[{"embeddable":true,"href":"https:\/\/skandek.dk\/en\/wp-json\/wp\/v2\/comments?post=1503"}],"version-history":[{"count":2,"href":"https:\/\/skandek.dk\/en\/wp-json\/wp\/v2\/pages\/1503\/revisions"}],"predecessor-version":[{"id":1634,"href":"https:\/\/skandek.dk\/en\/wp-json\/wp\/v2\/pages\/1503\/revisions\/1634"}],"up":[{"embeddable":true,"href":"https:\/\/skandek.dk\/en\/wp-json\/wp\/v2\/pages\/37"}],"wp:attachment":[{"href":"https:\/\/skandek.dk\/en\/wp-json\/wp\/v2\/media?parent=1503"}],"curies":[{"name":"wp","href":"https:\/\/api.w.org\/{rel}","templated":true}]}}