{"id":1501,"date":"2015-12-11T08:14:05","date_gmt":"2015-12-11T08:14:05","guid":{"rendered":"http:\/\/test.skandek.dk\/?page_id=1501"},"modified":"2015-12-14T09:45:37","modified_gmt":"2015-12-14T09:45:37","slug":"u-vaerdi","status":"publish","type":"page","link":"https:\/\/skandek.dk\/en\/ingenioer\/u-vaerdi\/","title":{"rendered":"U-Value"},"content":{"rendered":"<p>[vc_row][vc_column width=&#8221;2\/3&#8243; css=&#8221;.vc_custom_1447163416332{border-top-width: 1px !important;border-right-width: 1px !important;border-bottom-width: 1px !important;border-left-width: 1px !important;border-left-color: #777777 !important;border-left-style: solid !important;border-right-color: #777777 !important;border-right-style: solid !important;border-top-color: #777777 !important;border-top-style: solid !important;border-bottom-color: #777777 !important;border-bottom-style: solid !important;}&#8221;][vc_text_separator title=&#8221;U-Value&#8221;][vc_column_text]<\/p>\n<div id=\"c2849\" class=\"csc-default\">\n<div class=\"csc-textpic csc-textpic-center csc-textpic-above\">\n<div class=\"csc-textpic-text\">\n<div id=\"c2764\" class=\"csc-default\">\n<div class=\"csc-textpic csc-textpic-center csc-textpic-below\">\n<div class=\"csc-textpic-text\">\n<div id=\"c2912\" class=\"csc-default\">\n<div class=\"csc-textpic csc-textpic-center csc-textpic-below\">\n<div class=\"csc-textpic-text\">\n<div id=\"c1752\" class=\"csc-default\">\n<div class=\"csc-textpic csc-textpic-intext-right\">\n<div class=\"csc-textpic-text\">\n<div id=\"c1757\" class=\"csc-default\">\n<p class=\"bodytext\">Today, SkanDek is able to deliver SD350 panels with a U-value as low as 0.15 W\/m2*K. The U-value can be improved by applying extra isolation on the roof or ceiling part.<\/p>\n<\/div>\n<\/div>\n<\/div>\n<\/div>\n<\/div>\n<\/div>\n<\/div>\n<\/div>\n<\/div>\n<\/div>\n<\/div>\n<\/div>\n<\/div>\n<p>[\/vc_column_text][vc_row_inner][vc_column_inner width=&#8221;1\/2&#8243;][vc_column_text css_animation=&#8221;left-to-right&#8221; css=&#8221;.vc_custom_1450086021154{margin-top: -20px !important;margin-bottom: 0px !important;}&#8221;]<\/p>\n<ul>\n<li>Sp\u00e6ndvidde.<\/li>\n<li>Deformation, for variabel last.<\/li>\n<li>Last fra installationer.<\/li>\n<li>Egenv\u00e6gt.<\/li>\n<li>Nyttelasten.<\/li>\n<li>Snelast.<\/li>\n<li>Sneophobning, \u00e6kvilant.<\/li>\n<li>Sneophobning, maksimalt.<\/li>\n<li>Brandkrav.<\/li>\n<\/ul>\n<p>[\/vc_column_text][\/vc_column_inner][vc_column_inner width=&#8221;1\/2&#8243;][vc_single_image image=&#8221;1629&#8243; img_size=&#8221;full&#8221; alignment=&#8221;center&#8221; onclick=&#8221;link_image&#8221; css_animation=&#8221;top-to-bottom&#8221;][\/vc_column_inner][\/vc_row_inner][vc_column_text]<\/p>\n<div id=\"c2849\" class=\"csc-default\">\n<div class=\"csc-textpic csc-textpic-center csc-textpic-above\">\n<div class=\"csc-textpic-text\">\n<div id=\"c2764\" class=\"csc-default\">\n<div class=\"csc-textpic csc-textpic-center csc-textpic-below\">\n<div class=\"csc-textpic-text\">\n<div id=\"c2912\" class=\"csc-default\">\n<div class=\"csc-textpic csc-textpic-center csc-textpic-below\">\n<div class=\"csc-textpic-text\">\n<div id=\"c1752\" class=\"csc-default\">\n<div class=\"csc-textpic csc-textpic-intext-right\">\n<div class=\"csc-textpic-text\">\n<div id=\"c1757\" class=\"csc-default\">\n<div id=\"c2185\" class=\"csc-default\">\n<div id=\"c2180\" class=\"csc-default\">\n<p class=\"bodytext\">Ud fra bygherrer\u00e5dgiverens krav til \u00e6stetik, design og lastplaner, kan SkanDek dimensionere hvor mange SkanDek bj\u00e6lker, der skal i elementerne, og herudfra bestemme U-v\u00e6rdien.<\/p>\n<p class=\"bodytext\">SkanDek r\u00e5dgiver om hvilken opbygning og tykkelse, der \u00f8konomisk set er mest optimal ud fra r\u00e5dgiverens krav.<\/p>\n<p class=\"bodytext\"><b><i>Kontakt vores <a class=\"internal-link\" title=\"Opens internal link in current window\" href=\"https:\/\/skandek.dkcontact\/sales-department\/?L=3\">salgsafdeling<\/a> for mere information.<\/i><\/b><\/p>\n<\/div>\n<div id=\"c2516\" class=\"csc-default\">\n<div class=\"csc-header csc-header-n4\">\n<h1>Nye sk\u00e6rpede krav<\/h1>\n<\/div>\n<p class=\"bodytext\"><b>Nye Sk\u00e6rpede krav.<\/b><\/p>\n<p class=\"bodytext\">Hvor det iht. BR95 ofte var nok med 15 cm ubrudt isolering kl. 37, skal man efter BR15 ofte bruge tilsvarende 50 cm isolering, &#8211; alts\u00e5 mere end 3 gange s\u00e5 meget, som for blot 15 \u00e5r siden, hvor de f\u00f8rste typer af SkanDek blev udviklet.<\/p>\n<p class=\"bodytext\">For at f\u00f8lge med de sk\u00e6rpede krav, har SkanDek udviklet SkanDek GreenLine, en elementtype med forbedret U-v\u00e6rdi. SkanDek opererer derfor nu med to typer elementer, med forskellige foruds\u00e6tninger.<\/p>\n<p class=\"bodytext\">N\u00e5r man som r\u00e5dgiver eller entrepren\u00f8r v\u00e6lger, at arbejde med SkanDek, er det derfor vigtigt, at afg\u00f8re U-v\u00e6rdikravet p\u00e5 et tidligt tidspunkt.<\/p>\n<p class=\"bodytext\">De traditionelle SkanDek elementer bruges til etaged\u00e6k og tagkonstruktioner, hvor der ikke er v\u00e6sentlige krav til energiramme og U-v\u00e6rdi.<\/p>\n<p class=\"bodytext\">SkanDek GreenLine er derimod velegnet til lavenergibyggeri, idet vi her kan tilbyde en f\u00e6rdig tagkonstruktion, med U-v\u00e6rdi helt ned til 0,08 W\/m<sup>2<\/sup>K.<\/p>\n<\/div>\n<div id=\"c2639\" class=\"csc-default\">\n<p class=\"bodytext\"><b>Nedenfor:<\/b> Snit i tagudh\u00e6ng, med farvelagte minimums-tykkelser p\u00e5 kondens- og kuldebroisolering.<\/p>\n<\/div>\n<\/div>\n<\/div>\n<\/div>\n<\/div>\n<\/div>\n<\/div>\n<\/div>\n<\/div>\n<\/div>\n<\/div>\n<\/div>\n<\/div>\n<\/div>\n<\/div>\n<p>[\/vc_column_text][vc_single_image image=&#8221;1630&#8243; img_size=&#8221;full&#8221; alignment=&#8221;center&#8221; onclick=&#8221;link_image&#8221; css_animation=&#8221;top-to-bottom&#8221;][vc_column_text]<\/p>\n<div id=\"c2849\" class=\"csc-default\">\n<div class=\"csc-textpic csc-textpic-center csc-textpic-above\">\n<div class=\"csc-textpic-text\">\n<div id=\"c2764\" class=\"csc-default\">\n<div class=\"csc-textpic csc-textpic-center csc-textpic-below\">\n<div class=\"csc-textpic-text\">\n<div id=\"c2912\" class=\"csc-default\">\n<div class=\"csc-textpic csc-textpic-center csc-textpic-below\">\n<div class=\"csc-textpic-text\">\n<div id=\"c1752\" class=\"csc-default\">\n<div class=\"csc-textpic csc-textpic-intext-right\">\n<div class=\"csc-textpic-text\">\n<div id=\"c1757\" class=\"csc-default\">\n<div id=\"c2185\" class=\"csc-default\">\n<div id=\"c532\" class=\"csc-default\">\n<div id=\"c532\" class=\"csc-default\">\n<h2>Thermal bridges<\/h2>\n<p class=\"bodytext\">When designing roof projections there are several points to keep in mind.<\/p>\n<ul>\n<li>Cantilevered building parts from heated buildings must be isolated against thermal bridges, to prevent heat loss and condensation in and on the interior ceilings. Condensation can lead to moisture damage on the building parts, as well as a bad indoor climate. SkanDek recommends that the cantilevered thin-plate parts are isolated with minimum 30 mm of isolation.<\/li>\n<li>When setting op soft mineral wool as thermal bridge isolation between secondary boarding, a wind barrier should be established, so that the isolation does not blow apart. The wind barrier must be sealed with a suitable caulking compound.<\/li>\n<\/ul>\n<h2>Calculation programs and documentation.<\/h2>\n<ul>\n<li>Calculation program. (Currently being revised)<\/li>\n<li>U-value test (currently being revised)<\/li>\n<\/ul>\n<\/div>\n<div id=\"c2638\" class=\"csc-default\">\n<p class=\"bodytext\"><b>Kondensisolering p\u00e5 taget.<\/b><\/p>\n<p class=\"bodytext\">SkanDek anbefaler, at der altid monteres minimum 30 mm trykfast isolering p\u00e5 taget, som kondensisolering. Hvis tagfladen er med ensidigt fald, kan SkanDek levere elementerne med den trykfaste isolering monteret fra fabrik. Ved kileopbygning p\u00e5 pladsen, anbefaler SkanDek, at entrepren\u00f8ren monterer 30 mm trykfast isolering, som underlag for kileopbygningen.<\/p>\n<\/div>\n<\/div>\n<\/div>\n<\/div>\n<\/div>\n<\/div>\n<\/div>\n<\/div>\n<\/div>\n<\/div>\n<\/div>\n<\/div>\n<\/div>\n<\/div>\n<\/div>\n<\/div>\n<p>[\/vc_column_text][vc_single_image image=&#8221;1631&#8243; img_size=&#8221;full&#8221; alignment=&#8221;center&#8221; onclick=&#8221;link_image&#8221; css_animation=&#8221;top-to-bottom&#8221;][vc_column_text]<\/p>\n<div id=\"c2849\" class=\"csc-default\">\n<div class=\"csc-textpic csc-textpic-center csc-textpic-above\">\n<div class=\"csc-textpic-text\">\n<div id=\"c2764\" class=\"csc-default\">\n<div class=\"csc-textpic csc-textpic-center csc-textpic-below\">\n<div class=\"csc-textpic-text\">\n<div id=\"c2912\" class=\"csc-default\">\n<div class=\"csc-textpic csc-textpic-center csc-textpic-below\">\n<div class=\"csc-textpic-text\">\n<div id=\"c1752\" class=\"csc-default\">\n<div class=\"csc-textpic csc-textpic-intext-right\">\n<div class=\"csc-textpic-text\">\n<div id=\"c1757\" class=\"csc-default\">\n<div id=\"c2185\" class=\"csc-default\">\n<div id=\"c532\" class=\"csc-default\">\n<p class=\"bodytext\"><b>Above:<\/b> Cross sections in two roof panels with three and four SkanDek beams respectively, each with a pressure-resistant moisture isolation on the roof plate. The nethermost roof panel has 20 mm rigid mineral wool over the ceiling plate to comply with noise and fire requirements.<\/p>\n<p class=\"bodytext\"><b>Below:<\/b> Cross section in roof projections with coloured minimum thicknesses of moisture and thermal bridge isolation.<\/p>\n<\/div>\n<\/div>\n<\/div>\n<\/div>\n<\/div>\n<\/div>\n<\/div>\n<\/div>\n<\/div>\n<\/div>\n<\/div>\n<\/div>\n<\/div>\n<\/div>\n<\/div>\n<p>[\/vc_column_text][\/vc_column][vc_column width=&#8221;1\/3&#8243;][\/vc_column][\/vc_row]<\/p>","protected":false},"excerpt":{"rendered":"<p>[vc_row][vc_column width=&#8221;2\/3&#8243; css=&#8221;.vc_custom_1447163416332{border-top-width: 1px !important;border-right-width: 1px !important;border-bottom-width: 1px !important;border-left-width: 1px !important;border-left-color: #777777 !important;border-left-style: solid !important;border-right-color: #777777 !important;border-right-style: solid !important;border-top-color: #777777 !important;border-top-style: solid !important;border-bottom-color: #777777 !important;border-bottom-style: solid !important;}&#8221;][vc_text_separator title=&#8221;U-Value&#8221;][vc_column_text] Today, SkanDek is able to deliver SD350 panels with a U-value as low as 0.15 W\/m2*K. The U-value can be improved by applying extra isolation on the &#8230; <a title=\"U-Value\" class=\"read-more\" href=\"https:\/\/skandek.dk\/en\/ingenioer\/u-vaerdi\/\">Read more<span class=\"screen-reader-text\">U-Value<\/span><\/a><\/p>\n","protected":false},"author":4,"featured_media":0,"parent":37,"menu_order":0,"comment_status":"closed","ping_status":"closed","template":"","meta":[],"_links":{"self":[{"href":"https:\/\/skandek.dk\/en\/wp-json\/wp\/v2\/pages\/1501"}],"collection":[{"href":"https:\/\/skandek.dk\/en\/wp-json\/wp\/v2\/pages"}],"about":[{"href":"https:\/\/skandek.dk\/en\/wp-json\/wp\/v2\/types\/page"}],"author":[{"embeddable":true,"href":"https:\/\/skandek.dk\/en\/wp-json\/wp\/v2\/users\/4"}],"replies":[{"embeddable":true,"href":"https:\/\/skandek.dk\/en\/wp-json\/wp\/v2\/comments?post=1501"}],"version-history":[{"count":2,"href":"https:\/\/skandek.dk\/en\/wp-json\/wp\/v2\/pages\/1501\/revisions"}],"predecessor-version":[{"id":1632,"href":"https:\/\/skandek.dk\/en\/wp-json\/wp\/v2\/pages\/1501\/revisions\/1632"}],"up":[{"embeddable":true,"href":"https:\/\/skandek.dk\/en\/wp-json\/wp\/v2\/pages\/37"}],"wp:attachment":[{"href":"https:\/\/skandek.dk\/en\/wp-json\/wp\/v2\/media?parent=1501"}],"curies":[{"name":"wp","href":"https:\/\/api.w.org\/{rel}","templated":true}]}}