{"id":1499,"date":"2015-12-11T08:13:15","date_gmt":"2015-12-11T08:13:15","guid":{"rendered":"http:\/\/test.skandek.dk\/?page_id=1499"},"modified":"2015-12-21T07:27:21","modified_gmt":"2015-12-21T07:27:21","slug":"pilhojdedeformation","status":"publish","type":"page","link":"https:\/\/skandek.dk\/en\/ingenioer\/pilhojdedeformation\/","title":{"rendered":"Pilh\u00f8jde\/deformation"},"content":{"rendered":"<p>[vc_row][vc_column width=&#8221;2\/3&#8243; css=&#8221;.vc_custom_1447163416332{border-top-width: 1px !important;border-right-width: 1px !important;border-bottom-width: 1px !important;border-left-width: 1px !important;border-left-color: #777777 !important;border-left-style: solid !important;border-right-color: #777777 !important;border-right-style: solid !important;border-top-color: #777777 !important;border-top-style: solid !important;border-bottom-color: #777777 !important;border-bottom-style: solid !important;}&#8221;][vc_text_separator title=&#8221;Pilh\u00f8jde\/deformation&#8221;][vc_column_text]<\/p>\n<div id=\"c2849\" class=\"csc-default\">\n<div class=\"csc-textpic csc-textpic-center csc-textpic-above\">\n<div class=\"csc-textpic-text\">\n<div id=\"c2764\" class=\"csc-default\">\n<div class=\"csc-textpic csc-textpic-center csc-textpic-below\">\n<div class=\"csc-textpic-text\">\n<div id=\"c2912\" class=\"csc-default\">\n<div class=\"csc-textpic csc-textpic-center csc-textpic-below\">\n<div class=\"csc-textpic-text\">\n<div id=\"c1752\" class=\"csc-default\">\n<div class=\"csc-textpic csc-textpic-intext-right\">\n<div class=\"csc-textpic-text\">\n<div id=\"c1757\" class=\"csc-default\">\n<div id=\"c3035\" class=\"csc-default\">\n<div class=\"csc-textpic csc-textpic-intext-right\">\n<div class=\"csc-textpic-text\">\n<p class=\"bodytext\"><b><img loading=\"lazy\" class=\"alignright wp-image-1622 size-medium\" src=\"https:\/\/skandek.dkwp-content\/uploads\/2015\/12\/dee764ff1d-300x225.jpg\" alt=\"dee764ff1d\" width=\"300\" height=\"225\" \/>Pilh\u00f8jde.<\/b><\/p>\n<p class=\"bodytext\">En af de fordele SkanDek elementerne har ift. andre lette konstruktionstyper er, at de bliver leveret p\u00e5 byggepladsen med en pilh\u00f8jde. I praksis betyder det, at bj\u00e6lkerne ikke vil komme til at h\u00e6nge, selv efter lang tids brug, som andre konstruktionstyper har en tendens til at g\u00f8re.<\/p>\n<p class=\"bodytext\">Et etaged\u00e6k sp\u00e6nder ofte mellem 6-10 meter, og har en pilh\u00f8jde der typisk ligger fra 5-10 mm.<\/p>\n<p class=\"bodytext\">Ved tagkonstruktioner ligger pilh\u00f8jden typisk fra 5-30 mm alt efter sp\u00e6nd og belastning.<\/p>\n<p class=\"bodytext\"><img loading=\"lazy\" class=\"alignright wp-image-1621 size-medium\" src=\"https:\/\/skandek.dkwp-content\/uploads\/2015\/12\/3afc5a21ce-300x159.jpg\" alt=\"3afc5a21ce\" width=\"300\" height=\"159\" \/><\/p>\n<\/div>\n<\/div>\n<\/div>\n<div id=\"c3036\" class=\"csc-default\">\n<div class=\"csc-textpic csc-textpic-intext-right\">\n<div class=\"csc-textpic-imagewrap\"><\/div>\n<div class=\"csc-textpic-text\">\n<p class=\"bodytext\"><b>Deformation\/nedb\u00f8jning<\/b><\/p>\n<p class=\"bodytext\">SkanDek anvender de deformationskrav som er vejledende i EC 0:<\/p>\n<ul>\n<li>Etageadskillelser l\/400 for den variable last<\/li>\n<li>Tagkonstruktioner l\/200 for den variable last<\/li>\n<\/ul>\n<p class=\"bodytext\">Her regner SkanDek for etaged\u00e6k den variable last som 1,0 x nyttelast + 1,0 x oph\u00e6ningslast og for tagkonstruktioner som 1,0 x snelast + 0,3 x vindlast + 1,0 x oph\u00e6ngslast.<\/p>\n<p class=\"bodytext\">Bem\u00e6rk at nedb\u00f8jningen betragtes fra nul-linien, dvs. den vandring, der kan forekomme. Den resulterende nedb\u00f8jning er imidlertid lig den resulterende pilh\u00f8jde minus nedb\u00f8jningen. Den resulterende pilh\u00f8jde er den pilh\u00f8jde, elementet har tilbage i egenv\u00e6gtstilstanden.<\/p>\n<p class=\"bodytext\">Beregningsprogrammerne er udformet p\u00e5 en s\u00e5dan m\u00e5de, at kunden selv kan bestemme deformationskravet. Hvis resultatet kommer ud med en r\u00f8d farve betyder det, at nogle af de indtastede foruds\u00e6tninger ikke er overholdt.<\/p>\n<p class=\"bodytext\">\n<\/div>\n<\/div>\n<\/div>\n<\/div>\n<\/div>\n<\/div>\n<\/div>\n<\/div>\n<\/div>\n<\/div>\n<\/div>\n<\/div>\n<\/div>\n<\/div>\n<\/div>\n<\/div>\n<p>[\/vc_column_text][vc_row_inner][vc_column_inner width=&#8221;1\/2&#8243;][vc_column_text]<\/p>\n<div id=\"c2849\" class=\"csc-default\">\n<div class=\"csc-textpic csc-textpic-center csc-textpic-above\">\n<div class=\"csc-textpic-text\">\n<div id=\"c2764\" class=\"csc-default\">\n<div class=\"csc-textpic csc-textpic-center csc-textpic-below\">\n<div class=\"csc-textpic-text\">\n<div id=\"c2912\" class=\"csc-default\">\n<div class=\"csc-textpic csc-textpic-center csc-textpic-below\">\n<div class=\"csc-textpic-text\">\n<div id=\"c1752\" class=\"csc-default\">\n<div class=\"csc-textpic csc-textpic-intext-right\">\n<div class=\"csc-textpic-text\">\n<div id=\"c1757\" class=\"csc-default\">\n<div id=\"c3035\" class=\"csc-default\">\n<div class=\"csc-textpic csc-textpic-intext-right\">\n<div class=\"csc-textpic-text\">\n<p class=\"bodytext\">Det er vigtigt at pr\u00e6cisere, at det skal sikres, at evt. oph\u00e6ngte\/fastgjorte l\u00f8sninger til SkanDek elementerne kan optage vandringen. Dette kan f. ex. v\u00e6re ved teleskopl\u00f8sninger i toppen af lette skillev\u00e6gge og at nedh\u00e6ngte lofter kan bev\u00e6ge sig frit.<\/p>\n<\/div>\n<\/div>\n<\/div>\n<\/div>\n<\/div>\n<\/div>\n<\/div>\n<\/div>\n<\/div>\n<\/div>\n<\/div>\n<\/div>\n<\/div>\n<\/div>\n<\/div>\n<\/div>\n<p>[\/vc_column_text][\/vc_column_inner][vc_column_inner width=&#8221;1\/2&#8243;][vc_single_image image=&#8221;1623&#8243; img_size=&#8221;full&#8221; alignment=&#8221;center&#8221; onclick=&#8221;link_image&#8221; css_animation=&#8221;top-to-bottom&#8221;][\/vc_column_inner][\/vc_row_inner][\/vc_column][vc_column width=&#8221;1\/3&#8243;][vc_single_image image=&#8221;1624&#8243; img_size=&#8221;full&#8221; alignment=&#8221;center&#8221; onclick=&#8221;link_image&#8221; css_animation=&#8221;top-to-bottom&#8221;][vc_column_text css_animation=&#8221;left-to-right&#8221; css=&#8221;.vc_custom_1450085230149{margin-top: -20px !important;margin-bottom: 0px !important;}&#8221;]<\/p>\n<h3>Beregn p\u00e5 SkanDek GreenLine tagkonstruktion<\/h3>\n<p>[\/vc_column_text][vc_single_image image=&#8221;487&#8243; img_size=&#8221;full&#8221; alignment=&#8221;center&#8221; onclick=&#8221;custom_link&#8221; img_link_target=&#8221;_blank&#8221; css_animation=&#8221;top-to-bottom&#8221; link=&#8221;\/wp-content\/excel\/Tag_elementer_Greenline_tilpasset_hjemmeside_25.09.12.xlsx&#8221;][vc_column_text css_animation=&#8221;left-to-right&#8221; css=&#8221;.vc_custom_1450085236565{margin-top: -20px !important;margin-bottom: 0px !important;}&#8221;]<\/p>\n<h3>Beregn p\u00e5 SkanDek etaged\u00e6k<\/h3>\n<p>[\/vc_column_text][vc_single_image image=&#8221;487&#8243; img_size=&#8221;full&#8221; alignment=&#8221;center&#8221; onclick=&#8221;custom_link&#8221; img_link_target=&#8221;_blank&#8221; css_animation=&#8221;top-to-bottom&#8221; link=&#8221;\/wp-content\/excel\/Etagedaek_elementer.xls&#8221;][\/vc_column][\/vc_row]<\/p>","protected":false},"excerpt":{"rendered":"<p>[vc_row][vc_column width=&#8221;2\/3&#8243; css=&#8221;.vc_custom_1447163416332{border-top-width: 1px !important;border-right-width: 1px !important;border-bottom-width: 1px !important;border-left-width: 1px !important;border-left-color: #777777 !important;border-left-style: solid !important;border-right-color: #777777 !important;border-right-style: solid !important;border-top-color: #777777 !important;border-top-style: solid !important;border-bottom-color: #777777 !important;border-bottom-style: solid !important;}&#8221;][vc_text_separator title=&#8221;Pilh\u00f8jde\/deformation&#8221;][vc_column_text] Pilh\u00f8jde. En af de fordele SkanDek elementerne har ift. andre lette konstruktionstyper er, at de bliver leveret p\u00e5 byggepladsen med en pilh\u00f8jde. I praksis betyder det, at &#8230; <a title=\"Pilh\u00f8jde\/deformation\" class=\"read-more\" href=\"https:\/\/skandek.dk\/en\/ingenioer\/pilhojdedeformation\/\">Read more<span class=\"screen-reader-text\">Pilh\u00f8jde\/deformation<\/span><\/a><\/p>\n","protected":false},"author":4,"featured_media":0,"parent":37,"menu_order":0,"comment_status":"closed","ping_status":"closed","template":"","meta":[],"_links":{"self":[{"href":"https:\/\/skandek.dk\/en\/wp-json\/wp\/v2\/pages\/1499"}],"collection":[{"href":"https:\/\/skandek.dk\/en\/wp-json\/wp\/v2\/pages"}],"about":[{"href":"https:\/\/skandek.dk\/en\/wp-json\/wp\/v2\/types\/page"}],"author":[{"embeddable":true,"href":"https:\/\/skandek.dk\/en\/wp-json\/wp\/v2\/users\/4"}],"replies":[{"embeddable":true,"href":"https:\/\/skandek.dk\/en\/wp-json\/wp\/v2\/comments?post=1499"}],"version-history":[{"count":7,"href":"https:\/\/skandek.dk\/en\/wp-json\/wp\/v2\/pages\/1499\/revisions"}],"predecessor-version":[{"id":2035,"href":"https:\/\/skandek.dk\/en\/wp-json\/wp\/v2\/pages\/1499\/revisions\/2035"}],"up":[{"embeddable":true,"href":"https:\/\/skandek.dk\/en\/wp-json\/wp\/v2\/pages\/37"}],"wp:attachment":[{"href":"https:\/\/skandek.dk\/en\/wp-json\/wp\/v2\/media?parent=1499"}],"curies":[{"name":"wp","href":"https:\/\/api.w.org\/{rel}","templated":true}]}}