{"id":1491,"date":"2015-12-11T08:11:00","date_gmt":"2015-12-11T08:11:00","guid":{"rendered":"http:\/\/test.skandek.dk\/?page_id=1491"},"modified":"2015-12-14T08:07:14","modified_gmt":"2015-12-14T08:07:14","slug":"fastgoring-af-skandek-til-stinger","status":"publish","type":"page","link":"https:\/\/skandek.dk\/en\/ingenioer\/fastgoring-af-skandek-til-stinger\/","title":{"rendered":"Fastening of SkanDek to stringer"},"content":{"rendered":"<p>[vc_row][vc_column width=&#8221;2\/3&#8243; css=&#8221;.vc_custom_1447163416332{border-top-width: 1px !important;border-right-width: 1px !important;border-bottom-width: 1px !important;border-left-width: 1px !important;border-left-color: #777777 !important;border-left-style: solid !important;border-right-color: #777777 !important;border-right-style: solid !important;border-top-color: #777777 !important;border-top-style: solid !important;border-bottom-color: #777777 !important;border-bottom-style: solid !important;}&#8221;][vc_text_separator title=&#8221;Fastening of SkanDek to stringer&#8221;][vc_column_text]<\/p>\n<div id=\"c2849\" class=\"csc-default\">\n<div class=\"csc-textpic csc-textpic-center csc-textpic-above\">\n<div class=\"csc-textpic-text\">\n<div id=\"c2764\" class=\"csc-default\">\n<div class=\"csc-textpic csc-textpic-center csc-textpic-below\">\n<div class=\"csc-textpic-text\">\n<div id=\"c2912\" class=\"csc-default\">\n<div class=\"csc-textpic csc-textpic-center csc-textpic-below\">\n<div class=\"csc-textpic-text\">\n<div id=\"c1752\" class=\"csc-default\">\n<div class=\"csc-textpic csc-textpic-intext-right\">\n<div class=\"csc-textpic-text\">\n<div id=\"c1757\" class=\"csc-default\">\n<div id=\"c2490\" class=\"csc-default\">\n<div class=\"csc-textpic-text\">\n<div id=\"c2490\" class=\"csc-default\">\n<div class=\"csc-header csc-header-n1\">\n<h1 class=\"csc-firstHeader\">Fastening of SkanDek to stringer<\/h1>\n<\/div>\n<div class=\"csc-textpic-text\">\n<p class=\"bodytext\">When the SkanDek diaphragm function is utilized the SkanDek panels can, as a rule absorb 5kN\/m in both directions. In certain cases, the panels can transfer up to 10 kN\/m in both directions, which might require a more detailed calculation, as well as criteria for the use of the building.<\/p>\n<\/div>\n<\/div>\n<div id=\"c2501\" class=\"csc-default\">\n<p class=\"bodytext\"><b>Fastg\u00f8relse af tagskive.<\/b><\/p>\n<p class=\"bodytext\">Ved fastg\u00f8relse af tagskiven i stringeren, er afstanden fra skive til underlag af stor betydning for skivens stabilitet. P\u00e5 SkanDeks elementer er det den \u00f8verste trapezplade, der fungerer som skive og derfor b\u00f8r afstanden herfra til stringeren v\u00e6re mindst mulig.<\/p>\n<p class=\"bodytext\">Der er v\u00e6sentlig forskel p\u00e5 h\u00f8jden af de traditionelle SkanDek elementer og SkanDek GreenLine. Derfor anbefaler vi forskellige detaljel\u00f8sninger for fastg\u00f8relse til stringeren, for de to elementtyper. Se de respektive undermenuer i rullemenuen til venstre.<\/p>\n<\/div>\n<div id=\"c2483\" class=\"csc-default\">\n<div class=\"csc-textpic csc-textpic-left csc-textpic-below\">\n<div class=\"csc-textpic-text\">\n<p class=\"bodytext\"><b>Embedded steel.<\/b><\/p>\n<p class=\"bodytext\">SkanDek can be fastened with either powder driven shooter nails to cast-in-concrete steel rails or to HTU drill-in channels with self-tapping screws or shooter nails.<\/p>\n<\/div>\n<\/div>\n<\/div>\n<\/div>\n<\/div>\n<\/div>\n<\/div>\n<\/div>\n<\/div>\n<\/div>\n<\/div>\n<\/div>\n<\/div>\n<\/div>\n<\/div>\n<\/div>\n<\/div>\n<\/div>\n<p>[\/vc_column_text][vc_single_image image=&#8221;1602&#8243; img_size=&#8221;full&#8221; alignment=&#8221;center&#8221; onclick=&#8221;link_image&#8221; css_animation=&#8221;top-to-bottom&#8221;][vc_column_text]<\/p>\n<div id=\"c2849\" class=\"csc-default\">\n<div class=\"csc-textpic csc-textpic-center csc-textpic-above\">\n<div class=\"csc-textpic-text\">\n<div id=\"c2764\" class=\"csc-default\">\n<div class=\"csc-textpic csc-textpic-center csc-textpic-below\">\n<div class=\"csc-textpic-text\">\n<div id=\"c2912\" class=\"csc-default\">\n<div class=\"csc-textpic csc-textpic-center csc-textpic-below\">\n<div class=\"csc-textpic-text\">\n<div id=\"c1752\" class=\"csc-default\">\n<div class=\"csc-textpic csc-textpic-intext-right\">\n<div class=\"csc-textpic-text\">\n<div id=\"c1757\" class=\"csc-default\">\n<div id=\"c2490\" class=\"csc-default\">\n<div class=\"csc-textpic-text\">\n<div id=\"c2481\" class=\"csc-default\">\n<div id=\"c2481\" class=\"csc-default\">\n<p class=\"bodytext\"><b>Fastening to cast-in-concrete steel rails.<\/b><\/p>\n<p class=\"bodytext\">Fastening with shooter nails into fast-in-concrete steel rails is very fast and efficient.<br \/>\nThe concrete walls can works as stringers with a rebar connection system or being welded together. A steel angle can also work as stringer.<\/p>\n<\/div>\n<div id=\"c2480\" class=\"csc-default csc-space-after-10\">\n<p class=\"bodytext\">SkanDek recommends using powder driven shooter nails like Hilti X-ENP-19-L15 or Spit PPS HSBR14.<\/p>\n<\/div>\n<div id=\"c2474\" class=\"csc-default\">\n<div class=\"csc-textpic csc-textpic-left csc-textpic-below\">\n<div class=\"csc-textpic-text\">\n<p class=\"bodytext\"><b>Joints to loadbearing walls.<\/b><\/p>\n<\/div>\n<\/div>\n<\/div>\n<\/div>\n<\/div>\n<\/div>\n<\/div>\n<\/div>\n<\/div>\n<\/div>\n<\/div>\n<\/div>\n<\/div>\n<\/div>\n<\/div>\n<\/div>\n<\/div>\n<\/div>\n<\/div>\n<p>[\/vc_column_text][vc_single_image image=&#8221;1603&#8243; img_size=&#8221;full&#8221; alignment=&#8221;center&#8221; onclick=&#8221;link_image&#8221; css_animation=&#8221;top-to-bottom&#8221;][vc_column_text]<\/p>\n<div id=\"c2849\" class=\"csc-default\">\n<div class=\"csc-textpic csc-textpic-center csc-textpic-above\">\n<div class=\"csc-textpic-text\">\n<div id=\"c2764\" class=\"csc-default\">\n<div class=\"csc-textpic csc-textpic-center csc-textpic-below\">\n<div class=\"csc-textpic-text\">\n<div id=\"c2912\" class=\"csc-default\">\n<div class=\"csc-textpic csc-textpic-center csc-textpic-below\">\n<div class=\"csc-textpic-text\">\n<div id=\"c1752\" class=\"csc-default\">\n<div class=\"csc-textpic csc-textpic-intext-right\">\n<div class=\"csc-textpic-text\">\n<div id=\"c1757\" class=\"csc-default\">\n<div id=\"c2490\" class=\"csc-default\">\n<div class=\"csc-textpic-text\">\n<div id=\"c2481\" class=\"csc-default\">\n<p class=\"bodytext\"><b>Lock plates as joints between roof elements.<\/b><\/p>\n<\/div>\n<\/div>\n<\/div>\n<\/div>\n<\/div>\n<\/div>\n<\/div>\n<\/div>\n<\/div>\n<\/div>\n<\/div>\n<\/div>\n<\/div>\n<\/div>\n<\/div>\n<\/div>\n<p>[\/vc_column_text][vc_single_image image=&#8221;1604&#8243; img_size=&#8221;full&#8221; alignment=&#8221;center&#8221; onclick=&#8221;link_image&#8221; css_animation=&#8221;top-to-bottom&#8221;][\/vc_column][vc_column width=&#8221;1\/3&#8243;][vc_single_image image=&#8221;1605&#8243; img_size=&#8221;full&#8221; alignment=&#8221;center&#8221; onclick=&#8221;custom_link&#8221; img_link_target=&#8221;_blank&#8221; css_animation=&#8221;top-to-bottom&#8221; link=&#8221;\/wp-content\/pdf\/Baereevne_for_samlingselementer_25.11.2009.pdf&#8221;][vc_column_text css_animation=&#8221;left-to-right&#8221; css=&#8221;.vc_custom_1450080022092{margin-top: -20px !important;margin-bottom: 0px !important;}&#8221;]Tabeller over udtr\u00e6k- og forskydningsb\u00e6reevne p\u00e5 skruer og skuds\u00f8m.[\/vc_column_text][vc_single_image image=&#8221;1606&#8243; img_size=&#8221;full&#8221; alignment=&#8221;center&#8221; onclick=&#8221;custom_link&#8221; img_link_target=&#8221;_blank&#8221; css_animation=&#8221;top-to-bottom&#8221; link=&#8221;\/wp-content\/pdf\/Bilag_P__HV18_staaltrapezplade_.pdf&#8221;][vc_column_text css_animation=&#8221;left-to-right&#8221; css=&#8221;.vc_custom_1450080171378{margin-top: -20px !important;margin-bottom: 0px !important;}&#8221;]Datablad p\u00e5 HV18 st\u00e5ltrapezplade. St\u00e5ltrapezpladen har en karakteristisk flydesp\u00e6nding p\u00e5 350MPa, jf. Eurocode 3, DS\/EN1993-1-3.[\/vc_column_text][vc_single_image image=&#8221;1607&#8243; img_size=&#8221;full&#8221; alignment=&#8221;center&#8221; onclick=&#8221;link_image&#8221; css_animation=&#8221;top-to-bottom&#8221;][\/vc_column][\/vc_row]<\/p>","protected":false},"excerpt":{"rendered":"<p>[vc_row][vc_column width=&#8221;2\/3&#8243; css=&#8221;.vc_custom_1447163416332{border-top-width: 1px !important;border-right-width: 1px !important;border-bottom-width: 1px !important;border-left-width: 1px !important;border-left-color: #777777 !important;border-left-style: solid !important;border-right-color: #777777 !important;border-right-style: solid !important;border-top-color: #777777 !important;border-top-style: solid !important;border-bottom-color: #777777 !important;border-bottom-style: solid !important;}&#8221;][vc_text_separator title=&#8221;Fastening of SkanDek to stringer&#8221;][vc_column_text] Fastening of SkanDek to stringer When the SkanDek diaphragm function is utilized the SkanDek panels can, as a rule absorb 5kN\/m in both &#8230; <a title=\"Fastening of SkanDek to stringer\" class=\"read-more\" href=\"https:\/\/skandek.dk\/en\/ingenioer\/fastgoring-af-skandek-til-stinger\/\">Read more<span class=\"screen-reader-text\">Fastening of SkanDek to stringer<\/span><\/a><\/p>\n","protected":false},"author":4,"featured_media":0,"parent":37,"menu_order":0,"comment_status":"closed","ping_status":"closed","template":"","meta":[],"_links":{"self":[{"href":"https:\/\/skandek.dk\/en\/wp-json\/wp\/v2\/pages\/1491"}],"collection":[{"href":"https:\/\/skandek.dk\/en\/wp-json\/wp\/v2\/pages"}],"about":[{"href":"https:\/\/skandek.dk\/en\/wp-json\/wp\/v2\/types\/page"}],"author":[{"embeddable":true,"href":"https:\/\/skandek.dk\/en\/wp-json\/wp\/v2\/users\/4"}],"replies":[{"embeddable":true,"href":"https:\/\/skandek.dk\/en\/wp-json\/wp\/v2\/comments?post=1491"}],"version-history":[{"count":2,"href":"https:\/\/skandek.dk\/en\/wp-json\/wp\/v2\/pages\/1491\/revisions"}],"predecessor-version":[{"id":1608,"href":"https:\/\/skandek.dk\/en\/wp-json\/wp\/v2\/pages\/1491\/revisions\/1608"}],"up":[{"embeddable":true,"href":"https:\/\/skandek.dk\/en\/wp-json\/wp\/v2\/pages\/37"}],"wp:attachment":[{"href":"https:\/\/skandek.dk\/en\/wp-json\/wp\/v2\/media?parent=1491"}],"curies":[{"name":"wp","href":"https:\/\/api.w.org\/{rel}","templated":true}]}}