{"id":1481,"date":"2015-12-11T08:07:21","date_gmt":"2015-12-11T08:07:21","guid":{"rendered":"http:\/\/test.skandek.dk\/?page_id=1481"},"modified":"2015-12-11T11:43:46","modified_gmt":"2015-12-11T11:43:46","slug":"skandek-2","status":"publish","type":"page","link":"https:\/\/skandek.dk\/en\/ingenioer\/skandek-2\/","title":{"rendered":"SkanDek"},"content":{"rendered":"<p>[vc_row][vc_column width=&#8221;2\/3&#8243; css=&#8221;.vc_custom_1447163416332{border-top-width: 1px !important;border-right-width: 1px !important;border-bottom-width: 1px !important;border-left-width: 1px !important;border-left-color: #777777 !important;border-left-style: solid !important;border-right-color: #777777 !important;border-right-style: solid !important;border-top-color: #777777 !important;border-top-style: solid !important;border-bottom-color: #777777 !important;border-bottom-style: solid !important;}&#8221;][vc_text_separator title=&#8221;SkanDek&#8221;][vc_single_image image=&#8221;1568&#8243; img_size=&#8221;full&#8221; alignment=&#8221;center&#8221; onclick=&#8221;link_image&#8221; css_animation=&#8221;top-to-bottom&#8221;][vc_column_text]<\/p>\n<div id=\"c2849\" class=\"csc-default\">\n<div class=\"csc-textpic csc-textpic-center csc-textpic-above\">\n<div class=\"csc-textpic-text\">\n<div id=\"c2764\" class=\"csc-default\">\n<div class=\"csc-textpic csc-textpic-center csc-textpic-below\">\n<div class=\"csc-textpic-text\">\n<div id=\"c2912\" class=\"csc-default\">\n<div class=\"csc-textpic csc-textpic-center csc-textpic-below\">\n<div class=\"csc-textpic-text\">\n<div id=\"c1752\" class=\"csc-default\">\n<div class=\"csc-textpic csc-textpic-intext-right\">\n<div class=\"csc-textpic-text\">\n<div id=\"c1757\" class=\"csc-default\">\n<div id=\"c3029\" class=\"csc-default\">\n<div class=\"csc-textpic csc-textpic-center csc-textpic-above\">\n<div class=\"csc-textpic-text\">\n<p class=\"bodytext\"><b>Kassebj\u00e6lker<\/b><\/p>\n<p class=\"bodytext\">De patenterede SkanDek bj\u00e6lker kan produceres i tre h\u00f8jder 200, 300, 350 mm med et max sp\u00e6nd p\u00e5 22 meter.<\/p>\n<p class=\"bodytext\">Bj\u00e6lkerne udf\u00f8res i to forskellige godstykkelser 1,5 mm og 2,0 mm.<\/p>\n<p class=\"bodytext\">Typebetegnelserne er lavet p\u00e5 en s\u00e5dan m\u00e5de, at de to f\u00f8rste cifre angiver bj\u00e6lkeh\u00f8jden i cm og det efterf\u00f8lgende tal angiver godstykkelsen.<\/p>\n<p class=\"bodytext\">Eksempel:<\/p>\n<p class=\"bodytext\"><b>SD<\/b>352; SD er en forkortelse af SkanDek<br \/>\nSD<b>35<\/b>2; 35 cm b\u00e6rebj\u00e6lker<br \/>\nSD35<b>2<\/b>; 2 mm. godstykkelse. <b>1= <\/b>1,50 mm godstykkelse<\/p>\n<p class=\"bodytext\">Dette giver ialt 6 kombinationer. SD201; SD202; SD301; SD302; SD351; SD352<\/p>\n<p class=\"bodytext\">B\u00e6rebj\u00e6lkerne best\u00e5r af to profilerede skaller i galvaniseret st\u00e5l. Der er i bj\u00e6lken placeret skot pr. 3 meter og ved vederlagene er der altid placeret skot.<\/p>\n<p class=\"bodytext\"><b>Reaktion: Reaktionskapaciteten<\/b> er karakteristisk for godstykkelse 1,50 mm (SD201,SD301,SD351) = 18,98 kN, hvilket i middel konsekvens klasse giver en regningsm\u00e6ssig reaktion p\u00e5 17,25 kN pr. bj\u00e6lke.<\/p>\n<p class=\"bodytext\">Ved godstykkelse 2,0 mm er reaktionen karakteristisk 33 kN, hvilket giver en regningsm\u00e6ssigt reaktion p\u00e5 30 kN.<\/p>\n<p class=\"bodytext\"><b>Moment: Brudmomentet<\/b> ligger fra karakteristisk 27,13 kNm op til 78,30 kNm pr. bj\u00e6lke. Med andre ord, disse patenterede profiler har en stor styrke ift. deres egenv\u00e6gt, som ligger fra 14 kg pr. lbm til 23 kg pr. lbm.<\/p>\n<p class=\"bodytext\">Der henvises til de forskellige beregningsprogrammer.<\/p>\n<p class=\"bodytext\">Med hensyn til punktlaster b\u00f8r man kontakte SkanDek, hvor der laves en individuelt beregning p\u00e5 dette.<\/p>\n<p class=\"bodytext\">Bj\u00e6lkerne kan leveres med pilh\u00f8jde og der vil v\u00e6re mulighed for, at f\u00e5 bj\u00e6lkerne leveret med og uden isolering, alt efter kundens behov. De to profilerede skaller kan leveres med forskellige l\u00e6ngder, uafh\u00e6ngigt af hinanden, hvorved man kan udf\u00f8re f.eks. tynde stiksp\u00e6r, eller im\u00f8dekomme en nem m\u00e5de at fastg\u00f8re elementerne til vederlaget.<\/p>\n<\/div>\n<\/div>\n<\/div>\n<div id=\"c3030\" class=\"csc-default\">\n<div class=\"csc-textpic csc-textpic-left csc-textpic-below\">\n<div class=\"csc-textpic-text\">\n<p class=\"bodytext\"><b>SkanDek-bj\u00e6lkernes typer og geometri.<\/b><\/p>\n<\/div>\n<\/div>\n<\/div>\n<\/div>\n<\/div>\n<\/div>\n<\/div>\n<\/div>\n<\/div>\n<\/div>\n<\/div>\n<\/div>\n<\/div>\n<\/div>\n<\/div>\n<\/div>\n<p>[\/vc_column_text][vc_single_image image=&#8221;1587&#8243; img_size=&#8221;full&#8221; alignment=&#8221;center&#8221; onclick=&#8221;custom_link&#8221; css_animation=&#8221;top-to-bottom&#8221; link=&#8221;\/wp-content\/pdf\/D101.pdf&#8221;][\/vc_column][\/vc_row]<\/p>\n","protected":false},"excerpt":{"rendered":"<p>[vc_row][vc_column width=&#8221;2\/3&#8243; css=&#8221;.vc_custom_1447163416332{border-top-width: 1px !important;border-right-width: 1px !important;border-bottom-width: 1px !important;border-left-width: 1px !important;border-left-color: #777777 !important;border-left-style: solid !important;border-right-color: #777777 !important;border-right-style: solid !important;border-top-color: #777777 !important;border-top-style: solid !important;border-bottom-color: #777777 !important;border-bottom-style: solid !important;}&#8221;][vc_text_separator title=&#8221;SkanDek&#8221;][vc_single_image image=&#8221;1568&#8243; img_size=&#8221;full&#8221; alignment=&#8221;center&#8221; onclick=&#8221;link_image&#8221; css_animation=&#8221;top-to-bottom&#8221;][vc_column_text] Kassebj\u00e6lker De patenterede SkanDek bj\u00e6lker kan produceres i tre h\u00f8jder 200, 300, 350 mm med et max sp\u00e6nd p\u00e5 22 meter. Bj\u00e6lkerne &#8230; <a title=\"SkanDek\" class=\"read-more\" href=\"https:\/\/skandek.dk\/en\/ingenioer\/skandek-2\/\">Read more<span class=\"screen-reader-text\">SkanDek<\/span><\/a><\/p>\n","protected":false},"author":4,"featured_media":0,"parent":37,"menu_order":0,"comment_status":"closed","ping_status":"closed","template":"","meta":[],"_links":{"self":[{"href":"https:\/\/skandek.dk\/en\/wp-json\/wp\/v2\/pages\/1481"}],"collection":[{"href":"https:\/\/skandek.dk\/en\/wp-json\/wp\/v2\/pages"}],"about":[{"href":"https:\/\/skandek.dk\/en\/wp-json\/wp\/v2\/types\/page"}],"author":[{"embeddable":true,"href":"https:\/\/skandek.dk\/en\/wp-json\/wp\/v2\/users\/4"}],"replies":[{"embeddable":true,"href":"https:\/\/skandek.dk\/en\/wp-json\/wp\/v2\/comments?post=1481"}],"version-history":[{"count":2,"href":"https:\/\/skandek.dk\/en\/wp-json\/wp\/v2\/pages\/1481\/revisions"}],"predecessor-version":[{"id":1588,"href":"https:\/\/skandek.dk\/en\/wp-json\/wp\/v2\/pages\/1481\/revisions\/1588"}],"up":[{"embeddable":true,"href":"https:\/\/skandek.dk\/en\/wp-json\/wp\/v2\/pages\/37"}],"wp:attachment":[{"href":"https:\/\/skandek.dk\/en\/wp-json\/wp\/v2\/media?parent=1481"}],"curies":[{"name":"wp","href":"https:\/\/api.w.org\/{rel}","templated":true}]}}