{"id":1459,"date":"2015-12-10T14:43:39","date_gmt":"2015-12-10T14:43:39","guid":{"rendered":"http:\/\/test.skandek.dk\/?page_id=1459"},"modified":"2015-12-11T11:08:59","modified_gmt":"2015-12-11T11:08:59","slug":"beregningsprogrammer","status":"publish","type":"page","link":"https:\/\/skandek.dk\/en\/ingenioer\/beregningsprogrammer\/","title":{"rendered":"Calculation Programs"},"content":{"rendered":"<p>[vc_row][vc_column width=&#8221;2\/3&#8243; css=&#8221;.vc_custom_1447163416332{border-top-width: 1px !important;border-right-width: 1px !important;border-bottom-width: 1px !important;border-left-width: 1px !important;border-left-color: #777777 !important;border-left-style: solid !important;border-right-color: #777777 !important;border-right-style: solid !important;border-top-color: #777777 !important;border-top-style: solid !important;border-bottom-color: #777777 !important;border-bottom-style: solid !important;}&#8221;][vc_text_separator title=&#8221;Calculation Programs&#8221;][vc_column_text]<\/p>\n<div id=\"c2849\" class=\"csc-default\">\n<div class=\"csc-textpic csc-textpic-center csc-textpic-above\">\n<div class=\"csc-textpic-text\">\n<div id=\"c2764\" class=\"csc-default\">\n<div class=\"csc-textpic csc-textpic-center csc-textpic-below\">\n<div class=\"csc-textpic-text\">\n<div id=\"c2912\" class=\"csc-default\">\n<div class=\"csc-textpic csc-textpic-center csc-textpic-below\">\n<div class=\"csc-textpic-text\">\n<div id=\"c1752\" class=\"csc-default\">\n<div class=\"csc-textpic csc-textpic-intext-right\">\n<div class=\"csc-textpic-text\">\n<div id=\"c1757\" class=\"csc-default\">\n<h1>SkanDek is pro-active! \u2013 Always an updated calculation program \u2013 adapted to the needs of the engineer<\/h1>\n<p class=\"bodytext\">SkanDek has chosen to meet the engineer\u00e2\u20ac\u2122s demand for quick, easy and efficient dimensioning of SkanDek elements. This is why we have created specific calculation programs for different types of construction.<\/p>\n<p class=\"bodytext\">The calculation programs are designed to indicate which dimensions are in compliance with the stated requirements, as well as indicating the dimension that are most cost efficient in relation to steel consumption.<\/p>\n<p class=\"bodytext\">SkanDek estimates that these calculation programs are easier to work with than the traditional carrying capacity tables used by other construction suppliers. By using the excel sheets, the engineer will be able to vary all of the parameters at once \u2013 something which is not possible when using carrying capacity tables.<\/p>\n<p class=\"bodytext\">If any questions or uncertainties should arise regarding application of the various calculation programs, please contact us at:<br \/>\n<a class=\"mail\" title=\"Opens window for sending email\">skandek(at)skandek.dk<\/a><\/p>\n<\/div>\n<\/div>\n<\/div>\n<\/div>\n<\/div>\n<\/div>\n<\/div>\n<\/div>\n<\/div>\n<\/div>\n<\/div>\n<\/div>\n<\/div>\n<p>[\/vc_column_text][vc_single_image image=&#8221;1571&#8243; img_size=&#8221;full&#8221; alignment=&#8221;center&#8221; onclick=&#8221;link_image&#8221; css_animation=&#8221;top-to-bottom&#8221;][vc_column_text]<\/p>\n<div id=\"c2849\" class=\"csc-default\">\n<div class=\"csc-textpic csc-textpic-center csc-textpic-above\">\n<div class=\"csc-textpic-text\">\n<div id=\"c2764\" class=\"csc-default\">\n<div class=\"csc-textpic csc-textpic-center csc-textpic-below\">\n<div class=\"csc-textpic-text\">\n<div id=\"c2912\" class=\"csc-default\">\n<div class=\"csc-textpic csc-textpic-center csc-textpic-below\">\n<div class=\"csc-textpic-text\">\n<div id=\"c1752\" class=\"csc-default\">\n<div class=\"csc-textpic csc-textpic-intext-right\">\n<div class=\"csc-textpic-text\">\n<div id=\"c1757\" class=\"csc-default\">\n<p class=\"bodytext\"><b>NOTICE: <\/b>The programs must not be saved on the user\u00e2\u20ac\u2122s own server\/ PC. SkanDek is frequently updating these programs, SkanDek is therefore not responsible for any errors or deficiencies. The calculation programs cannot be used in the static report! The calculation programs can only be used to determine if SkanDek is suitable in the specific case.<\/p>\n<p class=\"bodytext\">If your order Skandek calculations on the specific project<br \/>\nwill be performed.<\/p>\n<p class=\"bodytext\">Enjoy!<\/p>\n<\/div>\n<\/div>\n<\/div>\n<\/div>\n<\/div>\n<\/div>\n<\/div>\n<\/div>\n<\/div>\n<\/div>\n<\/div>\n<\/div>\n<\/div>\n<p>[\/vc_column_text][vc_row_inner][vc_column_inner width=&#8221;1\/3&#8243;][vc_single_image image=&#8221;1572&#8243; img_size=&#8221;full&#8221; alignment=&#8221;center&#8221; onclick=&#8221;custom_link&#8221; img_link_target=&#8221;_blank&#8221; css_animation=&#8221;top-to-bottom&#8221; link=&#8221;\/wp-content\/pdf\/Baereevne_for_samlingselementer_25.11.2009.pdf&#8221;][\/vc_column_inner][vc_column_inner width=&#8221;2\/3&#8243;][vc_column_text]<\/p>\n<div id=\"c2849\" class=\"csc-default\">\n<div class=\"csc-textpic csc-textpic-center csc-textpic-above\">\n<div class=\"csc-textpic-text\">\n<div id=\"c2764\" class=\"csc-default\">\n<div class=\"csc-textpic csc-textpic-center csc-textpic-below\">\n<div class=\"csc-textpic-text\">\n<div id=\"c2912\" class=\"csc-default\">\n<div class=\"csc-textpic csc-textpic-center csc-textpic-below\">\n<div class=\"csc-textpic-text\">\n<div id=\"c1752\" class=\"csc-default\">\n<div class=\"csc-textpic csc-textpic-intext-right\">\n<div class=\"csc-textpic-text\">\n<div id=\"c1757\" class=\"csc-default\">\n<div class=\"csc-textpicHeader csc-textpicHeader-26\">\n<h1>Bilag<\/h1>\n<\/div>\n<ul>\n<li>Tabeller over udtr\u00e6k- og forskydningsb\u00e6reevne p\u00e5 skruer og skuds\u00f8m.<\/li>\n<\/ul>\n<\/div>\n<\/div>\n<\/div>\n<\/div>\n<\/div>\n<\/div>\n<\/div>\n<\/div>\n<\/div>\n<\/div>\n<\/div>\n<\/div>\n<\/div>\n<p>[\/vc_column_text][\/vc_column_inner][\/vc_row_inner][\/vc_column][vc_column width=&#8221;1\/3&#8243;][\/vc_column][\/vc_row]<\/p>","protected":false},"excerpt":{"rendered":"<p>[vc_row][vc_column width=&#8221;2\/3&#8243; css=&#8221;.vc_custom_1447163416332{border-top-width: 1px !important;border-right-width: 1px !important;border-bottom-width: 1px !important;border-left-width: 1px !important;border-left-color: #777777 !important;border-left-style: solid !important;border-right-color: #777777 !important;border-right-style: solid !important;border-top-color: #777777 !important;border-top-style: solid !important;border-bottom-color: #777777 !important;border-bottom-style: solid !important;}&#8221;][vc_text_separator title=&#8221;Calculation Programs&#8221;][vc_column_text] SkanDek is pro-active! \u2013 Always an updated calculation program \u2013 adapted to the needs of the engineer SkanDek has chosen to meet the engineer\u00e2\u20ac\u2122s demand for &#8230; <a title=\"Calculation Programs\" class=\"read-more\" href=\"https:\/\/skandek.dk\/en\/ingenioer\/beregningsprogrammer\/\">Read more<span class=\"screen-reader-text\">Calculation Programs<\/span><\/a><\/p>\n","protected":false},"author":4,"featured_media":0,"parent":37,"menu_order":0,"comment_status":"closed","ping_status":"closed","template":"","meta":[],"_links":{"self":[{"href":"https:\/\/skandek.dk\/en\/wp-json\/wp\/v2\/pages\/1459"}],"collection":[{"href":"https:\/\/skandek.dk\/en\/wp-json\/wp\/v2\/pages"}],"about":[{"href":"https:\/\/skandek.dk\/en\/wp-json\/wp\/v2\/types\/page"}],"author":[{"embeddable":true,"href":"https:\/\/skandek.dk\/en\/wp-json\/wp\/v2\/users\/4"}],"replies":[{"embeddable":true,"href":"https:\/\/skandek.dk\/en\/wp-json\/wp\/v2\/comments?post=1459"}],"version-history":[{"count":4,"href":"https:\/\/skandek.dk\/en\/wp-json\/wp\/v2\/pages\/1459\/revisions"}],"predecessor-version":[{"id":1575,"href":"https:\/\/skandek.dk\/en\/wp-json\/wp\/v2\/pages\/1459\/revisions\/1575"}],"up":[{"embeddable":true,"href":"https:\/\/skandek.dk\/en\/wp-json\/wp\/v2\/pages\/37"}],"wp:attachment":[{"href":"https:\/\/skandek.dk\/en\/wp-json\/wp\/v2\/media?parent=1459"}],"curies":[{"name":"wp","href":"https:\/\/api.w.org\/{rel}","templated":true}]}}