{"id":1080,"date":"2015-11-30T08:29:01","date_gmt":"2015-11-30T08:29:01","guid":{"rendered":"http:\/\/test.skandek.dk\/?page_id=1080"},"modified":"2015-12-07T15:08:26","modified_gmt":"2015-12-07T15:08:26","slug":"skandek-brand","status":"publish","type":"page","link":"https:\/\/skandek.dk\/en\/arkitekt\/skandek-brand\/","title":{"rendered":"SkanDek Fire"},"content":{"rendered":"<p>[vc_row][vc_column width=&#8221;2\/3&#8243; css=&#8221;.vc_custom_1447163416332{border-top-width: 1px !important;border-right-width: 1px !important;border-bottom-width: 1px !important;border-left-width: 1px !important;border-left-color: #777777 !important;border-left-style: solid !important;border-right-color: #777777 !important;border-right-style: solid !important;border-top-color: #777777 !important;border-top-style: solid !important;border-bottom-color: #777777 !important;border-bottom-style: solid !important;}&#8221;][vc_text_separator title=&#8221;SkanDek Fire&#8221;][vc_column_text]<\/p>\n<div id=\"c2849\" class=\"csc-default\">\n<div class=\"csc-textpic csc-textpic-center csc-textpic-above\">\n<div class=\"csc-textpic-text\">\n<div id=\"c2764\" class=\"csc-default\">\n<div class=\"csc-textpic csc-textpic-center csc-textpic-below\">\n<div class=\"csc-textpic-text\">\n<div id=\"c2912\" class=\"csc-default\">\n<div class=\"csc-textpic csc-textpic-center csc-textpic-below\">\n<div class=\"csc-textpic-text\">\n<div id=\"c1752\" class=\"csc-default\">\n<div class=\"csc-textpic csc-textpic-intext-right\">\n<div class=\"csc-textpic-text\">\n<div id=\"c1757\" class=\"csc-default\">\n<p class=\"bodytext\"><b>Forskellige opbygninger<\/b><\/p>\n<p class=\"bodytext\">DBI &#8211; Dansk Brand- og sikringsteknisk Institut &#8211; har udf\u00f8rt flere fuldskala brandfors\u00f8g p\u00e5 SkanDeks elementer.<\/p>\n<p class=\"bodytext\">Det har resulteret i en r\u00e6kke forskellige opbygningsmuligheder, afh\u00e6ngig af brandkravet. Nedenfor er oplistet de mest almindelige opbygninger.<\/p>\n<ul>\n<li><a class=\"download\" title=\"Initiates file download\" href=\"\/wp-content\/pdf\/BS-30__REI_30__godkendelse.pdf\" target=\"_blank\"><b>REI 30 \/ BS-30<\/b><\/a>. Loft med st\u00e5ltrapezplader.<\/li>\n<li><a class=\"download\" title=\"Opens internal link in current window\" href=\"\/wp-content\/pdf\/BS-60__REI_60_.pdf\" target=\"_blank\"><b>REI 60 \/ BS-60<\/b><\/a>. Loft af 20 mm trykfast rockwool med en perforeret st\u00e5ltrapezplade under.<\/li>\n<li><a class=\"download\" title=\"Initiates file download\" href=\"\/wp-content\/pdf\/BD-30__REI_30__forskalling_og_gips.pdf\" target=\"_blank\"><b>BD-30<\/b><\/a>. Loft med forskalling og gipsplader.<\/li>\n<li><a class=\"download\" title=\"Initiates file download\" href=\"\/wp-content\/pdf\/BS-30___BS-60_med_gips__REI_.pdf\" target=\"_blank\"><b>BS-60<\/b><\/a>. Loft med st\u00e5ltrapezplader bekl\u00e6dt med brandgips.<\/li>\n<li><a class=\"download\" title=\"Initiates file download\" href=\"\/wp-content\/pdf\/BD-60__REI_60__forskalling_og_gips-traebeton.pdf\" target=\"_blank\"><b>BD-60<\/b><\/a>. Mineraluld fastholdt mellem forskalling, bekl\u00e6dt in situ med enten gips eller tr\u00e6betonplader.<\/li>\n<li><a class=\"download\" title=\"Initiates file download\" href=\"\/wp-content\/pdf\/BS-60__REI_60__traekbaand_TF-20.pdf\" target=\"_blank\"><b>BS-60.<\/b><\/a> 20 mm trykfast mineraluld fastholdt med vindtr\u00e6ksb\u00e5nd pr. 400 mm til overliggende st\u00e5ltrapezplade.<\/li>\n<\/ul>\n<\/div>\n<\/div>\n<\/div>\n<\/div>\n<\/div>\n<\/div>\n<\/div>\n<\/div>\n<\/div>\n<\/div>\n<\/div>\n<\/div>\n<\/div>\n<p>[\/vc_column_text][vc_single_image image=&#8221;1415&#8243; img_size=&#8221;full&#8221; alignment=&#8221;center&#8221; onclick=&#8221;link_image&#8221; css_animation=&#8221;top-to-bottom&#8221;][\/vc_column][vc_column width=&#8221;1\/3&#8243;][vc_single_image image=&#8221;1416&#8243; img_size=&#8221;full&#8221; alignment=&#8221;center&#8221; onclick=&#8221;link_image&#8221; css_animation=&#8221;top-to-bottom&#8221;][vc_column_text css_animation=&#8221;left-to-right&#8221; css=&#8221;.vc_custom_1449498053080{margin-top: -20px !important;margin-bottom: 0px !important;}&#8221;]18 mm st\u00e5ltrapezplade, bekl\u00e6dt med brandgips in situ (eksl.) for overholdelse af BS-60 \/ REI 60.[\/vc_column_text][vc_single_image image=&#8221;1417&#8243; img_size=&#8221;full&#8221; alignment=&#8221;center&#8221; onclick=&#8221;custom_link&#8221; img_link_target=&#8221;_blank&#8221; css_animation=&#8221;top-to-bottom&#8221; link=&#8221;\/wp-content\/pdf\/Brandsikre_og_Branddroeje_konstruktioner.pdf&#8221;][vc_column_text css_animation=&#8221;left-to-right&#8221; css=&#8221;.vc_custom_1449498204217{margin-top: -20px !important;margin-bottom: 0px !important;}&#8221;]L\u00e6s mere om brandsikre og branddr\u00f8je konstruktioner her<\/p>\n<h2>Bygselv etaged\u00e6k &#8211; SkanDek<\/h2>\n<p>[\/vc_column_text][vc_single_image image=&#8221;1418&#8243; img_size=&#8221;full&#8221; alignment=&#8221;center&#8221; onclick=&#8221;link_image&#8221; css_animation=&#8221;top-to-bottom&#8221;][vc_column_text css_animation=&#8221;left-to-right&#8221; css=&#8221;.vc_custom_1449498230002{margin-top: -20px !important;margin-bottom: 0px !important;}&#8221;]<\/p>\n<h2>Bygselv tag &#8211; SkanDek<\/h2>\n<p>[\/vc_column_text][vc_single_image image=&#8221;1420&#8243; img_size=&#8221;full&#8221; alignment=&#8221;center&#8221; onclick=&#8221;link_image&#8221; css_animation=&#8221;top-to-bottom&#8221;][\/vc_column][\/vc_row]<\/p>","protected":false},"excerpt":{"rendered":"<p>[vc_row][vc_column width=&#8221;2\/3&#8243; css=&#8221;.vc_custom_1447163416332{border-top-width: 1px !important;border-right-width: 1px !important;border-bottom-width: 1px !important;border-left-width: 1px !important;border-left-color: #777777 !important;border-left-style: solid !important;border-right-color: #777777 !important;border-right-style: solid !important;border-top-color: #777777 !important;border-top-style: solid !important;border-bottom-color: #777777 !important;border-bottom-style: solid !important;}&#8221;][vc_text_separator title=&#8221;SkanDek Fire&#8221;][vc_column_text] Forskellige opbygninger DBI &#8211; Dansk Brand- og sikringsteknisk Institut &#8211; har udf\u00f8rt flere fuldskala brandfors\u00f8g p\u00e5 SkanDeks elementer. Det har resulteret i en r\u00e6kke forskellige opbygningsmuligheder, &#8230; <a title=\"SkanDek Fire\" class=\"read-more\" href=\"https:\/\/skandek.dk\/en\/arkitekt\/skandek-brand\/\">Read more<span class=\"screen-reader-text\">SkanDek Fire<\/span><\/a><\/p>\n","protected":false},"author":4,"featured_media":0,"parent":35,"menu_order":0,"comment_status":"closed","ping_status":"closed","template":"","meta":[],"_links":{"self":[{"href":"https:\/\/skandek.dk\/en\/wp-json\/wp\/v2\/pages\/1080"}],"collection":[{"href":"https:\/\/skandek.dk\/en\/wp-json\/wp\/v2\/pages"}],"about":[{"href":"https:\/\/skandek.dk\/en\/wp-json\/wp\/v2\/types\/page"}],"author":[{"embeddable":true,"href":"https:\/\/skandek.dk\/en\/wp-json\/wp\/v2\/users\/4"}],"replies":[{"embeddable":true,"href":"https:\/\/skandek.dk\/en\/wp-json\/wp\/v2\/comments?post=1080"}],"version-history":[{"count":5,"href":"https:\/\/skandek.dk\/en\/wp-json\/wp\/v2\/pages\/1080\/revisions"}],"predecessor-version":[{"id":1423,"href":"https:\/\/skandek.dk\/en\/wp-json\/wp\/v2\/pages\/1080\/revisions\/1423"}],"up":[{"embeddable":true,"href":"https:\/\/skandek.dk\/en\/wp-json\/wp\/v2\/pages\/35"}],"wp:attachment":[{"href":"https:\/\/skandek.dk\/en\/wp-json\/wp\/v2\/media?parent=1080"}],"curies":[{"name":"wp","href":"https:\/\/api.w.org\/{rel}","templated":true}]}}