{"id":1078,"date":"2015-11-30T08:28:33","date_gmt":"2015-11-30T08:28:33","guid":{"rendered":"http:\/\/test.skandek.dk\/?page_id=1078"},"modified":"2015-12-15T07:33:25","modified_gmt":"2015-12-15T07:33:25","slug":"brand","status":"publish","type":"page","link":"https:\/\/skandek.dk\/en\/arkitekt\/brand\/","title":{"rendered":"Fire"},"content":{"rendered":"<p>[vc_row][vc_column width=&#8221;2\/3&#8243; css=&#8221;.vc_custom_1447163416332{border-top-width: 1px !important;border-right-width: 1px !important;border-bottom-width: 1px !important;border-left-width: 1px !important;border-left-color: #777777 !important;border-left-style: solid !important;border-right-color: #777777 !important;border-right-style: solid !important;border-top-color: #777777 !important;border-top-style: solid !important;border-bottom-color: #777777 !important;border-bottom-style: solid !important;}&#8221;][vc_text_separator title=&#8221;Fire&#8221;][vc_column_text]<\/p>\n<div id=\"c2849\" class=\"csc-default\">\n<div class=\"csc-textpic csc-textpic-center csc-textpic-above\">\n<div class=\"csc-textpic-text\">\n<div id=\"c2764\" class=\"csc-default\">\n<div class=\"csc-textpic csc-textpic-center csc-textpic-below\">\n<div class=\"csc-textpic-text\">\n<div id=\"c2912\" class=\"csc-default\">\n<div class=\"csc-textpic csc-textpic-center csc-textpic-below\">\n<div class=\"csc-textpic-text\">\n<div id=\"c1752\" class=\"csc-default\">\n<div class=\"csc-textpic csc-textpic-intext-right\">\n<div class=\"csc-textpic-text\">\n<div id=\"c1757\" class=\"csc-default\">\n<p class=\"bodytext\">SkanDek roof panels are unique when it comes to fire retardant roofing systems. SkanDek\u00e2\u20ac\u2122s panels inhibit the spread of fire since the supporting materials in the panels are non-flammable and fire inhibiting<\/p>\n<p class=\"bodytext\">Even without fire protection Skandek\u00e2\u20ac\u2122s panels, with a steel-trapeze plate on the ceiling, can achieve fire resistance of up to 30 minutes. If the ceiling side is covered with rigid insulation or gypsum boards, the SkanDek plates can achieve fire resistance of up to 60 minutes.<\/p>\n<p class=\"bodytext\">Steel-roof panels with mineral wool fitted between spaced wooden boarding can achieve fire resistance of up to 60 minutes, if two layers of plaster or one layer of 25 mm concrete wood is retro-fitted on the underside of the roof construction<\/p>\n<\/div>\n<\/div>\n<\/div>\n<\/div>\n<\/div>\n<\/div>\n<\/div>\n<\/div>\n<\/div>\n<\/div>\n<\/div>\n<\/div>\n<\/div>\n<p>[\/vc_column_text][vc_single_image image=&#8221;1413&#8243; img_size=&#8221;full&#8221; alignment=&#8221;center&#8221; onclick=&#8221;link_image&#8221; css_animation=&#8221;top-to-bottom&#8221;][vc_column_text]<\/p>\n<div id=\"c2849\" class=\"csc-default\">\n<div class=\"csc-textpic csc-textpic-center csc-textpic-above\">\n<div class=\"csc-textpic-text\">\n<div id=\"c2764\" class=\"csc-default\">\n<div class=\"csc-textpic csc-textpic-center csc-textpic-below\">\n<div class=\"csc-textpic-text\">\n<div id=\"c2912\" class=\"csc-default\">\n<div class=\"csc-textpic csc-textpic-center csc-textpic-below\">\n<div class=\"csc-textpic-text\">\n<div id=\"c1752\" class=\"csc-default\">\n<div class=\"csc-textpic csc-textpic-intext-right\">\n<div class=\"csc-textpic-text\">\n<div id=\"c1757\" class=\"csc-default\">\n<div id=\"c2794\" class=\"csc-default\">\n<div class=\"csc-textpic csc-textpic-intext-right\">\n<div class=\"csc-textpic-text\">\n<p class=\"bodytext\"><b>Combustible enclosure replacement<\/b><\/p>\n<p class=\"bodytext\">Avoid dangerous combustible enclosures on the roof by having the SkanDek panels made as REI 60 <i>(see extent and fire classes in the link to SBI directions below).<\/i><\/p>\n<p class=\"bodytext\"><b>Avoid class 1 covering of steel-trapeze plates over suspended ceilings<\/b><\/p>\n<p class=\"bodytext\">Since the supporting parts of the steel-roof box structure are considered non-flammable, class 1 covering under the steel-trapeze plates is not necessary if these are to function as underlay for suspended ceilings <i>(see fire retardant valuations below)<\/i>.<\/p>\n<p class=\"bodytext\"><b>Fire resistance valuation and blueprints<\/b><\/p>\n<ul>\n<li><a class=\"download\" title=\"Initiates file download\" href=\"\/wp-content\/pdf\/SkanD_Funktionskrav.pdf\" target=\"_blank\"><strong>Drawings<\/strong><\/a> of ceiling and roof covering, as well as their functional requirements.<\/li>\n<li><a class=\"download\" title=\"Initiates file download\" href=\"\/wp-content\/pdf\/BD-30__REI_30__forskalling_og_gips.pdf\" target=\"_blank\"><strong>REI 30 \/ BD-30<\/strong><\/a>: Ceiling with spacing boards and gypsum boards.<\/li>\n<li><a class=\"download\" title=\"Initiates file download\" href=\"\/wp-content\/pdf\/BS-30__REI_30__godkendelse.pdf\" target=\"_blank\"><strong>REI 30 \/ BS-30<\/strong><\/a>: Ceiling with steel-trapeze plates.<\/li>\n<li><a class=\"download\" title=\"Opens internal link in current window\" href=\"\/wp-content\/pdf\/BS-60__REI_60_.pdf\" target=\"_blank\"><strong>REI 60 \/ BS-60<\/strong><\/a>: Ceiling made of 20 mm rigid Rockwool with a perforated steel-trapeze plate under <sup>1)<\/sup>.<\/li>\n<li><a class=\"download\" title=\"Initiates file download\" href=\"\/wp-content\/pdf\/BS-30___BS-60_med_gips__REI_.pdf\" target=\"_blank\"><strong>REI 60 \/ BS-60<\/strong><\/a>: Ceiling with steel-trapeze plates covered with fireproof plaster board <sup>1)<\/sup>.<\/li>\n<li><a class=\"download\" title=\"Initiates file download\" href=\"\/wp-content\/pdf\/BD-60__REI_60__forskalling_og_gips-traebeton.pdf\" target=\"_blank\"><strong>REI 60 \/ BD-60<\/strong><\/a>: Mineral wool fitted between spacing boards, covered C.I.P with either plaster or concrete wood plates.<\/li>\n<li><a class=\"download\" title=\"Initiates file download\" href=\"\/wp-content\/pdf\/BS-60__REI_60__traekbaand_TF-20.pdf\" target=\"_blank\"><strong>REI 60 \/ BS-60<\/strong><\/a>: 20 mm rigid insulation fitted with wind shield taping per. 400 mm to overlying steel-trapeze plate.<\/li>\n<li>Steel trapeze plate as class 1 covering on ceiling.<\/li>\n<\/ul>\n<p class=\"bodytext\"><b><br \/>\nAnnexes and links re. Combustible enclosures and thin-plate constructions<\/b><\/p>\n<ul>\n<li>SkanDek elements have been testet by <a class=\"external-link-new-window\" title=\"Opens external link in new window\" href=\"http:\/\/en.dbi-net.dk\/\" target=\"_blank\">DBI, Danish Institute of Fire and Security Technology<\/a>. The tests are performed to international and Danish fire test standards, published, amongst others, by CEN, DS, IMO, ISO and Nordtest &#8211; most of them as accredited tests. DBI is accredited by <a class=\"external-link-new-window\" title=\"Opens external link in new window\" href=\"http:\/\/webtool.danak.dk\/Plone\/english\/akkreditering-engelsk\/\" target=\"_blank\">DANAK<\/a>, the national accreditation body in Denmark.<\/li>\n<li><a class=\"external-link-new-window\" title=\"Opens external link in new window\" href=\"http:\/\/rediger.sbi.dk\/br08\/5\/5\/2#paragraph_stk3\" target=\"_blank\"><strong>SBI Direction, Section 5.5.2<\/strong><\/a> re, combustible chamber substitution fire and smoke spread.<\/li>\n<li><a class=\"download\" title=\"Initiates file download\" href=\"https:\/\/skandek.dkfileadmin\/user_upload\/dokumentationer\/brandrapporter\/Staaltrapezplader_og_brand__2007_.pdf\" target=\"_blank\"><strong>Note; Steel trapeze roofing, fire<\/strong><\/a>. Thin metal plating June 2007.<\/li>\n<li>When designing smoke ventilation, please refer to DS 428, <a class=\"external-link-new-window\" title=\"Opens external link in new window\" href=\"http:\/\/www.ebst.dk\/br08.dk\/br07_00_id81\/0\/54\/1\" target=\"_blank\">and the Danish Enterprise and Construction Authority.<\/a><\/li>\n<\/ul>\n<p class=\"bodytext\"><i>1)The reason why the BS-60 fire retardant valuation does not agree with the new REI 60 A2-s1,d0, is that the test methods and material classifications are not the same as in the previous national requirements to achieve material classification A.<\/i><\/p>\n<\/div>\n<\/div>\n<\/div>\n<div id=\"c3079\" class=\"csc-default\">\n<p class=\"bodytext\"><b>Undg\u00e5 klasse 1 bekl\u00e6dning af st\u00e5ltrapezplader over nedstroppede lofter.<\/b><\/p>\n<p class=\"bodytext\">Da de b\u00e6rende dele af st\u00e5ltagkassetten kan anses for at v\u00e6re ubrandbare, kan man spare eftermontering af klasse 1 bekl\u00e6dning under st\u00e5ltrapezpladerne, hvis disse skal fungere som underlag for nedstroppede lofter <i>(<a class=\"download\" title=\"Initiates file download\" href=\"\/wp-content\/pdf\/PH12547_RW_KL1_20040404.pdf\">se brandbed\u00f8mmelse<\/a>).<\/i><\/p>\n<p class=\"bodytext\">Bilag og links vedr. brandkamme og tyndpladekonstruktioner.<\/p>\n<ul>\n<li><a class=\"download\" title=\"Initiates file download\" href=\"\/wp-content\/pdf\/Staaltrapezplader_og_brand__2007_.pdf\" target=\"_blank\"><b>Notat: St\u00e5ltrapezplader og brand<\/b><\/a>. Tyndpladegruppen, juni 2007.<\/li>\n<li>Ved dimensionering af brandventilation, henvises til DS 428, <a class=\"external-link-new-window\" title=\"Opens external link in new window\" href=\"http:\/\/www.ebst.dk\/\">Erhvervs- og Byggestyrelsen<\/a> samt DBI Vejledning 27.<\/li>\n<li><a class=\"external-link-new-window\" title=\"Opens external link in new window\" href=\"http:\/\/www.brs.dk\/\">Beredskabsstyrelsens hjemmeside<\/a>, lovkrav om brand efter Tekniske Forskrifter.<\/li>\n<\/ul>\n<\/div>\n<\/div>\n<\/div>\n<\/div>\n<\/div>\n<\/div>\n<\/div>\n<\/div>\n<\/div>\n<\/div>\n<\/div>\n<\/div>\n<\/div>\n<\/div>\n<p>[\/vc_column_text][\/vc_column][\/vc_row]<\/p>","protected":false},"excerpt":{"rendered":"<p>[vc_row][vc_column width=&#8221;2\/3&#8243; css=&#8221;.vc_custom_1447163416332{border-top-width: 1px !important;border-right-width: 1px !important;border-bottom-width: 1px !important;border-left-width: 1px !important;border-left-color: #777777 !important;border-left-style: solid !important;border-right-color: #777777 !important;border-right-style: solid !important;border-top-color: #777777 !important;border-top-style: solid !important;border-bottom-color: #777777 !important;border-bottom-style: solid !important;}&#8221;][vc_text_separator title=&#8221;Fire&#8221;][vc_column_text] SkanDek roof panels are unique when it comes to fire retardant roofing systems. SkanDek\u00e2\u20ac\u2122s panels inhibit the spread of fire since the supporting materials in the panels &#8230; <a title=\"Fire\" class=\"read-more\" href=\"https:\/\/skandek.dk\/en\/arkitekt\/brand\/\">Read more<span class=\"screen-reader-text\">Fire<\/span><\/a><\/p>\n","protected":false},"author":4,"featured_media":0,"parent":35,"menu_order":0,"comment_status":"closed","ping_status":"closed","template":"","meta":[],"_links":{"self":[{"href":"https:\/\/skandek.dk\/en\/wp-json\/wp\/v2\/pages\/1078"}],"collection":[{"href":"https:\/\/skandek.dk\/en\/wp-json\/wp\/v2\/pages"}],"about":[{"href":"https:\/\/skandek.dk\/en\/wp-json\/wp\/v2\/types\/page"}],"author":[{"embeddable":true,"href":"https:\/\/skandek.dk\/en\/wp-json\/wp\/v2\/users\/4"}],"replies":[{"embeddable":true,"href":"https:\/\/skandek.dk\/en\/wp-json\/wp\/v2\/comments?post=1078"}],"version-history":[{"count":3,"href":"https:\/\/skandek.dk\/en\/wp-json\/wp\/v2\/pages\/1078\/revisions"}],"predecessor-version":[{"id":1785,"href":"https:\/\/skandek.dk\/en\/wp-json\/wp\/v2\/pages\/1078\/revisions\/1785"}],"up":[{"embeddable":true,"href":"https:\/\/skandek.dk\/en\/wp-json\/wp\/v2\/pages\/35"}],"wp:attachment":[{"href":"https:\/\/skandek.dk\/en\/wp-json\/wp\/v2\/media?parent=1078"}],"curies":[{"name":"wp","href":"https:\/\/api.w.org\/{rel}","templated":true}]}}