{"id":1072,"date":"2015-11-30T08:27:15","date_gmt":"2015-11-30T08:27:15","guid":{"rendered":"http:\/\/test.skandek.dk\/?page_id=1072"},"modified":"2017-04-07T13:20:28","modified_gmt":"2017-04-07T13:20:28","slug":"skandek","status":"publish","type":"page","link":"https:\/\/skandek.dk\/en\/arkitekt\/skandek\/","title":{"rendered":"SkanDek"},"content":{"rendered":"<p>[vc_row][vc_column width=&#8221;2\/3&#8243; css=&#8221;.vc_custom_1447163416332{border-top-width: 1px !important;border-right-width: 1px !important;border-bottom-width: 1px !important;border-left-width: 1px !important;border-left-color: #777777 !important;border-left-style: solid !important;border-right-color: #777777 !important;border-right-style: solid !important;border-top-color: #777777 !important;border-top-style: solid !important;border-bottom-color: #777777 !important;border-bottom-style: solid !important;}&#8221;][vc_text_separator title=&#8221;SkanDek&#8221;][vc_column_text]<\/p>\n<div id=\"c2849\" class=\"csc-default\">\n<div class=\"csc-textpic csc-textpic-center csc-textpic-above\">\n<div class=\"csc-textpic-text\">\n<div id=\"c2764\" class=\"csc-default\">\n<div class=\"csc-textpic csc-textpic-center csc-textpic-below\">\n<div class=\"csc-textpic-text\">\n<div id=\"c2912\" class=\"csc-default\">\n<div class=\"csc-textpic csc-textpic-center csc-textpic-below\">\n<div class=\"csc-textpic-text\">\n<div id=\"c1752\" class=\"csc-default\">\n<div class=\"csc-textpic csc-textpic-intext-right\">\n<div class=\"csc-textpic-text\">\n<div id=\"c1757\" class=\"csc-default\">\n<p><strong>Element Structure<\/strong><\/p>\n<p>The traditional SkanDek elements, built up with box beams.<\/p>\n<p>Beams shells are beg shifted from each other, to form sleek eaves of half the thickness.\u00a0 The client and architects can choose whether they want a cantilevered upper or lower part.<\/p>\n<\/div>\n<\/div>\n<\/div>\n<\/div>\n<\/div>\n<\/div>\n<\/div>\n<\/div>\n<\/div>\n<\/div>\n<\/div>\n<\/div>\n<\/div>\n<p>[\/vc_column_text][vc_single_image image=&#8221;1386&#8243; img_size=&#8221;full&#8221; alignment=&#8221;center&#8221; onclick=&#8221;custom_link&#8221; img_link_target=&#8221;_blank&#8221; css_animation=&#8221;top-to-bottom&#8221; link=&#8221;\/wp-content\/pdf\/Tagudhaeng_Moellegade.pdf&#8221;][vc_column_text]<\/p>\n<div id=\"c2849\" class=\"csc-default\">\n<div class=\"csc-textpic csc-textpic-center csc-textpic-above\">\n<div class=\"csc-textpic-text\">\n<div id=\"c2764\" class=\"csc-default\">\n<div class=\"csc-textpic csc-textpic-center csc-textpic-below\">\n<div class=\"csc-textpic-text\">\n<div id=\"c2912\" class=\"csc-default\">\n<div class=\"csc-textpic csc-textpic-center csc-textpic-below\">\n<div class=\"csc-textpic-text\">\n<div id=\"c1752\" class=\"csc-default\">\n<div class=\"csc-textpic csc-textpic-intext-right\">\n<div class=\"csc-textpic-text\">\n<div id=\"c1757\" class=\"csc-default\">\n<p class=\"bodytext\"><em>Typisk tagudh\u00e6ng til penthouse. Den \u00f8verste halvdel af SkanDek-bj\u00e6lken er udkraget, for at danne et slankt tagudh\u00e6ng (klik p\u00e5 grafik for A3 PDF).<\/em><\/p>\n<\/div>\n<\/div>\n<\/div>\n<\/div>\n<\/div>\n<\/div>\n<\/div>\n<\/div>\n<\/div>\n<\/div>\n<\/div>\n<\/div>\n<\/div>\n<p>[\/vc_column_text][vc_column_text]<\/p>\n<div id=\"c2849\" class=\"csc-default\">\n<div class=\"csc-textpic csc-textpic-center csc-textpic-above\">\n<div class=\"csc-textpic-text\">\n<div id=\"c2764\" class=\"csc-default\">\n<div class=\"csc-textpic csc-textpic-center csc-textpic-below\">\n<div class=\"csc-textpic-text\">\n<div id=\"c2912\" class=\"csc-default\">\n<div class=\"csc-textpic csc-textpic-center csc-textpic-below\">\n<div class=\"csc-textpic-text\">\n<div id=\"c1752\" class=\"csc-default\">\n<div class=\"csc-textpic csc-textpic-intext-right\">\n<div class=\"csc-textpic-text\">\n<div id=\"c1757\" class=\"csc-default\">\n<p>Typically eaves to penthouses. The upper half of SkanDek beam is cantilevered to form slim eaves (click the graphic for A3 PDF).<\/p>\n<p><strong>Hidden fees.<\/strong><\/p>\n<p>SkanDek has complied with several architects&#8217; desire to develop a solution that enables the ceilings and the underside of the steel frame can be flush to each other. The roof will thus appear as a light and &#8220;floating roof&#8221;.<\/p>\n<\/div>\n<\/div>\n<\/div>\n<\/div>\n<\/div>\n<\/div>\n<\/div>\n<\/div>\n<\/div>\n<\/div>\n<\/div>\n<\/div>\n<\/div>\n<p>[\/vc_column_text][vc_single_image image=&#8221;1390&#8243; img_size=&#8221;full&#8221; alignment=&#8221;center&#8221; onclick=&#8221;custom_link&#8221; img_link_target=&#8221;_blank&#8221; css_animation=&#8221;top-to-bottom&#8221; link=&#8221;\/wp-content\/pdf\/601.pdf&#8221;][vc_row_inner][vc_column_inner width=&#8221;1\/2&#8243;][vc_column_text]<\/p>\n<div id=\"c2849\" class=\"csc-default\">\n<div class=\"csc-textpic csc-textpic-center csc-textpic-above\">\n<div class=\"csc-textpic-text\">\n<div id=\"c2764\" class=\"csc-default\">\n<div class=\"csc-textpic csc-textpic-center csc-textpic-below\">\n<div class=\"csc-textpic-text\">\n<div id=\"c2912\" class=\"csc-default\">\n<div class=\"csc-textpic csc-textpic-center csc-textpic-below\">\n<div class=\"csc-textpic-text\">\n<div id=\"c1752\" class=\"csc-default\">\n<div class=\"csc-textpic csc-textpic-intext-right\">\n<div class=\"csc-textpic-text\">\n<div id=\"c1757\" class=\"csc-default\">\n<p><strong>Connector Block.<\/strong><\/p>\n<p>Under traditional SkanDek elements offer SkanDek, besides cantilever trusses, also jack rafters, which are placed along the element. Connector Block typically cantilevered 0.5 meters &#8211; the most powerful types can be cantilevered about 1.0 meters.<\/p>\n<\/div>\n<\/div>\n<\/div>\n<\/div>\n<\/div>\n<\/div>\n<\/div>\n<\/div>\n<\/div>\n<\/div>\n<\/div>\n<\/div>\n<\/div>\n<p>[\/vc_column_text][\/vc_column_inner][vc_column_inner width=&#8221;1\/2&#8243;][vc_single_image image=&#8221;1391&#8243; img_size=&#8221;full&#8221; alignment=&#8221;center&#8221; onclick=&#8221;link_image&#8221; css_animation=&#8221;top-to-bottom&#8221;][\/vc_column_inner][\/vc_row_inner][vc_column_text]<\/p>\n<div id=\"c2849\" class=\"csc-default\">\n<div class=\"csc-textpic csc-textpic-center csc-textpic-above\">\n<div class=\"csc-textpic-text\">\n<div id=\"c2764\" class=\"csc-default\">\n<div class=\"csc-textpic csc-textpic-center csc-textpic-below\">\n<div class=\"csc-textpic-text\">\n<div id=\"c2912\" class=\"csc-default\">\n<div class=\"csc-textpic csc-textpic-center csc-textpic-below\">\n<div class=\"csc-textpic-text\">\n<div id=\"c1752\" class=\"csc-default\">\n<div class=\"csc-textpic csc-textpic-intext-right\">\n<div class=\"csc-textpic-text\">\n<div id=\"c1757\" class=\"csc-default\">\n<div id=\"c2657\" class=\"csc-default\">\n<div class=\"csc-textpic csc-textpic-intext-right\">\n<div class=\"csc-textpic-text\">\n<p><strong>Design The Connector Block.<\/strong><\/p>\n<p>Design The Connector Block.<\/p>\n<p>Rafter connector can makes in many different variations. It can carry out throughout the height of the bar or half bar height. Furthermore, they may also be made inclined.<\/p>\n<p><strong>Installation options:<\/strong><\/p>\n<p>For flat roofs will jack rafters often used in the gables, because it spans across the building.<\/p>\n<p>By saddle tags constructions \/ console roof, tight SkanDek elements often along the building, as this provide optimal construction , in terms of stability, cost and reducing wear lines. These buildings use plug bulbs lengthwise of the building. The bulbs have an architectural value; meanwhile they reduce the glare\u2019s sun, without compromising the flow of days light into the room.<\/p>\n<p>Appendix:<\/p>\n<\/div>\n<\/div>\n<\/div>\n<div id=\"c2647\" class=\"csc-default csc-space-before-15\">\n<p class=\"bodytext\"><b>Bilag:<\/b><\/p>\n<ul>\n<li>Download details of the eaves as <a class=\"download\" title=\"Initiates file download\" href=\"\/wp-content\/pdf\/SkanD_Tagudhaeng.pdf\" target=\"_blank\">PDF<\/a>\u00a0or\u00a0<a class=\"download\" title=\"Initiates file download\" href=\"\/wp-content\/draw\/SkanD_Tagudhaeng.zip\" target=\"_blank\">DWG<\/a>.<\/li>\n<\/ul>\n<\/div>\n<\/div>\n<\/div>\n<\/div>\n<\/div>\n<\/div>\n<\/div>\n<\/div>\n<\/div>\n<\/div>\n<\/div>\n<\/div>\n<\/div>\n<\/div>\n<p>[\/vc_column_text][\/vc_column][vc_column width=&#8221;1\/3&#8243;][vc_single_image image=&#8221;1385&#8243; img_size=&#8221;full&#8221; alignment=&#8221;center&#8221; onclick=&#8221;link_image&#8221; css_animation=&#8221;top-to-bottom&#8221;][\/vc_column][\/vc_row][vc_row][vc_column][\/vc_column][\/vc_row]<\/p>","protected":false},"excerpt":{"rendered":"<p>[vc_row][vc_column width=&#8221;2\/3&#8243; css=&#8221;.vc_custom_1447163416332{border-top-width: 1px !important;border-right-width: 1px !important;border-bottom-width: 1px !important;border-left-width: 1px !important;border-left-color: #777777 !important;border-left-style: solid !important;border-right-color: #777777 !important;border-right-style: solid !important;border-top-color: #777777 !important;border-top-style: solid !important;border-bottom-color: #777777 !important;border-bottom-style: solid !important;}&#8221;][vc_text_separator title=&#8221;SkanDek&#8221;][vc_column_text] Element Structure The traditional SkanDek elements, built up with box beams. Beams shells are beg shifted from each other, to form sleek eaves of half the thickness.\u00a0 &#8230; <a title=\"SkanDek\" class=\"read-more\" href=\"https:\/\/skandek.dk\/en\/arkitekt\/skandek\/\">Read more<span class=\"screen-reader-text\">SkanDek<\/span><\/a><\/p>\n","protected":false},"author":4,"featured_media":0,"parent":35,"menu_order":0,"comment_status":"closed","ping_status":"closed","template":"","meta":[],"_links":{"self":[{"href":"https:\/\/skandek.dk\/en\/wp-json\/wp\/v2\/pages\/1072"}],"collection":[{"href":"https:\/\/skandek.dk\/en\/wp-json\/wp\/v2\/pages"}],"about":[{"href":"https:\/\/skandek.dk\/en\/wp-json\/wp\/v2\/types\/page"}],"author":[{"embeddable":true,"href":"https:\/\/skandek.dk\/en\/wp-json\/wp\/v2\/users\/4"}],"replies":[{"embeddable":true,"href":"https:\/\/skandek.dk\/en\/wp-json\/wp\/v2\/comments?post=1072"}],"version-history":[{"count":12,"href":"https:\/\/skandek.dk\/en\/wp-json\/wp\/v2\/pages\/1072\/revisions"}],"predecessor-version":[{"id":2398,"href":"https:\/\/skandek.dk\/en\/wp-json\/wp\/v2\/pages\/1072\/revisions\/2398"}],"up":[{"embeddable":true,"href":"https:\/\/skandek.dk\/en\/wp-json\/wp\/v2\/pages\/35"}],"wp:attachment":[{"href":"https:\/\/skandek.dk\/en\/wp-json\/wp\/v2\/media?parent=1072"}],"curies":[{"name":"wp","href":"https:\/\/api.w.org\/{rel}","templated":true}]}}