{"id":1058,"date":"2015-11-30T08:22:33","date_gmt":"2015-11-30T08:22:33","guid":{"rendered":"http:\/\/test.skandek.dk\/?page_id=1058"},"modified":"2016-08-30T12:31:17","modified_gmt":"2016-08-30T12:31:17","slug":"effektive-lydforhold","status":"publish","type":"page","link":"https:\/\/skandek.dk\/en\/arkitekt\/effektive-lydforhold\/","title":{"rendered":"Effective sound conditions"},"content":{"rendered":"<p class=\"qtranxs-available-languages-message qtranxs-available-languages-message-en\">Sorry, this entry is only available in <a href=\"https:\/\/skandek.dk\/da\/wp-json\/wp\/v2\/pages\/1058\" class=\"qtranxs-available-language-link qtranxs-available-language-link-da\" title=\"Dansk\">Dansk<\/a>. For the sake of viewer convenience, the content is shown below in the alternative language. You may click the link to switch the active language.<\/p><p>[vc_row][vc_column width=&#8221;2\/3&#8243; css=&#8221;.vc_custom_1447163416332{border-top-width: 1px !important;border-right-width: 1px !important;border-bottom-width: 1px !important;border-left-width: 1px !important;border-left-color: #777777 !important;border-left-style: solid !important;border-right-color: #777777 !important;border-right-style: solid !important;border-top-color: #777777 !important;border-top-style: solid !important;border-bottom-color: #777777 !important;border-bottom-style: solid !important;}&#8221;][vc_text_separator title=&#8221;Effektive lydforhold&#8221;][vc_column_text]<\/p>\n<div id=\"c2849\" class=\"csc-default\">\n<div class=\"csc-textpic csc-textpic-center csc-textpic-above\">\n<div class=\"csc-textpic-text\">\n<div id=\"c2764\" class=\"csc-default\">\n<div class=\"csc-textpic csc-textpic-center csc-textpic-below\">\n<div class=\"csc-textpic-text\">\n<div id=\"c2912\" class=\"csc-default\">\n<div class=\"csc-textpic csc-textpic-center csc-textpic-below\">\n<div class=\"csc-textpic-text\">\n<div id=\"c1752\" class=\"csc-default\">\n<div class=\"csc-textpic csc-textpic-intext-right\">\n<div class=\"csc-textpic-text\">\n<div id=\"c1757\" class=\"csc-default\">\n<div class=\"indent\">\n<p class=\"bodytext\">St\u00f8j har en stor indflydelse p\u00e5 elevernes indl\u00e6ringsevne! St\u00f8j reducerer faktisk b\u00f8rn indl\u00e6ringsevne med op til 20%. Dette faktum g\u00f8r, at man ved nyere skolebyggerier har s\u00e6rlig fokus p\u00e5 efterklangstid og luftlydisolation.<\/p>\n<\/div>\n<div class=\"indent\">\n<p class=\"bodytext\">Efterklangstiden m\u00e5les i sekunder. Jo l\u00e6ngere efterklangstiden er, jo st\u00f8rre er ekkovirkningen. Valget af gulve, v\u00e6gge og lofter har &#8211; ligesom lokalets areal og rummets volumen &#8211; stor indflydelse p\u00e5 efterklangstiden. SkanDeks absorption m\u00e6ssige egenskaber bidrager til en god efterklangstid og dermed et godt arbejdsmilj\u00f8. SkanDek har i samarbejde med Dan Hoffmeyer fra Delta udarbejdet et lydabsorptions-program. Programmet giver beslutningstageren specifik mulighed for at indtaste rummets krav\/specifikationer til akustik. Endvidere har vi sammen udviklet og testet detaljer, der reducerer lyden mellem klasselokaler mere end, hvad erhvervs- og boligstyrelsen har fastsat.<\/p>\n<\/div>\n<\/div>\n<\/div>\n<\/div>\n<\/div>\n<\/div>\n<\/div>\n<\/div>\n<\/div>\n<\/div>\n<\/div>\n<\/div>\n<\/div>\n<\/div>\n<p>[\/vc_column_text][\/vc_column][vc_column width=&#8221;1\/3&#8243;][vc_single_image image=&#8221;80000&#8243; img_size=&#8221;full&#8221; alignment=&#8221;center&#8221; onclick=&#8221;link_image&#8221; css_animation=&#8221;top-to-bottom&#8221;][vc_single_image image=&#8221;1336&#8243; img_size=&#8221;full&#8221; alignment=&#8221;center&#8221; onclick=&#8221;link_image&#8221; css_animation=&#8221;top-to-bottom&#8221;][vc_single_image image=&#8221;1337&#8243; img_size=&#8221;full&#8221; alignment=&#8221;center&#8221; onclick=&#8221;link_image&#8221; css_animation=&#8221;top-to-bottom&#8221;][vc_single_image image=&#8221;1338&#8243; img_size=&#8221;full&#8221; alignment=&#8221;center&#8221; onclick=&#8221;link_image&#8221; css_animation=&#8221;top-to-bottom&#8221;][\/vc_column][\/vc_row]<\/p>","protected":false},"excerpt":{"rendered":"<p>Sorry, this entry is only available in Dansk. For the sake of viewer convenience, the content is shown below in the alternative language. You may click the link to switch the active language.[vc_row][vc_column width=&#8221;2\/3&#8243; css=&#8221;.vc_custom_1447163416332{border-top-width: 1px !important;border-right-width: 1px !important;border-bottom-width: 1px !important;border-left-width: 1px !important;border-left-color: #777777 !important;border-left-style: solid !important;border-right-color: #777777 !important;border-right-style: solid !important;border-top-color: #777777 !important;border-top-style: solid !important;border-bottom-color: &#8230; <a title=\"Effective sound conditions\" class=\"read-more\" href=\"https:\/\/skandek.dk\/en\/arkitekt\/effektive-lydforhold\/\">Read more<span class=\"screen-reader-text\">Effective sound conditions<\/span><\/a><\/p>\n","protected":false},"author":4,"featured_media":0,"parent":35,"menu_order":0,"comment_status":"closed","ping_status":"closed","template":"","meta":[],"_links":{"self":[{"href":"https:\/\/skandek.dk\/en\/wp-json\/wp\/v2\/pages\/1058"}],"collection":[{"href":"https:\/\/skandek.dk\/en\/wp-json\/wp\/v2\/pages"}],"about":[{"href":"https:\/\/skandek.dk\/en\/wp-json\/wp\/v2\/types\/page"}],"author":[{"embeddable":true,"href":"https:\/\/skandek.dk\/en\/wp-json\/wp\/v2\/users\/4"}],"replies":[{"embeddable":true,"href":"https:\/\/skandek.dk\/en\/wp-json\/wp\/v2\/comments?post=1058"}],"version-history":[{"count":3,"href":"https:\/\/skandek.dk\/en\/wp-json\/wp\/v2\/pages\/1058\/revisions"}],"predecessor-version":[{"id":2136,"href":"https:\/\/skandek.dk\/en\/wp-json\/wp\/v2\/pages\/1058\/revisions\/2136"}],"up":[{"embeddable":true,"href":"https:\/\/skandek.dk\/en\/wp-json\/wp\/v2\/pages\/35"}],"wp:attachment":[{"href":"https:\/\/skandek.dk\/en\/wp-json\/wp\/v2\/media?parent=1058"}],"curies":[{"name":"wp","href":"https:\/\/api.w.org\/{rel}","templated":true}]}}